{"id":4,"date":"2017-03-07T11:32:13","date_gmt":"2017-03-07T10:32:13","guid":{"rendered":"https:\/\/www.iqh-institut.de\/?page_id=4"},"modified":"2025-07-03T13:51:31","modified_gmt":"2025-07-03T11:51:31","slug":"impressum","status":"publish","type":"page","link":"https:\/\/www.iqh-institut.de\/sk\/impressum\/","title":{"rendered":"odtla\u010dok"},"content":{"rendered":"<p>In\u0161tit\u00fat pre kvalitu a inov\u00e1cie v dom\u00e1cej starostlivosti gGmbH (IQH)<br \/>\nPaul-Langen-Str. 46<br \/>\n53229 Bonn<br \/>\nzast\u00fapen\u00e1 gener\u00e1lnym riadite\u013eom Fredericom Seebohmom (kontakt: geschaeftsfuehrung@iqh-institut.de)<\/p>\n<p>Zodpovedn\u00fd dozorn\u00fd org\u00e1n: da\u0148ov\u00fd \u00farad v Saarb\u00fcckene<\/p>\n<p><strong>Pod\u013ea \u00a7 5 TMG:<\/strong><br \/>\nIn\u0161tit\u00fat pre kvalitu a inov\u00e1cie v dom\u00e1cej starostlivosti gGmbH (IQH)<br \/>\nPaul-Langen-Str. 46<br \/>\n53229 Bonn<\/p>\n<p><strong>Reprezentovan\u00fd:<\/strong><br \/>\nFrederic Seebohm<\/p>\n<p><strong>Kontakt<\/strong><br \/>\nE-mail: info@iqh-institut.de<\/p>\n<p><strong>Registrova\u0165 z\u00e1znam:<\/strong><br \/>\nRegistra\u010dn\u00fd s\u00fad Bonn<br \/>\nRegistra\u010dn\u00e9 \u010d\u00edslo: HRB 29776<\/p>\n<p><strong>Za obsah zodpoved\u00e1 pod\u013ea \u00a7 55 ods. 2 RStV:<\/strong><br \/>\nIn\u0161tit\u00fat pre kvalitu a inov\u00e1cie v dom\u00e1cej starostlivosti gGmbH (IQH)<br \/>\nPaul-Langen-Str. 46<br \/>\n53229 Bonn<br \/>\nzast\u00fapen\u00e1 gener\u00e1lnym riadite\u013eom Fredericom Seebohmom<\/p>\n<p><strong>Pozn\u00e1mka k urovn\u00e1vaniu sporov v E\u00da:<\/strong><br \/>\nEur\u00f3pska komisia poskytuje platformu na rie\u0161enie sporov online (OS): http:\/\/ec.europa.eu\/consumers\/odr<\/p>\n<p><strong>Obr\u00e1zky<\/strong><br \/>\nCopyright by Depositphotos<\/p>\n<p><strong>Vyl\u00fa\u010denie zodpovednosti<\/strong><\/p>\n<p>Zodpovednos\u0165 za obsah<br \/>\nAko poskytovate\u013e slu\u017eieb zodpoved\u00e1me za vlastn\u00fd obsah na t\u00fdchto str\u00e1nkach pod\u013ea \u00a7 7 ods. 1 nemeck\u00e9ho z\u00e1kona o telem\u00e9di\u00e1ch (TMG). Pod\u013ea \u00a7\u00a7 8 a\u017e 10 TMG v\u0161ak my ako poskytovate\u013e slu\u017eieb nie sme povinn\u00ed monitorova\u0165 pren\u00e1\u0161an\u00e9 alebo uchov\u00e1van\u00e9 inform\u00e1cie tret\u00edch str\u00e1n ani sk\u00fama\u0165 okolnosti, ktor\u00e9 poukazuj\u00fa na nez\u00e1konn\u00fa \u010dinnos\u0165. Povinnosti odstr\u00e1ni\u0165 alebo zablokova\u0165 pou\u017e\u00edvanie inform\u00e1ci\u00ed pod\u013ea v\u0161eobecn\u00fdch z\u00e1konov zost\u00e1vaj\u00fa nedotknut\u00e9. Zodpovednos\u0165 v tomto smere je v\u0161ak mo\u017en\u00e1 a\u017e od okamihu, ke\u010f je zn\u00e1ma vedomos\u0165 o konkr\u00e9tnom poru\u0161en\u00ed z\u00e1kona. Hne\u010f ako sa dozvieme o akomko\u013evek poru\u0161en\u00ed z\u00e1kona, tento obsah okam\u017eite odstr\u00e1nime.<\/p>\n<p>Zodpovednos\u0165 za odkazy<br \/>\nNa\u0161a ponuka obsahuje odkazy na extern\u00e9 webov\u00e9 str\u00e1nky tret\u00edch str\u00e1n, na ktor\u00fdch obsah nem\u00e1me \u017eiadny vplyv. Preto nem\u00f4\u017eeme prevzia\u0165 \u017eiadnu zodpovednos\u0165 za tento extern\u00fd obsah. Za obsah prepojen\u00fdch str\u00e1nok je v\u017edy zodpovedn\u00fd pr\u00edslu\u0161n\u00fd poskytovate\u013e alebo prev\u00e1dzkovate\u013e str\u00e1nok. Prepojen\u00e9 str\u00e1nky boli v \u010dase prepojenia skontrolovan\u00e9 na mo\u017en\u00e9 poru\u0161enie z\u00e1kona. Neleg\u00e1lny obsah nebol v \u010dase prepojenia rozpoznate\u013en\u00fd. Trval\u00e1 kontrola obsahu prepojen\u00fdch str\u00e1nok v\u0161ak nie je rozumn\u00e1 bez konkr\u00e9tnych d\u00f4kazov o poru\u0161en\u00ed. Hne\u010f ako sa dozvieme o poru\u0161en\u00ed z\u00e1kona, tak\u00e9to odkazy okam\u017eite odstr\u00e1nime.<\/p>\n<p>autorsk\u00e9 pr\u00e1va<br \/>\nObsah a diela na t\u00fdchto str\u00e1nkach vytvoren\u00e9 prev\u00e1dzkovate\u013emi str\u00e1nok podliehaj\u00fa nemeck\u00e9mu autorsk\u00e9mu z\u00e1konu. Rozmno\u017eovanie, \u00faprava, distrib\u00facia a ak\u00fdko\u013evek druh vyu\u017eitia mimo hran\u00edc autorsk\u00fdch pr\u00e1v vy\u017eaduje p\u00edsomn\u00fd s\u00fahlas pr\u00edslu\u0161n\u00e9ho autora alebo tvorcu. S\u0165ahovanie a k\u00f3pie tejto str\u00e1nky s\u00fa povolen\u00e9 len na s\u00fakromn\u00e9, nekomer\u010dn\u00e9 pou\u017eitie. Pokia\u013e obsah na tejto str\u00e1nke nevytvoril prev\u00e1dzkovate\u013e, s\u00fa dodr\u017ean\u00e9 autorsk\u00e9 pr\u00e1va tret\u00edch str\u00e1n. Najm\u00e4 obsahy tret\u00edch str\u00e1n s\u00fa takto ozna\u010den\u00e9. Ak by ste sa napriek tomu dozvedeli o poru\u0161en\u00ed autorsk\u00fdch pr\u00e1v, \u017eiadame v\u00e1s, aby ste n\u00e1s o tom informovali. Hne\u010f ako sa dozvieme o poru\u0161en\u00ed z\u00e1kona, tak\u00fdto obsah okam\u017eite odstr\u00e1nime.<\/p>","protected":false},"excerpt":{"rendered":"<p>Institut f\u00fcr Qualit\u00e4t und Innovation in der h\u00e4uslichen Versorgung gGmbH (IQH) Paul-Langen-Str. 46 53229 Bonn vertreten durch den Gesch\u00e4ftsf\u00fchrer Frederic Seebohm (Kontakt: geschaeftsfuehrung@iqh-institut.de) Zust\u00e4ndige Aufsichtsbeh\u00f6rde: Finanzamt Saarb\u00fccken Angaben gem\u00e4\u00df \u00a7 5 TMG: Institut f\u00fcr Qualit\u00e4t und Innovation in der h\u00e4uslichen Versorgung gGmbH (IQH) Paul-Langen-Str. 46 53229 Bonn Vertreten durch: Frederic Seebohm Kontakt E-Mail: info@iqh-institut.de Registereintrag: [&hellip;]<\/p>","protected":false},"author":2,"featured_media":0,"parent":0,"menu_order":0,"comment_status":"closed","ping_status":"closed","template":"","meta":{"_et_pb_use_builder":"","_et_pb_old_content":"","_et_gb_content_width":""},"acf":[],"yoast_head":"<!-- This site is optimized with the Yoast SEO plugin v20.5 - https:\/\/yoast.com\/wordpress\/plugins\/seo\/ -->\n<title>Impressum - IQH Institut<\/title>\n<meta name=\"robots\" content=\"noindex, nofollow\" \/>\n<meta property=\"og:locale\" content=\"sk_SK\" \/>\n<meta property=\"og:type\" content=\"article\" \/>\n<meta property=\"og:title\" content=\"Impressum - IQH Institut\" \/>\n<meta property=\"og:description\" content=\"Institut f\u00fcr Qualit\u00e4t und Innovation in der h\u00e4uslichen Versorgung gGmbH (IQH) Paul-Langen-Str. 46 53229 Bonn vertreten durch den Gesch\u00e4ftsf\u00fchrer Frederic Seebohm (Kontakt: geschaeftsfuehrung@iqh-institut.de) Zust\u00e4ndige Aufsichtsbeh\u00f6rde: Finanzamt Saarb\u00fccken Angaben gem\u00e4\u00df \u00a7 5 TMG: Institut f\u00fcr Qualit\u00e4t und Innovation in der h\u00e4uslichen Versorgung gGmbH (IQH) Paul-Langen-Str. 46 53229 Bonn Vertreten durch: Frederic Seebohm Kontakt E-Mail: info@iqh-institut.de Registereintrag: [&hellip;]\" \/>\n<meta property=\"og:url\" content=\"https:\/\/www.iqh-institut.de\/sk\/impressum\/\" \/>\n<meta property=\"og:site_name\" content=\"IQH Institut\" \/>\n<meta property=\"article:modified_time\" content=\"2025-07-03T11:51:31+00:00\" \/>\n<meta name=\"twitter:card\" content=\"summary_large_image\" \/>\n<meta name=\"twitter:label1\" content=\"Est. reading time\" \/>\n\t<meta name=\"twitter:data1\" content=\"3 min\u00faty\" \/>\n<script type=\"application\/ld+json\" class=\"yoast-schema-graph\">{\"@context\":\"https:\/\/schema.org\",\"@graph\":[{\"@type\":\"WebPage\",\"@id\":\"https:\/\/www.iqh-institut.de\/impressum\/\",\"url\":\"https:\/\/www.iqh-institut.de\/impressum\/\",\"name\":\"Impressum - IQH Institut\",\"isPartOf\":{\"@id\":\"https:\/\/www.iqh-institut.de\/#website\"},\"datePublished\":\"2017-03-07T10:32:13+00:00\",\"dateModified\":\"2025-07-03T11:51:31+00:00\",\"breadcrumb\":{\"@id\":\"https:\/\/www.iqh-institut.de\/impressum\/#breadcrumb\"},\"inLanguage\":\"sk-SK\",\"potentialAction\":[{\"@type\":\"ReadAction\",\"target\":[\"https:\/\/www.iqh-institut.de\/impressum\/\"]}]},{\"@type\":\"BreadcrumbList\",\"@id\":\"https:\/\/www.iqh-institut.de\/impressum\/#breadcrumb\",\"itemListElement\":[{\"@type\":\"ListItem\",\"position\":1,\"name\":\"Startseite\",\"item\":\"https:\/\/www.iqh-institut.de\/\"},{\"@type\":\"ListItem\",\"position\":2,\"name\":\"Impressum\"}]},{\"@type\":\"WebSite\",\"@id\":\"https:\/\/www.iqh-institut.de\/#website\",\"url\":\"https:\/\/www.iqh-institut.de\/\",\"name\":\"IQH Institut\",\"description\":\"Internationale Akademie f\u00fcr Betreuung und Pflege\",\"publisher\":{\"@id\":\"https:\/\/www.iqh-institut.de\/#organization\"},\"potentialAction\":[{\"@type\":\"SearchAction\",\"target\":{\"@type\":\"EntryPoint\",\"urlTemplate\":\"https:\/\/www.iqh-institut.de\/?s={search_term_string}\"},\"query-input\":\"required name=search_term_string\"}],\"inLanguage\":\"sk-SK\"},{\"@type\":\"Organization\",\"@id\":\"https:\/\/www.iqh-institut.de\/#organization\",\"name\":\"IABP\",\"url\":\"https:\/\/www.iqh-institut.de\/\",\"logo\":{\"@type\":\"ImageObject\",\"inLanguage\":\"sk-SK\",\"@id\":\"https:\/\/www.iqh-institut.de\/#\/schema\/logo\/image\/\",\"url\":\"https:\/\/www.iqh-institut.de\/wp-content\/uploads\/2017\/03\/logo-1.jpg\",\"contentUrl\":\"https:\/\/www.iqh-institut.de\/wp-content\/uploads\/2017\/03\/logo-1.jpg\",\"width\":1500,\"height\":1500,\"caption\":\"IABP\"},\"image\":{\"@id\":\"https:\/\/www.iqh-institut.de\/#\/schema\/logo\/image\/\"}}]}<\/script>\n<!-- \/ Yoast SEO plugin. -->","yoast_head_json":{"title":"Impressum - IQH Institute","robots":{"index":"noindex","follow":"nofollow"},"og_locale":"sk_SK","og_type":"article","og_title":"Impressum - IQH Institut","og_description":"Institut f\u00fcr Qualit\u00e4t und Innovation in der h\u00e4uslichen Versorgung gGmbH (IQH) Paul-Langen-Str. 46 53229 Bonn vertreten durch den Gesch\u00e4ftsf\u00fchrer Frederic Seebohm (Kontakt: geschaeftsfuehrung@iqh-institut.de) Zust\u00e4ndige Aufsichtsbeh\u00f6rde: Finanzamt Saarb\u00fccken Angaben gem\u00e4\u00df \u00a7 5 TMG: Institut f\u00fcr Qualit\u00e4t und Innovation in der h\u00e4uslichen Versorgung gGmbH (IQH) Paul-Langen-Str. 46 53229 Bonn Vertreten durch: Frederic Seebohm Kontakt E-Mail: info@iqh-institut.de Registereintrag: [&hellip;]","og_url":"https:\/\/www.iqh-institut.de\/sk\/impressum\/","og_site_name":"IQH Institut","article_modified_time":"2025-07-03T11:51:31+00:00","twitter_card":"summary_large_image","twitter_misc":{"Est. reading time":"3 min\u00faty"},"schema":{"@context":"https:\/\/schema.org","@graph":[{"@type":"WebPage","@id":"https:\/\/www.iqh-institut.de\/impressum\/","url":"https:\/\/www.iqh-institut.de\/impressum\/","name":"Impressum - IQH Institute","isPartOf":{"@id":"https:\/\/www.iqh-institut.de\/#website"},"datePublished":"2017-03-07T10:32:13+00:00","dateModified":"2025-07-03T11:51:31+00:00","breadcrumb":{"@id":"https:\/\/www.iqh-institut.de\/impressum\/#breadcrumb"},"inLanguage":"sk-SK","potentialAction":[{"@type":"ReadAction","target":["https:\/\/www.iqh-institut.de\/impressum\/"]}]},{"@type":"BreadcrumbList","@id":"https:\/\/www.iqh-institut.de\/impressum\/#breadcrumb","itemListElement":[{"@type":"ListItem","position":1,"name":"Startseite","item":"https:\/\/www.iqh-institut.de\/"},{"@type":"ListItem","position":2,"name":"Impressum"}]},{"@type":"WebSite","@id":"https:\/\/www.iqh-institut.de\/#website","url":"https:\/\/www.iqh-institut.de\/","name":"In\u0161tit\u00fat IQH","description":"Medzin\u00e1rodn\u00e1 akad\u00e9mia pre starostlivos\u0165 a o\u0161etrovate\u013estvo","publisher":{"@id":"https:\/\/www.iqh-institut.de\/#organization"},"potentialAction":[{"@type":"SearchAction","target":{"@type":"EntryPoint","urlTemplate":"https:\/\/www.iqh-institut.de\/?s={search_term_string}"},"query-input":"required name=search_term_string"}],"inLanguage":"sk-SK"},{"@type":"Organization","@id":"https:\/\/www.iqh-institut.de\/#organization","name":"IABP","url":"https:\/\/www.iqh-institut.de\/","logo":{"@type":"ImageObject","inLanguage":"sk-SK","@id":"https:\/\/www.iqh-institut.de\/#\/schema\/logo\/image\/","url":"https:\/\/www.iqh-institut.de\/wp-content\/uploads\/2017\/03\/logo-1.jpg","contentUrl":"https:\/\/www.iqh-institut.de\/wp-content\/uploads\/2017\/03\/logo-1.jpg","width":1500,"height":1500,"caption":"IABP"},"image":{"@id":"https:\/\/www.iqh-institut.de\/#\/schema\/logo\/image\/"}}]}},"lang":"de","translations":{"de":4},"_links":{"self":[{"href":"https:\/\/www.iqh-institut.de\/sk\/wp-json\/wp\/v2\/pages\/4"}],"collection":[{"href":"https:\/\/www.iqh-institut.de\/sk\/wp-json\/wp\/v2\/pages"}],"about":[{"href":"https:\/\/www.iqh-institut.de\/sk\/wp-json\/wp\/v2\/types\/page"}],"author":[{"embeddable":true,"href":"https:\/\/www.iqh-institut.de\/sk\/wp-json\/wp\/v2\/users\/2"}],"replies":[{"embeddable":true,"href":"https:\/\/www.iqh-institut.de\/sk\/wp-json\/wp\/v2\/comments?post=4"}],"version-history":[{"count":12,"href":"https:\/\/www.iqh-institut.de\/sk\/wp-json\/wp\/v2\/pages\/4\/revisions"}],"predecessor-version":[{"id":11860,"href":"https:\/\/www.iqh-institut.de\/sk\/wp-json\/wp\/v2\/pages\/4\/revisions\/11860"}],"wp:attachment":[{"href":"https:\/\/www.iqh-institut.de\/sk\/wp-json\/wp\/v2\/media?parent=4"}],"curies":[{"name":"wp","href":"https:\/\/api.w.org\/{rel}","templated":true}]}}