{"id":3248,"date":"2018-11-05T12:14:28","date_gmt":"2018-11-05T11:14:28","guid":{"rendered":"https:\/\/www.iqh-institut.de\/?page_id=3248"},"modified":"2025-10-30T12:23:35","modified_gmt":"2025-10-30T11:23:35","slug":"publikationen","status":"publish","type":"page","link":"https:\/\/www.iqh-institut.de\/sk\/publikationen\/","title":{"rendered":"publik\u00e1ci\u00ed"},"content":{"rendered":"<p>[et_pb_section fb_built=\u201d1\u2033 _builder_version=\u201d4.16\u2033 global_colors_info=\u201d{}\u201d][et_pb_row _builder_version=\u201d4.16\u2033 background_size=\u201dinitial\u201d background_position=\u201dtop_left\u201d background_repeat=\u201drepeat\u201d global_colors_info=\u201d{}\u201d][et_pb_column type=\u201d4_4\u2033 _builder_version=\u201d4.16\u2033 custom_padding=\u201d|||\u201d global_colors_info=\u201d{}\u201d custom_padding__hover=\u201d|||\u201d][et_pb_text admin_label=\u201dText h1: Publik\u00e1cie\u201d _builder_version=\u201d4.16\u2033 global_colors_info=\u201d{}\u201d]<\/p>\n<h1>publik\u00e1ci\u00ed<\/h1>\n<p>[\/et_pb_text][\/et_pb_column][\/et_pb_row][et_pb_row _builder_version=\u201d4.16\u2033 background_size=\u201dinitial\u201d background_position=\u201dtop_left\u201d background_repeat=\u201drepeat\u201d global_colors_info=\u201d{}\u201d][et_pb_column type=\u201d4_4\u2033 _builder_version=\u201d4.16\u2033 custom_padding=\u201d|||\u201d global_colors_info=\u201d{}\u201d custom_padding__hover=\u201d|||\u201d][et_pb_text admin_label=\u201dText h2: 2020\u2033 _builder_version=\u201d4.19.2\u2033 global_colors_info=\u201d{}\u201d]<\/p>\n<h2>2025<\/h2>\n<p>[\/et_pb_text][et_pb_text admin_label=\u201dText: Auton\u00f3mia v pracovnopr\u00e1vnych vz\u0165ahoch\u201d _builder_version=\u201d4.19.2\u2033 custom_padding=\u201d||0px|||\u201d global_colors_info=\u201d{}\u201d]<\/p>\n<div id=\"selectable\" class=\"suggested-citation\"><a href=\"http:\/\/dx.doi.org\/10.2139\/ssrn.5607890\" class=\"broken_link\" rel=\"nofollow\">Ebbing, Tobias a Petermann, Arne, Implementing Sustainable Live-In Care Mobility in Europe<\/a> - Strategick\u00fd dokument\u00a0<\/div>\n<div>\u00a0<\/div>\n<p style=\"font-weight: 400;\">[\/et_pb_text][\/et_pb_column][\/et_pb_row][et_pb_row _builder_version=\u201d4.16\u2033 background_size=\u201dinitial\u201d background_position=\u201dtop_left\u201d background_repeat=\u201drepeat\u201d global_colors_info=\u201d{}\u201d][et_pb_column type=\u201d4_4\u2033 _builder_version=\u201d4.16\u2033 custom_padding=\u201d|||\u201d global_colors_info=\u201d{}\u201d custom_padding__hover=\u201d|||\u201d][et_pb_text admin_label=\u201dText h2: 2020\u2033 _builder_version=\u201d4.19.2\u2033 global_colors_info=\u201d{}\u201d]<\/p>\n<h2>2024<\/h2>\n<p>&nbsp;<\/p>\n<p>[\/et_pb_text][et_pb_text admin_label=\u201dText: Auton\u00f3mia v pracovnopr\u00e1vnych vz\u0165ahoch\u201d _builder_version=\u201d4.19.2\u2033 custom_padding=\u201d8px||0px||||\u201d global_colors_info=\u201d{}\u201d]<\/p>\n<div id=\"selectable\" class=\"suggested-citation\"><a href=\"https:\/\/papers.ssrn.com\/sol3\/papers.cfm?abstract_id=5607771\" class=\"broken_link\" rel=\"nofollow\">Ebbing, Tobias a Petermann, Arne, Mobilita pracovnej sily v Eur\u00f3pskej \u00fanii - opatrovatelia v dom\u00e1com spolo\u010denstve, <\/a>V\u00fdzvy a pr\u00edle\u017eitosti mobility pracovnej sily v oblasti o\u0161etrovate\u013estva a starostlivosti (projekt MobileCare, ukon\u010den\u00fd vo febru\u00e1ri 2025).<\/div>\n<div class=\"suggested-citation\">\u00a0<\/div>\n<p>[\/et_pb_text][\/et_pb_column][\/et_pb_row][et_pb_row _builder_version=\u201d4.16\u2033 background_size=\u201dinitial\u201d background_position=\u201dtop_left\u201d background_repeat=\u201drepeat\u201d global_colors_info=\u201d{}\u201d][et_pb_column type=\u201d4_4\u2033 _builder_version=\u201d4.16\u2033 custom_padding=\u201d|||\u201d global_colors_info=\u201d{}\u201d custom_padding__hover=\u201d|||\u201d][et_pb_text admin_label=\u201dText h2: 2020\u2033 _builder_version=\u201d4.19.2\u2033 global_colors_info=\u201d{}\u201d]<\/p>\n<h2>2022<\/h2>\n<p>&nbsp;<\/p>\n<p>[\/et_pb_text][et_pb_text admin_label=\u201dText: Auton\u00f3mia v pracovnopr\u00e1vnych vz\u0165ahoch\u201d _builder_version=\u201d4.19.2\u2033 custom_padding=\u201d8px||0px||||\u201d global_colors_info=\u201d{}\u201d]<\/p>\n<div id=\"selectable\" class=\"suggested-citation\">Ebbing, Tobias, Cenotvorba spotrebite\u013esk\u00fdch inov\u00e1ci\u00ed <a href=\"https:\/\/doi.org\/10.30819\/5510\">ISBN 978-3-8325-5510-8<\/a><\/div>\n<div class=\"suggested-citation\">\u00a0<\/div>\n<p>[\/et_pb_text][\/et_pb_column][\/et_pb_row][et_pb_row _builder_version=\u201d4.16\u2033 background_size=\u201dinitial\u201d background_position=\u201dtop_left\u201d background_repeat=\u201drepeat\u201d global_colors_info=\u201d{}\u201d][et_pb_column type=\u201d4_4\u2033 _builder_version=\u201d4.16\u2033 custom_padding=\u201d|||\u201d global_colors_info=\u201d{}\u201d custom_padding__hover=\u201d|||\u201d][et_pb_text admin_label=\u201dText h2: 2020\u2033 _builder_version=\u201d4.19.2\u2033 global_colors_info=\u201d{}\u201d]<\/p>\n<h2>2021<\/h2>\n<p>[\/et_pb_text][et_pb_text admin_label=\u201dText: Auton\u00f3mia v pracovnopr\u00e1vnych vz\u0165ahoch\u201d _builder_version=\u201d4.16\u2033 global_colors_info=\u201d{}\u201d]<\/p>\n<p><span><a href=\"https:\/\/scholar.google.pl\/citations?view_op=view_citation&amp;hl=de&amp;user=-JX8NgUAAAAJ&amp;sortby=pubdate&amp;citation_for_view=-JX8NgUAAAAJ:d1gkVwhDpl0C\" class=\"gsc_a_at\">Ebbing, T., L\u00fcthje, C. Priceing decisions of consumer innovators, <\/a><\/span>V\u00fdskumn\u00e1 politika 50 (8), 104169<\/p>\n<p><span>\u00a0<\/span><span><\/span><\/p>\n<p>[\/et_pb_text][et_pb_text admin_label=\u201dText: Auton\u00f3mia v pracovnopr\u00e1vnych vz\u0165ahoch\u201d _builder_version=\u201d4.16\u2033 custom_padding=\u201d||0px|||\u201d global_colors_info=\u201d{}\u201d]<\/p>\n<p style=\"font-weight: 400;\"><span>Ebbing, T., L\u00fcthje, C., <a href=\"https:\/\/scholar.google.pl\/citations?view_op=view_citation&amp;hl=de&amp;user=-JX8NgUAAAAJ&amp;sortby=pubdate&amp;citation_for_view=-JX8NgUAAAAJ:Tyk-4Ss8FVUC\" class=\"gsc_a_at\">Presk\u00famanie funkcie cena - dopyt pre spotrebite\u013esk\u00e9 inov\u00e1cie, <\/a><\/span>28. konferencia o riaden\u00ed inov\u00e1ci\u00ed a v\u00fdvoja produktov, IPDMC 2021<\/p>\n<p style=\"font-weight: 400;\"><span><a href=\"https:\/\/www.iqh-institut.de\/bildung\/\" target=\"_blank\" rel=\"noopener noreferrer\" title=\"Kvalifika\u010dn\u00fd \u0161tandard pre opatrovate\u013eov v dom\u00e1cnostiach pod\u013ea \u00a7 45c ods. 3 a 3a SGB XI.\"><\/a><\/span><span><\/span><\/p>\n<p>[\/et_pb_text][et_pb_text admin_label=\u201dText: Auton\u00f3mia v pracovnopr\u00e1vnych vz\u0165ahoch\u201d _builder_version=\u201d4.19.2\u2033 custom_padding=\u201d||0px|||\u201d global_colors_info=\u201d{}\u201d]<\/p>\n<p style=\"font-weight: 400;\">Ebbing, T., L\u00fcthje, C., <a class=\"gsc_a_at\" href=\"https:\/\/scholar.google.pl\/citations?view_op=view_citation&amp;hl=de&amp;user=-JX8NgUAAAAJ&amp;sortby=pubdate&amp;citation_for_view=-JX8NgUAAAAJ:IjCSPb-OGe4C\">Cenov\u00e1 elasticita dopytu po spotrebite\u013esk\u00fdch inov\u00e1ci\u00e1ch, <\/a>Zborn\u00edk Akad\u00e9mie mana\u017ementu 2021<\/p>\n<p style=\"font-weight: 400;\">[\/et_pb_text][\/et_pb_column][\/et_pb_row][et_pb_row _builder_version=\u201d4.16\u2033 background_size=\u201dinitial\u201d background_position=\u201dtop_left\u201d background_repeat=\u201drepeat\u201d global_colors_info=\u201d{}\u201d][et_pb_column type=\u201d4_4\u2033 _builder_version=\u201d4.16\u2033 custom_padding=\u201d|||\u201d global_colors_info=\u201d{}\u201d custom_padding__hover=\u201d|||\u201d][et_pb_text admin_label=\u201dText h2: 2020\u2033 _builder_version=\u201d4.16\u2033 global_colors_info=\u201d{}\u201d]<\/p>\n<h2>2020<\/h2>\n<p>[\/et_pb_text][et_pb_text admin_label=\u201dText: Auton\u00f3mia v pracovnopr\u00e1vnych vz\u0165ahoch\u201d _builder_version=\u201d4.16\u2033 global_colors_info=\u201d{}\u201d]<\/p>\n<p><span><a href=\"https:\/\/www.semanticscholar.org\/paper\/Fairness-und-Autonomie-in-der-Betreuung-in-%E2%80%93-einer-Petermann-Jolly\/f7428d6408e3541fe56998b9852efec3433619b3\" target=\"_blank\" rel=\"noopener noreferrer\" title=\"Spravodlivos\u0165 a auton\u00f3mia pre opatrovate\u013eov v dom\u00e1cej komunite\">Petermann, A., Jolly, G., Schrader, K. (2020): Spravodlivos\u0165 a auton\u00f3mia pre opatrovate\u013eov v jednej dom\u00e1cnosti - v\u00fdsledky empirickej \u0161t\u00fadie, in: St\u00e4dtler-Mach, B., Ignatzi, H. (eds. ): \u0160ed\u00fd trh starostlivosti. 24-hodinov\u00e1 podpora od v\u00fdchodoeur\u00f3pskeho podporn\u00e9ho person\u00e1lu, G\u00f6ttingen, str. 99-121.<\/a> <\/span><span><\/span><\/p>\n<p>[\/et_pb_text][et_pb_text admin_label=\u201dText: Auton\u00f3mia v pracovnopr\u00e1vnych vz\u0165ahoch\u201d _builder_version=\u201d4.16\u2033 global_colors_info=\u201d{}\u201d]<\/p>\n<p style=\"font-weight: 400;\"><span><a href=\"https:\/\/www.iqh-institut.de\/bildung\/\" target=\"_blank\" rel=\"noopener noreferrer\" title=\"Kvalifika\u010dn\u00fd \u0161tandard pre opatrovate\u013eov v dom\u00e1cnostiach pod\u013ea \u00a7 45c ods. 3 a 3a SGB XI.\">Petermann, A. &amp; Lietzke, R (2020): Kvalifika\u010dn\u00fd \u0161tandard pre opatrovate\u013eov v dom\u00e1cich komunit\u00e1ch pod\u013ea \u00a745c ods.3 a 3a SGB XI, in: IQH - In\u0161tit\u00fat pre kvalitu a inov\u00e1cie v dom\u00e1cej starostlivosti gGmbH (ed.)<\/a><\/span><span><\/span><\/p>\n<p>[\/et_pb_text][et_pb_text admin_label=\u201dText: Auton\u00f3mia v pracovnopr\u00e1vnych vz\u0165ahoch\u201d _builder_version=\u201d4.16\u2033 custom_padding=\u201d||0px|||\u201d global_colors_info=\u201d{}\u201d]<\/p>\n<p style=\"font-weight: 400;\"><span><a href=\"https:\/\/www.iqh-institut.de\/bildung\/\" target=\"_blank\" rel=\"noopener noreferrer\" title=\"Kvalifika\u010dn\u00fd \u0161tandard pre opatrovate\u013eov v dom\u00e1cnostiach pod\u013ea \u00a7 45c ods. 3 a 3a SGB XI.\">Ebbing, T., N\u00e1hodn\u00e9 a u\u017e\u00edvate\u013esk\u00e9 podnikanie v Perspektiven des Entrepreneurships: Podnikate\u013esk\u00e9 koncepcie medzi te\u00f3riou a praxou, vydavate\u013estvo: Sch\u00e4ffer-Poeschel<\/a><\/span><span><\/span><\/p>\n<p>[\/et_pb_text][\/et_pb_column][\/et_pb_row][et_pb_row _builder_version=\u201d4.16\u2033 background_size=\u201dinitial\u201d background_position=\u201dtop_left\u201d background_repeat=\u201drepeat\u201d global_colors_info=\u201d{}\u201d][et_pb_column type=\u201d4_4\u2033 _builder_version=\u201d4.16\u2033 custom_padding=\u201d|||\u201d global_colors_info=\u201d{}\u201d custom_padding__hover=\u201d|||\u201d][et_pb_text admin_label=\u201dText h2: 2019\u2033 _builder_version=\u201d4.16\u2033 global_colors_info=\u201d{}\u201d]<\/p>\n<h2>2019<\/h2>\n<p>[\/et_pb_text][et_pb_text admin_label=\u201dText: Auton\u00f3mia v pracovnopr\u00e1vnych vz\u0165ahoch\u201d _builder_version=\u201d4.16\u2033 global_colors_info=\u201d{}\u201d]<a href=\"https:\/\/www.iqh-institut.de\/wp-content\/uploads\/2019\/10\/Studienergebnisse-Autonomie-und-Fairness-in-der-BihG-Stand-1.10.2019.pdf\">Petermann, A. (2019): F\u00e9rovos\u0165 a auton\u00f3mia v pracovnopr\u00e1vnych vz\u0165ahoch pre dom\u00e1cu starostlivos\u0165 a o\u0161etrovate\u013estvo o star\u00fdch a chor\u00fdch \u013eud\u00ed, In\u0161tit\u00fat kvality a inov\u00e1ci\u00ed v dom\u00e1cej starostlivosti, Saarbr\u00fccken.<\/a><br \/>\n[\/et_pb_text][et_pb_text admin_label=\u201dText: Auton\u00f3mia v pracovnopr\u00e1vnych vz\u0165ahoch\u201d _builder_version=\u201d4.16\u2033 global_colors_info=\u201d{}\u201d]<\/p>\n<p style=\"font-weight: 400;\"><a title=\"Starostlivos\u0165 v jednej dom\u00e1cnosti (tzv. 24-hodinov\u00e1 starostlivos\u0165): kamene \u00farazu z h\u013eadiska pracovn\u00e9ho pr\u00e1va a pr\u00e1va soci\u00e1lneho zabezpe\u010denia\" href=\"https:\/\/info.linara.de\/files\/linara\/pdf\/Berliner_Awaltsblatt_11-2019_Betreuung_in_haeuslicher_Gemeinschaft.pdf\" target=\"_blank\" rel=\"noopener noreferrer\">Petermann, A, Seebohm, F. (2019): Starostlivos\u0165 v komunite (tzv. 24-hodinov\u00e1 starostlivos\u0165): kamene \u00farazu z h\u013eadiska pracovn\u00e9ho pr\u00e1va a pr\u00e1va soci\u00e1lneho zabezpe\u010denia, in: Berliner Anwaltsblatt 11\/2019, s.399.<\/a><\/p>\n<p>[\/et_pb_text][et_pb_text admin_label=\u201dText: Auton\u00f3mia v pracovnopr\u00e1vnych vz\u0165ahoch\u201d _builder_version=\u201d4.16\u2033 global_colors_info=\u201d{}\u201d]<\/p>\n<p style=\"font-weight: 400;\"><a href=\"https:\/\/link.springer.com\/article\/10.1007\/s40685-019-0083-9\" target=\"_blank\" rel=\"noopener noreferrer\" title=\"Dok\u00e1\u017ee hierarchia zadr\u017ea\u0165 dynamiku sebaposil\u0148uj\u00facich procesov?\"><span>Petermann, A, Schrey\u00f6gg, G, F\u00fcrstenau, D. (2019): Dok\u00e1\u017ee hierarchia zadr\u017ea\u0165 dynamiku sebaposil\u0148uj\u00facich procesov? Simula\u010dn\u00e1 \u0161t\u00fadia o z\u00e1vislosti od cesty v hierarchi\u00e1ch. In: Business Research (janu\u00e1r 2019) s.1-33, Springer International Publishing, ISSN 2198-2627<\/span><\/a><a href=\"https:\/\/www.linara.de\/modelle-der-24-stunden-pflege\" target=\"_blank\" rel=\"noopener noreferrer\" title=\"Starostlivos\u0165 v jednej dom\u00e1cnosti (tzv. 24-hodinov\u00e1 starostlivos\u0165): kamene \u00farazu z h\u013eadiska pracovn\u00e9ho pr\u00e1va a pr\u00e1va soci\u00e1lneho zabezpe\u010denia\"><\/a><\/p>\n<p>[\/et_pb_text][\/et_pb_column][\/et_pb_row][et_pb_row _builder_version=\u201d4.16\u2033 background_size=\u201dinitial\u201d background_position=\u201dtop_left\u201d background_repeat=\u201drepeat\u201d global_colors_info=\u201d{}\u201d][et_pb_column type=\u201d4_4\u2033 _builder_version=\u201d4.16\u2033 custom_padding=\u201d|||\u201d global_colors_info=\u201d{}\u201d custom_padding__hover=\u201d|||\u201d][et_pb_text admin_label=\u201dText h2: 2018\u2033 _builder_version=\u201d4.16\u2033 global_colors_info=\u201d{}\u201d]<\/p>\n<h2>2018<\/h2>\n<p>[\/et_pb_text][et_pb_text admin_label=\u201dText: Auton\u00f3mia v pracovnopr\u00e1vnych vz\u0165ahoch\u201d _builder_version=\u201d4.16\u2033 global_colors_info=\u201d{}\u201d]<\/p>\n<p><a href=\"https:\/\/www.iqh-institut.de\/wp-content\/uploads\/2020\/04\/2018-Petermann_Ebbing_Paul-Zum-T\u00e4tigkeitsprofil-von-polnischen-Betreuungspersonen-in-h\u00e4uslicher-Gemeinschaft.pdf\" rel=\"attachment wp-att-4823 noopener noreferrer\" target=\"_blank\" title=\"O pracovnom profile po\u013esk\u00fdch opatrovate\u013eov v jednej dom\u00e1cnosti\">Petermann, A, Ebbing, T., Paul, M (2018): O pracovnom profile po\u013esk\u00fdch opatrovate\u013eov v dom\u00e1cich komunit\u00e1ch, in: Heinhold, H. (ed.): O\u0161etrovate\u013estvo - ale bezpe\u010dn\u00e9, VII. \u010das\u0165 Organiza\u010dn\u00fd rozvoj, 15. kapitola , Behr&#039;s Verlag , s. 1-18, ISBN: 978-3-89947-381-0.<\/a><\/p>\n<p>[\/et_pb_text][\/et_pb_column][\/et_pb_row][et_pb_row _builder_version=\u201d4.16\u2033 background_size=\u201dinitial\u201d background_position=\u201dtop_left\u201d background_repeat=\u201drepeat\u201d global_colors_info=\u201d{}\u201d][et_pb_column type=\u201d4_4\u2033 _builder_version=\u201d4.16\u2033 custom_padding=\u201d|||\u201d global_colors_info=\u201d{}\u201d custom_padding__hover=\u201d|||\u201d][et_pb_text admin_label=\u201dText h2: 2017\u2033 _builder_version=\u201d4.16\u2033 global_colors_info=\u201d{}\u201d]<\/p>\n<h2>2017<\/h2>\n<p>[\/et_pb_text][et_pb_text admin_label=\u201dText: Profil aktivity\u201d _builder_version=\u201d4.16\u2033 global_colors_info=\u201d{}\u201d]<\/p>\n<p><a href=\"https:\/\/www.iqh-institut.de\/petermann-et-al-2017_-das-taetigkeitsprofil-von-betreuungspersonen-in-haeuslicher-gemeinschaft\/\" target=\"_blank\" rel=\"noopener\">Peterman a kol. (2017): Pracovn\u00fd profil opatrovate\u013eov v dom\u00e1cich komunit\u00e1ch, Saarbr\u00fccken.<\/a><\/p>\n<p>[\/et_pb_text][et_pb_text admin_label=\u201dText: Profil aktivity\u201d _builder_version=\u201d4.19.2\u2033 global_colors_info=\u201d{}\u201d]<\/p>\n<p>Ebbing, T., Cichosz, M., <a class=\"gsc_a_at\" href=\"https:\/\/scholar.google.pl\/citations?view_op=view_citation&amp;hl=de&amp;user=-JX8NgUAAAAJ&amp;sortby=pubdate&amp;citation_for_view=-JX8NgUAAAAJ:qjMakFHDy7sC\">Inov\u00e1cie pre star\u0161\u00edch \u013eud\u00ed s demenciou - prenos lokaliza\u010dn\u00fdch technol\u00f3gi\u00ed, <\/a>International journal of pharmaceutical and healthcare marketing 11 (2), 183-197<\/p>\n<p>[\/et_pb_text][\/et_pb_column][\/et_pb_row][\/et_pb_section]<\/p>","protected":false},"excerpt":{"rendered":"<p>Publik\u00e1cie 2025Ebbing, Tobias a Petermann, Arne, Implementing Sustainable Live-In Care Mobility in Europe - Strategic Document 2024 Ebbing, Tobias a Petermann, Arne, Labour Mobility in the European Union - of Caregivers in the Domestic Community, Challenges and Opportunities of Labour Mobility in the Field of Care Work (MobileCare Project, Completed February 2025).  2022 Ebbing, Tobias, Pricing of Consumer [...]<\/p>","protected":false},"author":2,"featured_media":0,"parent":0,"menu_order":0,"comment_status":"closed","ping_status":"closed","template":"","meta":{"_et_pb_use_builder":"on","_et_pb_old_content":"","_et_gb_content_width":""},"acf":[],"yoast_head":"<!-- This site is optimized with the Yoast SEO plugin v20.5 - https:\/\/yoast.com\/wordpress\/plugins\/seo\/ -->\n<title>Publikationen - IQH Institut<\/title>\n<meta name=\"robots\" content=\"index, follow, max-snippet:-1, max-image-preview:large, max-video-preview:-1\" \/>\n<link rel=\"canonical\" href=\"https:\/\/www.iqh-institut.de\/sk\/publikationen\/\" \/>\n<meta property=\"og:locale\" content=\"sk_SK\" \/>\n<meta property=\"og:type\" content=\"article\" \/>\n<meta property=\"og:title\" content=\"Publikationen - IQH Institut\" \/>\n<meta property=\"og:description\" content=\"Publikationen 2025Ebbing, Tobias and Petermann, Arne, Implementing Sustainable Live-In Care Mobility in Europe \u2013 Strategic Document\u00a0 \u00a0 2024 &nbsp;Ebbing, Tobias and Petermann, Arne, Arbeitsmobilit\u00e4t in der Europ\u00e4ischen Union \u2013 von Betreuungspersonen in h\u00e4uslicher Gemeinschaft, Herausforderungen und Chancen der Arbeitsmobilit\u00e4t im Bereich der Pflege- und Betreuungsarbeit (MobileCare-Projekt, Abgeschlossen Februar 2025). \u00a02022 &nbsp;Ebbing, Tobias, Pricing of Consumer [&hellip;]\" \/>\n<meta property=\"og:url\" content=\"https:\/\/www.iqh-institut.de\/sk\/publikationen\/\" \/>\n<meta property=\"og:site_name\" content=\"IQH Institut\" \/>\n<meta property=\"article:modified_time\" content=\"2025-10-30T11:23:35+00:00\" \/>\n<meta name=\"twitter:card\" content=\"summary_large_image\" \/>\n<meta name=\"twitter:label1\" content=\"Est. reading time\" \/>\n\t<meta name=\"twitter:data1\" content=\"6 min\u00fat\" \/>\n<script type=\"application\/ld+json\" class=\"yoast-schema-graph\">{\"@context\":\"https:\/\/schema.org\",\"@graph\":[{\"@type\":\"WebPage\",\"@id\":\"https:\/\/www.iqh-institut.de\/publikationen\/\",\"url\":\"https:\/\/www.iqh-institut.de\/publikationen\/\",\"name\":\"Publikationen - IQH Institut\",\"isPartOf\":{\"@id\":\"https:\/\/www.iqh-institut.de\/#website\"},\"datePublished\":\"2018-11-05T11:14:28+00:00\",\"dateModified\":\"2025-10-30T11:23:35+00:00\",\"breadcrumb\":{\"@id\":\"https:\/\/www.iqh-institut.de\/publikationen\/#breadcrumb\"},\"inLanguage\":\"sk-SK\",\"potentialAction\":[{\"@type\":\"ReadAction\",\"target\":[\"https:\/\/www.iqh-institut.de\/publikationen\/\"]}]},{\"@type\":\"BreadcrumbList\",\"@id\":\"https:\/\/www.iqh-institut.de\/publikationen\/#breadcrumb\",\"itemListElement\":[{\"@type\":\"ListItem\",\"position\":1,\"name\":\"Startseite\",\"item\":\"https:\/\/www.iqh-institut.de\/\"},{\"@type\":\"ListItem\",\"position\":2,\"name\":\"Publikationen\"}]},{\"@type\":\"WebSite\",\"@id\":\"https:\/\/www.iqh-institut.de\/#website\",\"url\":\"https:\/\/www.iqh-institut.de\/\",\"name\":\"IQH Institut\",\"description\":\"Internationale Akademie f\u00fcr Betreuung und Pflege\",\"publisher\":{\"@id\":\"https:\/\/www.iqh-institut.de\/#organization\"},\"potentialAction\":[{\"@type\":\"SearchAction\",\"target\":{\"@type\":\"EntryPoint\",\"urlTemplate\":\"https:\/\/www.iqh-institut.de\/?s={search_term_string}\"},\"query-input\":\"required name=search_term_string\"}],\"inLanguage\":\"sk-SK\"},{\"@type\":\"Organization\",\"@id\":\"https:\/\/www.iqh-institut.de\/#organization\",\"name\":\"IABP\",\"url\":\"https:\/\/www.iqh-institut.de\/\",\"logo\":{\"@type\":\"ImageObject\",\"inLanguage\":\"sk-SK\",\"@id\":\"https:\/\/www.iqh-institut.de\/#\/schema\/logo\/image\/\",\"url\":\"https:\/\/www.iqh-institut.de\/wp-content\/uploads\/2017\/03\/logo-1.jpg\",\"contentUrl\":\"https:\/\/www.iqh-institut.de\/wp-content\/uploads\/2017\/03\/logo-1.jpg\",\"width\":1500,\"height\":1500,\"caption\":\"IABP\"},\"image\":{\"@id\":\"https:\/\/www.iqh-institut.de\/#\/schema\/logo\/image\/\"}}]}<\/script>\n<!-- \/ Yoast SEO plugin. -->","yoast_head_json":{"title":"Publik\u00e1cie - IQH Institute","robots":{"index":"index","follow":"follow","max-snippet":"max-snippet:-1","max-image-preview":"max-image-preview:large","max-video-preview":"max-video-preview:-1"},"canonical":"https:\/\/www.iqh-institut.de\/sk\/publikationen\/","og_locale":"sk_SK","og_type":"article","og_title":"Publikationen - IQH Institut","og_description":"Publikationen 2025Ebbing, Tobias and Petermann, Arne, Implementing Sustainable Live-In Care Mobility in Europe \u2013 Strategic Document\u00a0 \u00a0 2024 &nbsp;Ebbing, Tobias and Petermann, Arne, Arbeitsmobilit\u00e4t in der Europ\u00e4ischen Union \u2013 von Betreuungspersonen in h\u00e4uslicher Gemeinschaft, Herausforderungen und Chancen der Arbeitsmobilit\u00e4t im Bereich der Pflege- und Betreuungsarbeit (MobileCare-Projekt, Abgeschlossen Februar 2025). \u00a02022 &nbsp;Ebbing, Tobias, Pricing of Consumer [&hellip;]","og_url":"https:\/\/www.iqh-institut.de\/sk\/publikationen\/","og_site_name":"IQH Institut","article_modified_time":"2025-10-30T11:23:35+00:00","twitter_card":"summary_large_image","twitter_misc":{"Est. reading time":"6 min\u00fat"},"schema":{"@context":"https:\/\/schema.org","@graph":[{"@type":"WebPage","@id":"https:\/\/www.iqh-institut.de\/publikationen\/","url":"https:\/\/www.iqh-institut.de\/publikationen\/","name":"Publik\u00e1cie - IQH Institute","isPartOf":{"@id":"https:\/\/www.iqh-institut.de\/#website"},"datePublished":"2018-11-05T11:14:28+00:00","dateModified":"2025-10-30T11:23:35+00:00","breadcrumb":{"@id":"https:\/\/www.iqh-institut.de\/publikationen\/#breadcrumb"},"inLanguage":"sk-SK","potentialAction":[{"@type":"ReadAction","target":["https:\/\/www.iqh-institut.de\/publikationen\/"]}]},{"@type":"BreadcrumbList","@id":"https:\/\/www.iqh-institut.de\/publikationen\/#breadcrumb","itemListElement":[{"@type":"ListItem","position":1,"name":"Startseite","item":"https:\/\/www.iqh-institut.de\/"},{"@type":"ListItem","position":2,"name":"Publikationen"}]},{"@type":"WebSite","@id":"https:\/\/www.iqh-institut.de\/#website","url":"https:\/\/www.iqh-institut.de\/","name":"In\u0161tit\u00fat IQH","description":"Medzin\u00e1rodn\u00e1 akad\u00e9mia pre starostlivos\u0165 a o\u0161etrovate\u013estvo","publisher":{"@id":"https:\/\/www.iqh-institut.de\/#organization"},"potentialAction":[{"@type":"SearchAction","target":{"@type":"EntryPoint","urlTemplate":"https:\/\/www.iqh-institut.de\/?s={search_term_string}"},"query-input":"required name=search_term_string"}],"inLanguage":"sk-SK"},{"@type":"Organization","@id":"https:\/\/www.iqh-institut.de\/#organization","name":"IABP","url":"https:\/\/www.iqh-institut.de\/","logo":{"@type":"ImageObject","inLanguage":"sk-SK","@id":"https:\/\/www.iqh-institut.de\/#\/schema\/logo\/image\/","url":"https:\/\/www.iqh-institut.de\/wp-content\/uploads\/2017\/03\/logo-1.jpg","contentUrl":"https:\/\/www.iqh-institut.de\/wp-content\/uploads\/2017\/03\/logo-1.jpg","width":1500,"height":1500,"caption":"IABP"},"image":{"@id":"https:\/\/www.iqh-institut.de\/#\/schema\/logo\/image\/"}}]}},"lang":"de","translations":{"de":3248},"_links":{"self":[{"href":"https:\/\/www.iqh-institut.de\/sk\/wp-json\/wp\/v2\/pages\/3248"}],"collection":[{"href":"https:\/\/www.iqh-institut.de\/sk\/wp-json\/wp\/v2\/pages"}],"about":[{"href":"https:\/\/www.iqh-institut.de\/sk\/wp-json\/wp\/v2\/types\/page"}],"author":[{"embeddable":true,"href":"https:\/\/www.iqh-institut.de\/sk\/wp-json\/wp\/v2\/users\/2"}],"replies":[{"embeddable":true,"href":"https:\/\/www.iqh-institut.de\/sk\/wp-json\/wp\/v2\/comments?post=3248"}],"version-history":[{"count":18,"href":"https:\/\/www.iqh-institut.de\/sk\/wp-json\/wp\/v2\/pages\/3248\/revisions"}],"predecessor-version":[{"id":12020,"href":"https:\/\/www.iqh-institut.de\/sk\/wp-json\/wp\/v2\/pages\/3248\/revisions\/12020"}],"wp:attachment":[{"href":"https:\/\/www.iqh-institut.de\/sk\/wp-json\/wp\/v2\/media?parent=3248"}],"curies":[{"name":"wp","href":"https:\/\/api.w.org\/{rel}","templated":true}]}}