{"id":3246,"date":"2018-11-05T12:14:16","date_gmt":"2018-11-05T11:14:16","guid":{"rendered":"https:\/\/www.iqh-institut.de\/?page_id=3246"},"modified":"2025-06-02T13:11:25","modified_gmt":"2025-06-02T11:11:25","slug":"kooperationspartner","status":"publish","type":"page","link":"https:\/\/www.iqh-institut.de\/sk\/kooperationspartner\/","title":{"rendered":"koopera\u010dn\u00fdm partnerom"},"content":{"rendered":"<p>[et_pb_section fb_built=&#8221;1&#8243; _builder_version=&#8221;4.16&#8243; global_colors_info=&#8221;{}&#8221;][et_pb_row _builder_version=&#8221;4.16&#8243; background_size=&#8221;initial&#8221; background_position=&#8221;top_left&#8221; background_repeat=&#8221;repeat&#8221; global_colors_info=&#8221;{}&#8221;][et_pb_column type=&#8221;4_4&#8243; _builder_version=&#8221;4.16&#8243; custom_padding=&#8221;|||&#8221; global_colors_info=&#8221;{}&#8221; custom_padding__hover=&#8221;|||&#8221;][et_pb_text admin_label=&#8221;Text h1: Kooperationspartner&#8221; _builder_version=&#8221;4.16&#8243; global_colors_info=&#8221;{}&#8221;]<\/p>\n<h1>koopera\u010dn\u00fdch partnerov a klientov<\/h1>\n<p>[\/et_pb_text][et_pb_text admin_label=&#8221;Text: Kooperationspartner&#8221; _builder_version=&#8221;4.16&#8243; global_colors_info=&#8221;{}&#8221;]<\/p>\n<p>&nbsp;<\/p>\n<p>&nbsp;<\/p>\n<p>Asociatia Nursing Academy, Cluj\u00a0<\/p>\n<p>Univerzita kooperat\u00edvneho vzdel\u00e1vania Saarland (BAGSS), Saarbr\u00fccken<\/p>\n<p>Bravecare Sp.z oo, Var\u0161ava<\/p>\n<p>Brinkmann Pflege- und Betreuungsleistungen GmbH, Oerlinghausen\u00a0<\/p>\n<p>feder\u00e1lny v<span style=\"font-size: 14px;\">Asoci\u00e1cia dom\u00e1cej starostlivosti a o\u0161etrovate\u013estva (VHBP), Bonn<\/span><\/p>\n<p><span style=\"font-size: 14px;\">CareWork Seniorenhilfe Deutschland GmbH, Stuttgart<\/span><\/p>\n<p><span style=\"font-size: 14px;\">Spolo\u010dnos\u0165 CareWork Sp.zo.o. Sp.k., Pozna\u0148<\/span><\/p>\n<p>Global Care Pflegedienst GmbH, Berl\u00edn<\/p>\n<p><span style=\"font-size: 14px;\">Help4seniors Michaele Niclaus, D\u00fcsseldorf<\/span><\/p>\n<p><span style=\"font-size: 14px;\">Ambulantn\u00e1 starostlivos\u0165 Linara GmbH, Berl\u00edn\/Bonn<\/span><\/p>\n<p>Linara GmbH, Berl\u00edn<\/p>\n<p>Linara Faircare GmbH, \u013eadovcov\u00e9 \u00fadolie Nuthe<\/p>\n<p>marta GmbH, Berl\u00edn<\/p>\n<p>Michels Projekt GmbH, Seelze<\/p>\n<p><span>Saarland Ministerstvo soci\u00e1lnych vec\u00ed, zdravotn\u00edctva, \u017eien a rodiny, Saarbr\u00fccken<\/span><\/p>\n<p><span>Opatrovate\u013esk\u00e1 agent\u00fara Erni 24, Kappelrodeck<\/span><\/p>\n<p>Nursing Heroes Franchise GmbH, Itzehoe<\/p>\n<p>Doj\u010diace srdcia, Schiffweiler<\/p>\n<p><span style=\"font-size: 14px;\"><span>SC Seniogermania24 SRL, Cluj<\/span><\/span><\/p>\n<p>Saarland Nursing Society eV, Saarbr\u00fccken<\/p>\n<p>Starostlivos\u0165 o seniorov Saar, Schiffweiler<\/p>\n<p>Senopart starostlivos\u0165 na mieru pre seniorov, Reutlingen<\/p>\n<p>SHD \u2013 Seniorenhilfe Dortmund GmbH, Dortmund<\/p>\n<p>Sofiapflege GmbH, Leonberg<\/p>\n<p><span><\/span><span>St. Elisabeth Nursing Agency GmbH, Kol\u00edn nad R\u00fdnom<\/span>\u00a0<\/p>\n<p>Sunacare GmbH, Berl\u00edn\u00a0<\/p>\n<p>Vis-a-vis24 GmbH &amp; Co KG, Augsburg<\/p>\n<p><span style=\"font-size: 14px;\"><\/span><\/p>\n<p>[\/et_pb_text][\/et_pb_column][\/et_pb_row][\/et_pb_section]<\/p>","protected":false},"excerpt":{"rendered":"<p>Kooperationspartner und Auftraggeber&nbsp; &nbsp; Asociatia Pflegeakademie, Cluj\u00a0 Berufsakademie f\u00fcr Gesundheits- und Sozialwesen Saarland (BAGSS), Saarbr\u00fccken Bravecare Sp. z o.o., Warschau Brinkmann Pflege- und Betreuungsleistungen GmbH, Oerlinghausen\u00a0 Bundesverband f\u00fcr h\u00e4usliche Betreuung und Pflege e.V. (VHBP), Bonn CareWork Seniorenhilfe Deutschland GmbH, Stuttgart CareWork Sp.zo.o. Sp. k., Poznan Global Care Pflegedienst GmbH, Berlin Help4seniors Michaele Niclaus, D\u00fcsseldorf Linara [&hellip;]<\/p>","protected":false},"author":2,"featured_media":0,"parent":0,"menu_order":0,"comment_status":"closed","ping_status":"closed","template":"","meta":{"_et_pb_use_builder":"on","_et_pb_old_content":"","_et_gb_content_width":""},"acf":[],"yoast_head":"<!-- This site is optimized with the Yoast SEO plugin v20.5 - https:\/\/yoast.com\/wordpress\/plugins\/seo\/ -->\n<title>Kooperationspartner - IQH Institut<\/title>\n<meta name=\"robots\" content=\"index, follow, max-snippet:-1, max-image-preview:large, max-video-preview:-1\" \/>\n<link rel=\"canonical\" href=\"https:\/\/www.iqh-institut.de\/sk\/kooperationspartner\/\" \/>\n<meta property=\"og:locale\" content=\"sk_SK\" \/>\n<meta property=\"og:type\" content=\"article\" \/>\n<meta property=\"og:title\" content=\"Kooperationspartner - IQH Institut\" \/>\n<meta property=\"og:description\" content=\"Kooperationspartner und Auftraggeber&nbsp; &nbsp; Asociatia Pflegeakademie, Cluj\u00a0 Berufsakademie f\u00fcr Gesundheits- und Sozialwesen Saarland (BAGSS), Saarbr\u00fccken Bravecare Sp. z o.o., Warschau Brinkmann Pflege- und Betreuungsleistungen GmbH, Oerlinghausen\u00a0 Bundesverband f\u00fcr h\u00e4usliche Betreuung und Pflege e.V. (VHBP), Bonn CareWork Seniorenhilfe Deutschland GmbH, Stuttgart CareWork Sp.zo.o. Sp. k., Poznan Global Care Pflegedienst GmbH, Berlin Help4seniors Michaele Niclaus, D\u00fcsseldorf Linara [&hellip;]\" \/>\n<meta property=\"og:url\" content=\"https:\/\/www.iqh-institut.de\/sk\/kooperationspartner\/\" \/>\n<meta property=\"og:site_name\" content=\"IQH Institut\" \/>\n<meta property=\"article:modified_time\" content=\"2025-06-02T11:11:25+00:00\" \/>\n<meta name=\"twitter:card\" content=\"summary_large_image\" \/>\n<meta name=\"twitter:label1\" content=\"Est. reading time\" \/>\n\t<meta name=\"twitter:data1\" content=\"1 min\u00fata\" \/>\n<script type=\"application\/ld+json\" class=\"yoast-schema-graph\">{\"@context\":\"https:\/\/schema.org\",\"@graph\":[{\"@type\":\"WebPage\",\"@id\":\"https:\/\/www.iqh-institut.de\/kooperationspartner\/\",\"url\":\"https:\/\/www.iqh-institut.de\/kooperationspartner\/\",\"name\":\"Kooperationspartner - IQH Institut\",\"isPartOf\":{\"@id\":\"https:\/\/www.iqh-institut.de\/#website\"},\"datePublished\":\"2018-11-05T11:14:16+00:00\",\"dateModified\":\"2025-06-02T11:11:25+00:00\",\"breadcrumb\":{\"@id\":\"https:\/\/www.iqh-institut.de\/kooperationspartner\/#breadcrumb\"},\"inLanguage\":\"sk-SK\",\"potentialAction\":[{\"@type\":\"ReadAction\",\"target\":[\"https:\/\/www.iqh-institut.de\/kooperationspartner\/\"]}]},{\"@type\":\"BreadcrumbList\",\"@id\":\"https:\/\/www.iqh-institut.de\/kooperationspartner\/#breadcrumb\",\"itemListElement\":[{\"@type\":\"ListItem\",\"position\":1,\"name\":\"Startseite\",\"item\":\"https:\/\/www.iqh-institut.de\/\"},{\"@type\":\"ListItem\",\"position\":2,\"name\":\"Kooperationspartner\"}]},{\"@type\":\"WebSite\",\"@id\":\"https:\/\/www.iqh-institut.de\/#website\",\"url\":\"https:\/\/www.iqh-institut.de\/\",\"name\":\"IQH Institut\",\"description\":\"Internationale Akademie f\u00fcr Betreuung und Pflege\",\"publisher\":{\"@id\":\"https:\/\/www.iqh-institut.de\/#organization\"},\"potentialAction\":[{\"@type\":\"SearchAction\",\"target\":{\"@type\":\"EntryPoint\",\"urlTemplate\":\"https:\/\/www.iqh-institut.de\/?s={search_term_string}\"},\"query-input\":\"required name=search_term_string\"}],\"inLanguage\":\"sk-SK\"},{\"@type\":\"Organization\",\"@id\":\"https:\/\/www.iqh-institut.de\/#organization\",\"name\":\"IABP\",\"url\":\"https:\/\/www.iqh-institut.de\/\",\"logo\":{\"@type\":\"ImageObject\",\"inLanguage\":\"sk-SK\",\"@id\":\"https:\/\/www.iqh-institut.de\/#\/schema\/logo\/image\/\",\"url\":\"https:\/\/www.iqh-institut.de\/wp-content\/uploads\/2017\/03\/logo-1.jpg\",\"contentUrl\":\"https:\/\/www.iqh-institut.de\/wp-content\/uploads\/2017\/03\/logo-1.jpg\",\"width\":1500,\"height\":1500,\"caption\":\"IABP\"},\"image\":{\"@id\":\"https:\/\/www.iqh-institut.de\/#\/schema\/logo\/image\/\"}}]}<\/script>\n<!-- \/ Yoast SEO plugin. -->","yoast_head_json":{"title":"Partner pre spolupr\u00e1cu - IQH Institute","robots":{"index":"index","follow":"follow","max-snippet":"max-snippet:-1","max-image-preview":"max-image-preview:large","max-video-preview":"max-video-preview:-1"},"canonical":"https:\/\/www.iqh-institut.de\/sk\/kooperationspartner\/","og_locale":"sk_SK","og_type":"article","og_title":"Kooperationspartner - IQH Institut","og_description":"Kooperationspartner und Auftraggeber&nbsp; &nbsp; Asociatia Pflegeakademie, Cluj\u00a0 Berufsakademie f\u00fcr Gesundheits- und Sozialwesen Saarland (BAGSS), Saarbr\u00fccken Bravecare Sp. z o.o., Warschau Brinkmann Pflege- und Betreuungsleistungen GmbH, Oerlinghausen\u00a0 Bundesverband f\u00fcr h\u00e4usliche Betreuung und Pflege e.V. (VHBP), Bonn CareWork Seniorenhilfe Deutschland GmbH, Stuttgart CareWork Sp.zo.o. Sp. k., Poznan Global Care Pflegedienst GmbH, Berlin Help4seniors Michaele Niclaus, D\u00fcsseldorf Linara [&hellip;]","og_url":"https:\/\/www.iqh-institut.de\/sk\/kooperationspartner\/","og_site_name":"IQH Institut","article_modified_time":"2025-06-02T11:11:25+00:00","twitter_card":"summary_large_image","twitter_misc":{"Est. reading time":"1 min\u00fata"},"schema":{"@context":"https:\/\/schema.org","@graph":[{"@type":"WebPage","@id":"https:\/\/www.iqh-institut.de\/kooperationspartner\/","url":"https:\/\/www.iqh-institut.de\/kooperationspartner\/","name":"Partner pre spolupr\u00e1cu - IQH Institute","isPartOf":{"@id":"https:\/\/www.iqh-institut.de\/#website"},"datePublished":"2018-11-05T11:14:16+00:00","dateModified":"2025-06-02T11:11:25+00:00","breadcrumb":{"@id":"https:\/\/www.iqh-institut.de\/kooperationspartner\/#breadcrumb"},"inLanguage":"sk-SK","potentialAction":[{"@type":"ReadAction","target":["https:\/\/www.iqh-institut.de\/kooperationspartner\/"]}]},{"@type":"BreadcrumbList","@id":"https:\/\/www.iqh-institut.de\/kooperationspartner\/#breadcrumb","itemListElement":[{"@type":"ListItem","position":1,"name":"Startseite","item":"https:\/\/www.iqh-institut.de\/"},{"@type":"ListItem","position":2,"name":"Kooperationspartner"}]},{"@type":"WebSite","@id":"https:\/\/www.iqh-institut.de\/#website","url":"https:\/\/www.iqh-institut.de\/","name":"In\u0161tit\u00fat IQH","description":"Medzin\u00e1rodn\u00e1 akad\u00e9mia pre starostlivos\u0165 a o\u0161etrovate\u013estvo","publisher":{"@id":"https:\/\/www.iqh-institut.de\/#organization"},"potentialAction":[{"@type":"SearchAction","target":{"@type":"EntryPoint","urlTemplate":"https:\/\/www.iqh-institut.de\/?s={search_term_string}"},"query-input":"required name=search_term_string"}],"inLanguage":"sk-SK"},{"@type":"Organization","@id":"https:\/\/www.iqh-institut.de\/#organization","name":"IABP","url":"https:\/\/www.iqh-institut.de\/","logo":{"@type":"ImageObject","inLanguage":"sk-SK","@id":"https:\/\/www.iqh-institut.de\/#\/schema\/logo\/image\/","url":"https:\/\/www.iqh-institut.de\/wp-content\/uploads\/2017\/03\/logo-1.jpg","contentUrl":"https:\/\/www.iqh-institut.de\/wp-content\/uploads\/2017\/03\/logo-1.jpg","width":1500,"height":1500,"caption":"IABP"},"image":{"@id":"https:\/\/www.iqh-institut.de\/#\/schema\/logo\/image\/"}}]}},"lang":"de","translations":{"de":3246},"_links":{"self":[{"href":"https:\/\/www.iqh-institut.de\/sk\/wp-json\/wp\/v2\/pages\/3246"}],"collection":[{"href":"https:\/\/www.iqh-institut.de\/sk\/wp-json\/wp\/v2\/pages"}],"about":[{"href":"https:\/\/www.iqh-institut.de\/sk\/wp-json\/wp\/v2\/types\/page"}],"author":[{"embeddable":true,"href":"https:\/\/www.iqh-institut.de\/sk\/wp-json\/wp\/v2\/users\/2"}],"replies":[{"embeddable":true,"href":"https:\/\/www.iqh-institut.de\/sk\/wp-json\/wp\/v2\/comments?post=3246"}],"version-history":[{"count":10,"href":"https:\/\/www.iqh-institut.de\/sk\/wp-json\/wp\/v2\/pages\/3246\/revisions"}],"predecessor-version":[{"id":11809,"href":"https:\/\/www.iqh-institut.de\/sk\/wp-json\/wp\/v2\/pages\/3246\/revisions\/11809"}],"wp:attachment":[{"href":"https:\/\/www.iqh-institut.de\/sk\/wp-json\/wp\/v2\/media?parent=3246"}],"curies":[{"name":"wp","href":"https:\/\/api.w.org\/{rel}","templated":true}]}}