{"id":3240,"date":"2018-11-05T12:13:20","date_gmt":"2018-11-05T11:13:20","guid":{"rendered":"https:\/\/www.iqh-institut.de\/?page_id=3240"},"modified":"2025-10-30T12:11:13","modified_gmt":"2025-10-30T11:11:13","slug":"team","status":"publish","type":"page","link":"https:\/\/www.iqh-institut.de\/sk\/team\/","title":{"rendered":"t\u00edm"},"content":{"rendered":"<p>[et_pb_section fb_built=\u201d1\u2033 _builder_version=\u201d4.16\u2033 global_colors_info=\u201d{}\u201d][et_pb_row _builder_version=\u201d4.16\u2033 background_size=\u201dinitial\u201d background_position=\u201dtop_left\u201d background_repeat=\u201drepeat\u201d global_colors_info=\u201d{}\u201d][et_pb_column type=\u201d4_4\u2033 _builder_version=\u201d4.16\u2033 custom_padding=\u201d|||\u201d global_colors_info=\u201d{}\u201d custom_padding__hover=\u201d|||\u201d][et_pb_text admin_label=\u201dText h1: \u201dT\u00edm\u201d _builder_version=\u201d4.16\u2033 global_colors_info=\u201d{}\"]<\/p>\n<h1>t\u00edm<\/h1>\n<p>[\/et_pb_text][\/et_pb_column][\/et_pb_row][et_pb_row _builder_version=\u201d4.16\u2033 background_size=\u201dinitial\u201d background_position=\u201dtop_left\u201d background_repeat=\u201drepeat\u201d global_colors_info=\u201d{}\u201d][et_pb_column type=\u201d4_4\u2033 _builder_version=\u201d4.16\u2033 custom_padding=\u201d|||\u201d global_colors_info=\u201d{}\u201d custom_padding__hover=\u201d|||\u201d][et_pb_text admin_label=\u201dText h2: _builder_version=\u201d4.19.2\u2033 global_colors_info=\u201d{}\u201d]<\/p>\n<h2>Mana\u017ement in\u0161tit\u00fatu<\/h2>\n<p>[\/et_pb_text][et_pb_text admin_label=\u201dText: Popis\u201d _builder_version=\u201d4.19.2\u2033 min_height=\u201d50.8px\u201d global_colors_info=\u201d{}\u201d]<\/p>\n<p><strong>V\u00fdkonn\u00ed riaditelia<\/strong>Frederic Seebohm, advok\u00e1t<br \/><strong>Celkov\u00e9 vedeck\u00e9 riadenie:<\/strong> Dr. Arne Peterman<br \/><strong>Digitaliz\u00e1cia, elektronick\u00e9 vzdel\u00e1vanie a riadenie v\u00fdskumn\u00fdch projektov:<\/strong> DR Tobias Ebing<\/p>\n<p>[\/et_pb_text][\/et_pb_column][\/et_pb_row][et_pb_row _builder_version=\u201d4.16\u2033 background_size=\u201dinitial\u201d background_position=\u201dtop_left\u201d background_repeat=\u201drepeat\u201d global_colors_info=\u201d{}\u201d][et_pb_column type=\u201d4_4\u2033 _builder_version=\u201d4.16\u2033 custom_padding=\u201d|||\u201d global_colors_info=\u201d{}\u201d custom_padding__hover=\u201d|||\u201d][et_pb_text admin_label=\u201dText h2: _builder_version=\u201d4.16\u2033 global_colors_info=\u201d{}\u201d]<\/p>\n<h2>Pridru\u017een\u00ed vedci a u\u010ditelia<\/h2>\n<p>[\/et_pb_text][et_pb_text admin_label=\u201dText: Popis\u201d _builder_version=\u201d4.16\u2033 global_colors_info=\u201d{}\u201d]<\/p>\n<p>Marc R\u00fctters, BA<\/p>\n<p>Franziska Zwiebler, BA<\/p>\n<p>Sab\u00edna Petermannov\u00e1, <em>Zdravotn\u00edcky a o\u0161etrovate\u013esk\u00fd pracovn\u00edk, poradca pre starostlivos\u0165 pod\u013ea \u00a7 45 SGB XI, \u010fal\u0161ie vzdel\u00e1vanie na prevzatie riadiacich \u00faloh<br \/><\/em><\/p>\n<p>Ronald Lietzke, <em>Zdravotn\u00edctvo a sestry pre riadiace funkcie, poradcovia o\u0161etrovate\u013estva pod\u013ea \u00a745 a \u00a77a SGB XI<\/em><\/p>\n<p>Sandra Luehl, BA, <em>Sestra pre mana\u017e\u00e9rske funkcie, n\u00e1mestn\u00ed\u010dka riadite\u013ea pre o\u0161etrovate\u013estvo v nemocnici St. Nikolaus, Wallerfallen<\/em><\/p>\n<p>[\/et_pb_text][\/et_pb_column][\/et_pb_row][et_pb_row _builder_version=\u201d4.16\u2033 background_size=\u201dinitial\u201d background_position=\u201dtop_left\u201d background_repeat=\u201drepeat\u201d global_colors_info=\u201d{}\u201d][et_pb_column type=\u201d4_4\u2033 _builder_version=\u201d4.16\u2033 custom_padding=\u201d|||\u201d global_colors_info=\u201d{}\u201d custom_padding__hover=\u201d|||\u201d][et_pb_text admin_label=\u201dText h2: _builder_version=\u201d4.16\u2033 global_colors_info=\u201d{}\u201d]<\/p>\n<h2>Vedeck\u00e1 poradn\u00e1 rada<\/h2>\n<p>[\/et_pb_text][et_pb_text admin_label=\u201dText: Popis\u201d _builder_version=\u201d4.16\u2033 global_colors_info=\u201d{}\u201d]<\/p>\n<p>Prof. Dr. Franz Lorenz, ret. D.: ved\u00faci bakal\u00e1rskeho programu o\u0161etrovate\u013estva na BAGSS, rektor BAGSS<\/p>\n<p>Prof. Dr. Arne Petermann, b\u00fdval\u00fd profesor mana\u017ementu v organiz\u00e1ci\u00e1ch zdravotnej a soci\u00e1lnej starostlivosti na BAGSS, <br \/>Podpredseda predstavenstva Spolkov\u00e9ho zdru\u017eenia pre dom\u00e1cu starostlivos\u0165 a o\u0161etrovate\u013estvo e.V.<\/p>\n<p>Dr. J\u00fcrgen Stenger, profesor ekon\u00f3mie zdravia a mana\u017ementu o\u0161etrovate\u013estva v BAGSS, v\u00fdkonn\u00fd riadite\u013e S\u00e1rskej o\u0161etrovate\u013eskej spolo\u010dnosti<\/p>\n<p>[\/et_pb_text][\/et_pb_column][\/et_pb_row][et_pb_row _builder_version=\u201d4.16\u2033 background_size=\u201dinitial\u201d background_position=\u201dtop_left\u201d background_repeat=\u201drepeat\u201d global_colors_info=\u201d{}\u201d][et_pb_column type=\u201d4_4\u2033 _builder_version=\u201d4.16\u2033 custom_padding=\u201d|||\u201d global_colors_info=\u201d{}\u201d custom_padding__hover=\u201d|||\u201d][et_pb_text admin_label=\u201dText h2: _builder_version=\u201d4.16\u2033 global_colors_info=\u201d{}\u201d]<\/p>\n<h2>Poradn\u00fd v\u00fdbor pre prax<\/h2>\n<p>[\/et_pb_text][et_pb_text admin_label=\u201dText: Popis\u201d _builder_version=\u201d4.16\u2033 global_colors_info=\u201d{}\u201d]<\/p>\n<p>Dorota Lewandowska (CareWork Senior Aid Germany, Stuttgart)<\/p>\n<p>Jaroslaw Dobrowolski (Bravecare, Var\u0161ava)<\/p>\n<p>Jan Roth (vis-a-vis24, Augsburg)<\/p>\n<p>Krystian Temi (Pflegeherzen &amp; Seniorenbetreuung Saar, Schiffweiler)<\/p>\n<p>Ivana Petak (Linara, Berl\u00edn)<\/p>\n<p>Michaela Niclaus (help4seniors, D\u00fcsseldorf)<\/p>\n<p>Till Kohlann (Sofiapflege, Leonberg)\u00a0<\/p>\n<p>Agnieszka Musielak (Brinkmann, Oerlinghausen)<\/p>\n<p>Philipp Buhr (Marta, Berl\u00edn)\u00a0<\/p>\n<p>[\/et_pb_text][\/et_pb_column][\/et_pb_row][et_pb_row _builder_version=\u201d4.16\u2033 background_size=\u201dinitial\u201d background_position=\u201dtop_left\u201d background_repeat=\u201drepeat\u201d global_colors_info=\u201d{}\u201d][et_pb_column type=\u201d4_4\u2033 _builder_version=\u201d4.16\u2033 custom_padding=\u201d|||\u201d global_colors_info=\u201d{}\u201d custom_padding__hover=\u201d|||\u201d][et_pb_text admin_label=\u201dText h2: Zakladaj\u00faci partneri a vedeck\u00fd poradn\u00fd zbor\u201d _builder_version=\u201d4.16\u2033 global_colors_info=\u201d{}\u201d]<\/p>\n<h2>akcion\u00e1r<\/h2>\n<p>[\/et_pb_text][et_pb_text admin_label=\u201dText: Description\u201d _builder_version=\u201d4.19.2\u2033 global_colors_info=\u201d{}\u201d]<\/p>\n<p>Dipl.-Betriebswirt (FH) Luigi Avarello, Prof. Dr Arne Petermann, Jan Roth (M. Sc.), Frederic Seebohm, Prof. Dr J\u00fcrgen Stenger, Dr Tobias Ebbing, Dipl.-Betriebswirt (FH) Krystian Temi, Linara ambulante Pflegedienste GmbH, Linara FairCare GmbH, SHD Dortmund GmbH, vis-a-vis24 GmbH &amp; Co KG<\/p>\n<p>[\/et_pb_text][\/et_pb_column][\/et_pb_row][\/et_pb_section]<\/p>","protected":false},"excerpt":{"rendered":"<p>Vedenie t\u00edmu \u00fastavuMana\u017ement: Frederic Seebohm, pr\u00e1vnikV\u0161eobecn\u00e9 vedeck\u00e9 riadenie: Prof. Dr. Arne PetermannDigitaliz\u00e1cia, eLearning a riadenie v\u00fdskumn\u00fdch projektov: Dr. Tobias EbbingSpolupracuj\u00faci vedeck\u00ed a pedagogick\u00ed pracovn\u00edci Marc R\u00fctters, B.A. Franziska Zwiebler, B.A. Sabina Petermann, zdravotn\u00edcky a o\u0161etrovate\u013esk\u00fd asistent, poradca pre starostlivos\u0165 pod\u013ea \u00a7 45 SGB XI, \u010fal\u0161ie vzdel\u00e1vanie na prevzatie mana\u017e\u00e9rskych \u00faloh Ronald Lietzke, zdravotn\u00edcky a o\u0161etrovate\u013esk\u00fd asistent pre mana\u017e\u00e9rske funkcie, poradca pre starostlivos\u0165 pod\u013ea \u00a7 45 a \u00a7 7a SGB XI Sandra [...]<\/p>","protected":false},"author":2,"featured_media":0,"parent":0,"menu_order":0,"comment_status":"closed","ping_status":"closed","template":"","meta":{"_et_pb_use_builder":"on","_et_pb_old_content":"","_et_gb_content_width":""},"acf":[],"yoast_head":"<!-- This site is optimized with the Yoast SEO plugin v20.5 - https:\/\/yoast.com\/wordpress\/plugins\/seo\/ -->\n<title>Team - IQH Institut<\/title>\n<meta name=\"robots\" content=\"index, follow, max-snippet:-1, max-image-preview:large, max-video-preview:-1\" \/>\n<link rel=\"canonical\" href=\"https:\/\/www.iqh-institut.de\/sk\/team\/\" \/>\n<meta property=\"og:locale\" content=\"sk_SK\" \/>\n<meta property=\"og:type\" content=\"article\" \/>\n<meta property=\"og:title\" content=\"Team - IQH Institut\" \/>\n<meta property=\"og:description\" content=\"Team InstitutsleitungGesch\u00e4ftsf\u00fchrung: Frederic Seebohm, RechtsanwaltWissenschaftliche Gesamtleitung: Prof. Dr. Arne PetermannDigitalisierung, eLearning und Forschungsprojektleitung: Dr. Tobias EbbingAssoziierte Wissenschaftler und Lehrkr\u00e4fte Marc R\u00fctters, B.A. Franziska Zwiebler, B.A. Sabina Petermann, Gesundheits- u. Krankenpflegerin, Pflegeberaterin nach \u00a745 SGB XI, Fortbildung zur \u00dcbernahme von Leitungsaufgaben Ronald Lietzke, Gesundheits- u. Krankenpfleger f\u00fcr Leitungsfunktionen, Pflegeberater nach \u00a745 und \u00a77a SGB XI Sandra [&hellip;]\" \/>\n<meta property=\"og:url\" content=\"https:\/\/www.iqh-institut.de\/sk\/team\/\" \/>\n<meta property=\"og:site_name\" content=\"IQH Institut\" \/>\n<meta property=\"article:modified_time\" content=\"2025-10-30T11:11:13+00:00\" \/>\n<meta name=\"twitter:card\" content=\"summary_large_image\" \/>\n<meta name=\"twitter:label1\" content=\"Est. reading time\" \/>\n\t<meta name=\"twitter:data1\" content=\"2 min\u00faty\" \/>\n<script type=\"application\/ld+json\" class=\"yoast-schema-graph\">{\"@context\":\"https:\/\/schema.org\",\"@graph\":[{\"@type\":\"WebPage\",\"@id\":\"https:\/\/www.iqh-institut.de\/team\/\",\"url\":\"https:\/\/www.iqh-institut.de\/team\/\",\"name\":\"Team - IQH Institut\",\"isPartOf\":{\"@id\":\"https:\/\/www.iqh-institut.de\/#website\"},\"datePublished\":\"2018-11-05T11:13:20+00:00\",\"dateModified\":\"2025-10-30T11:11:13+00:00\",\"breadcrumb\":{\"@id\":\"https:\/\/www.iqh-institut.de\/team\/#breadcrumb\"},\"inLanguage\":\"sk-SK\",\"potentialAction\":[{\"@type\":\"ReadAction\",\"target\":[\"https:\/\/www.iqh-institut.de\/team\/\"]}]},{\"@type\":\"BreadcrumbList\",\"@id\":\"https:\/\/www.iqh-institut.de\/team\/#breadcrumb\",\"itemListElement\":[{\"@type\":\"ListItem\",\"position\":1,\"name\":\"Startseite\",\"item\":\"https:\/\/www.iqh-institut.de\/\"},{\"@type\":\"ListItem\",\"position\":2,\"name\":\"Team\"}]},{\"@type\":\"WebSite\",\"@id\":\"https:\/\/www.iqh-institut.de\/#website\",\"url\":\"https:\/\/www.iqh-institut.de\/\",\"name\":\"IQH Institut\",\"description\":\"Internationale Akademie f\u00fcr Betreuung und Pflege\",\"publisher\":{\"@id\":\"https:\/\/www.iqh-institut.de\/#organization\"},\"potentialAction\":[{\"@type\":\"SearchAction\",\"target\":{\"@type\":\"EntryPoint\",\"urlTemplate\":\"https:\/\/www.iqh-institut.de\/?s={search_term_string}\"},\"query-input\":\"required name=search_term_string\"}],\"inLanguage\":\"sk-SK\"},{\"@type\":\"Organization\",\"@id\":\"https:\/\/www.iqh-institut.de\/#organization\",\"name\":\"IABP\",\"url\":\"https:\/\/www.iqh-institut.de\/\",\"logo\":{\"@type\":\"ImageObject\",\"inLanguage\":\"sk-SK\",\"@id\":\"https:\/\/www.iqh-institut.de\/#\/schema\/logo\/image\/\",\"url\":\"https:\/\/www.iqh-institut.de\/wp-content\/uploads\/2017\/03\/logo-1.jpg\",\"contentUrl\":\"https:\/\/www.iqh-institut.de\/wp-content\/uploads\/2017\/03\/logo-1.jpg\",\"width\":1500,\"height\":1500,\"caption\":\"IABP\"},\"image\":{\"@id\":\"https:\/\/www.iqh-institut.de\/#\/schema\/logo\/image\/\"}}]}<\/script>\n<!-- \/ Yoast SEO plugin. -->","yoast_head_json":{"title":"T\u00edm - IQH Institute","robots":{"index":"index","follow":"follow","max-snippet":"max-snippet:-1","max-image-preview":"max-image-preview:large","max-video-preview":"max-video-preview:-1"},"canonical":"https:\/\/www.iqh-institut.de\/sk\/team\/","og_locale":"sk_SK","og_type":"article","og_title":"Team - IQH Institut","og_description":"Team InstitutsleitungGesch\u00e4ftsf\u00fchrung: Frederic Seebohm, RechtsanwaltWissenschaftliche Gesamtleitung: Prof. Dr. Arne PetermannDigitalisierung, eLearning und Forschungsprojektleitung: Dr. Tobias EbbingAssoziierte Wissenschaftler und Lehrkr\u00e4fte Marc R\u00fctters, B.A. Franziska Zwiebler, B.A. Sabina Petermann, Gesundheits- u. Krankenpflegerin, Pflegeberaterin nach \u00a745 SGB XI, Fortbildung zur \u00dcbernahme von Leitungsaufgaben Ronald Lietzke, Gesundheits- u. Krankenpfleger f\u00fcr Leitungsfunktionen, Pflegeberater nach \u00a745 und \u00a77a SGB XI Sandra [&hellip;]","og_url":"https:\/\/www.iqh-institut.de\/sk\/team\/","og_site_name":"IQH Institut","article_modified_time":"2025-10-30T11:11:13+00:00","twitter_card":"summary_large_image","twitter_misc":{"Est. reading time":"2 min\u00faty"},"schema":{"@context":"https:\/\/schema.org","@graph":[{"@type":"WebPage","@id":"https:\/\/www.iqh-institut.de\/team\/","url":"https:\/\/www.iqh-institut.de\/team\/","name":"T\u00edm - IQH Institute","isPartOf":{"@id":"https:\/\/www.iqh-institut.de\/#website"},"datePublished":"2018-11-05T11:13:20+00:00","dateModified":"2025-10-30T11:11:13+00:00","breadcrumb":{"@id":"https:\/\/www.iqh-institut.de\/team\/#breadcrumb"},"inLanguage":"sk-SK","potentialAction":[{"@type":"ReadAction","target":["https:\/\/www.iqh-institut.de\/team\/"]}]},{"@type":"BreadcrumbList","@id":"https:\/\/www.iqh-institut.de\/team\/#breadcrumb","itemListElement":[{"@type":"ListItem","position":1,"name":"Startseite","item":"https:\/\/www.iqh-institut.de\/"},{"@type":"ListItem","position":2,"name":"Team"}]},{"@type":"WebSite","@id":"https:\/\/www.iqh-institut.de\/#website","url":"https:\/\/www.iqh-institut.de\/","name":"In\u0161tit\u00fat IQH","description":"Medzin\u00e1rodn\u00e1 akad\u00e9mia pre starostlivos\u0165 a o\u0161etrovate\u013estvo","publisher":{"@id":"https:\/\/www.iqh-institut.de\/#organization"},"potentialAction":[{"@type":"SearchAction","target":{"@type":"EntryPoint","urlTemplate":"https:\/\/www.iqh-institut.de\/?s={search_term_string}"},"query-input":"required name=search_term_string"}],"inLanguage":"sk-SK"},{"@type":"Organization","@id":"https:\/\/www.iqh-institut.de\/#organization","name":"IABP","url":"https:\/\/www.iqh-institut.de\/","logo":{"@type":"ImageObject","inLanguage":"sk-SK","@id":"https:\/\/www.iqh-institut.de\/#\/schema\/logo\/image\/","url":"https:\/\/www.iqh-institut.de\/wp-content\/uploads\/2017\/03\/logo-1.jpg","contentUrl":"https:\/\/www.iqh-institut.de\/wp-content\/uploads\/2017\/03\/logo-1.jpg","width":1500,"height":1500,"caption":"IABP"},"image":{"@id":"https:\/\/www.iqh-institut.de\/#\/schema\/logo\/image\/"}}]}},"lang":"de","translations":{"de":3240},"_links":{"self":[{"href":"https:\/\/www.iqh-institut.de\/sk\/wp-json\/wp\/v2\/pages\/3240"}],"collection":[{"href":"https:\/\/www.iqh-institut.de\/sk\/wp-json\/wp\/v2\/pages"}],"about":[{"href":"https:\/\/www.iqh-institut.de\/sk\/wp-json\/wp\/v2\/types\/page"}],"author":[{"embeddable":true,"href":"https:\/\/www.iqh-institut.de\/sk\/wp-json\/wp\/v2\/users\/2"}],"replies":[{"embeddable":true,"href":"https:\/\/www.iqh-institut.de\/sk\/wp-json\/wp\/v2\/comments?post=3240"}],"version-history":[{"count":27,"href":"https:\/\/www.iqh-institut.de\/sk\/wp-json\/wp\/v2\/pages\/3240\/revisions"}],"predecessor-version":[{"id":12013,"href":"https:\/\/www.iqh-institut.de\/sk\/wp-json\/wp\/v2\/pages\/3240\/revisions\/12013"}],"wp:attachment":[{"href":"https:\/\/www.iqh-institut.de\/sk\/wp-json\/wp\/v2\/media?parent=3240"}],"curies":[{"name":"wp","href":"https:\/\/api.w.org\/{rel}","templated":true}]}}