{"id":3238,"date":"2018-11-05T12:13:07","date_gmt":"2018-11-05T11:13:07","guid":{"rendered":"https:\/\/www.iqh-institut.de\/?page_id=3238"},"modified":"2018-11-05T12:22:45","modified_gmt":"2018-11-05T11:22:45","slug":"ziele","status":"publish","type":"page","link":"https:\/\/www.iqh-institut.de\/sk\/ziele\/","title":{"rendered":"Ciele"},"content":{"rendered":"<p>[et_pb_section bb_built=&#8221;1&#8243;][et_pb_row][et_pb_column type=&#8221;4_4&#8243;][et_pb_text admin_label=&#8221;Text h1: Ziele&#8221; _builder_version=&#8221;3.12.1&#8243;]<\/p>\n<h1>Ciele<\/h1>\n<p>[\/et_pb_text][et_pb_text admin_label=&#8221;Text: Beschreibung der Ziele&#8221; _builder_version=&#8221;3.12.1&#8243;]<\/p>\n<p>(1) In\u0161tit\u00fat pre kvalitu a inov\u00e1cie v dom\u00e1com z\u00e1sobovan\u00ed gGmbH (IQH) sleduje v\u00fdlu\u010dne a priamo charitat\u00edvne \u00fa\u010dely v zmysle \u010dasti \u201eda\u0148ovo zv\u00fdhodnen\u00e9 \u00fa\u010dely\u201c Fi\u0161k\u00e1lneho z\u00e1kona.<\/p>\n<p>(2) \u00da\u010delom spolo\u010dnosti je podporova\u0165 vedu a v\u00fdskum, starostlivos\u0165 o seniorov a odborn\u00e9 vzdel\u00e1vanie v zmysle \u00a7 52 ods. 2 \u010d. 1, 4 a 7 AO. Uvedomuj\u00fac si ve\u013ek\u00fd v\u00fdznam kvalifikovan\u00fdch pomocn\u00edkov pre star\u00fdch, chor\u00fdch a hendikepovan\u00fdch \u013eud\u00ed, spolo\u010dnos\u0165 kon\u00e1 najm\u00e4 v ich dom\u00e1com prostred\u00ed.<\/p>\n<p>(3) Tento \u00fa\u010del \u0161tat\u00fatu sa realizuje najm\u00e4 takto - IQH<\/p>\n<p>[\/et_pb_text][et_pb_text admin_label=&#8221;Text: Bullet Points&#8221; _builder_version=&#8221;3.12.1&#8243;]<\/p>\n<ul>\n<li>Navrhuje a realizuje praktick\u00fd v\u00fdskum s cie\u013eom vytv\u00e1ra\u0165 poznatky, ktor\u00e9 prispievaj\u00fa k inov\u00e1ci\u00e1m a vysokej kvalite v dom\u00e1cej starostlivosti o star\u0161\u00edch, chor\u00fdch a zdravotne postihnut\u00fdch<\/li>\n<li>navrhuje, pred\u00e1va a organizuje ponuky platen\u00fdch a bezplatn\u00fdch \u0161kolen\u00ed a \u010fal\u0161ieho vzdel\u00e1vania<\/li>\n<li>je zameran\u00fd na opatrovate\u013eov, registrovan\u00e9 a neregistrovan\u00e9 zdravotn\u00e9 sestry, dobrovo\u013en\u00edkov, pr\u00edbuzn\u00fdch a t\u00fdch, ktor\u00fdch sa starostlivos\u0165 t\u00fdka<\/li>\n<li>vyv\u00edja nov\u00e9 vzdel\u00e1vacie form\u00e1ty (zmie\u0161an\u00e9 vzdel\u00e1vanie) pomocou digit\u00e1lnych technol\u00f3gi\u00ed a umelej inteligencie<\/li>\n<li>okrem in\u00e9ho sa venuje t\u00e9mam starostlivosti, \u0161pecializovanej starostlivosti, poradenstva v oblasti starostlivosti a mana\u017ementu zdravia<\/li>\n<li>zabezpe\u010duje uzn\u00e1van\u00fa certifik\u00e1ciu svojich vzdel\u00e1vac\u00edch pon\u00fak<\/li>\n<li>siete so spolo\u010dnos\u0165ami a univerzitami v celej Eur\u00f3pe<\/li>\n<li>podporuje akceptovanie starostlivosti v dom\u00e1cej komunite prostredn\u00edctvom podujat\u00ed a v\u00fdskumn\u00fdch projektov<\/li>\n<li>umo\u017e\u0148uje t\u00fdm, ktor\u00ed sa podie\u013eaj\u00fa na starostlivosti v dom\u00e1cej komunite, kona\u0165 spravodlivo a udr\u017eate\u013ene<\/li>\n<li>informuje verejnos\u0165 a zdravotn\u00edcky priemysel prostredn\u00edctvom publik\u00e1ci\u00ed a podujat\u00ed<\/li>\n<\/ul>\n<p>[\/et_pb_text][\/et_pb_column][\/et_pb_row][\/et_pb_section]<\/p>","protected":false},"excerpt":{"rendered":"<p><div class=\"et_pb_row et_pb_row_0 et_pb_row_empty\">\n\t\t\t\t\n\t\t\t\t\n\t\t\t\t\n\t\t\t\t\n\t\t\t\t\n\t\t\t<\/div> Ziele (1) Das Institut f\u00fcr Qualit\u00e4t und Innovation in der h\u00e4uslichen Versorgung gGmbH (IQH) verfolgt ausschlie\u00dflich und unmittelbar gemeinn\u00fctzige Zwecke im Sinne des Abschnitts \u201eSteuerbeg\u00fcnstigte Zwecke\u201c der Abgabenordnung. (2) Zweck der Gesellschaft ist die F\u00f6rderung von Wissenschaft und Forschung, Altenhilfe und Berufsbildung im Sinne von \u00a7 52 Abs. 2 Nr. 1, 4 und 7 [&hellip;]<\/p>","protected":false},"author":2,"featured_media":0,"parent":0,"menu_order":0,"comment_status":"closed","ping_status":"closed","template":"","meta":{"_et_pb_use_builder":"on","_et_pb_old_content":"","_et_gb_content_width":""},"acf":[],"yoast_head":"<!-- This site is optimized with the Yoast SEO plugin v20.5 - https:\/\/yoast.com\/wordpress\/plugins\/seo\/ -->\n<title>Ziele - IQH Institut<\/title>\n<meta name=\"robots\" content=\"index, follow, max-snippet:-1, max-image-preview:large, max-video-preview:-1\" \/>\n<link rel=\"canonical\" href=\"https:\/\/www.iqh-institut.de\/sk\/ziele\/\" \/>\n<meta property=\"og:locale\" content=\"sk_SK\" \/>\n<meta property=\"og:type\" content=\"article\" \/>\n<meta property=\"og:title\" content=\"Ziele - IQH Institut\" \/>\n<meta property=\"og:description\" content=\"Ziele (1) Das Institut f\u00fcr Qualit\u00e4t und Innovation in der h\u00e4uslichen Versorgung gGmbH (IQH) verfolgt ausschlie\u00dflich und unmittelbar gemeinn\u00fctzige Zwecke im Sinne des Abschnitts \u201eSteuerbeg\u00fcnstigte Zwecke\u201c der Abgabenordnung. (2) Zweck der Gesellschaft ist die F\u00f6rderung von Wissenschaft und Forschung, Altenhilfe und Berufsbildung im Sinne von \u00a7 52 Abs. 2 Nr. 1, 4 und 7 [&hellip;]\" \/>\n<meta property=\"og:url\" content=\"https:\/\/www.iqh-institut.de\/sk\/ziele\/\" \/>\n<meta property=\"og:site_name\" content=\"IQH Institut\" \/>\n<meta property=\"article:modified_time\" content=\"2018-11-05T11:22:45+00:00\" \/>\n<meta name=\"twitter:card\" content=\"summary_large_image\" \/>\n<meta name=\"twitter:label1\" content=\"Est. reading time\" \/>\n\t<meta name=\"twitter:data1\" content=\"1 min\u00fata\" \/>\n<script type=\"application\/ld+json\" class=\"yoast-schema-graph\">{\"@context\":\"https:\/\/schema.org\",\"@graph\":[{\"@type\":\"WebPage\",\"@id\":\"https:\/\/www.iqh-institut.de\/ziele\/\",\"url\":\"https:\/\/www.iqh-institut.de\/ziele\/\",\"name\":\"Ziele - IQH Institut\",\"isPartOf\":{\"@id\":\"https:\/\/www.iqh-institut.de\/#website\"},\"datePublished\":\"2018-11-05T11:13:07+00:00\",\"dateModified\":\"2018-11-05T11:22:45+00:00\",\"breadcrumb\":{\"@id\":\"https:\/\/www.iqh-institut.de\/ziele\/#breadcrumb\"},\"inLanguage\":\"sk-SK\",\"potentialAction\":[{\"@type\":\"ReadAction\",\"target\":[\"https:\/\/www.iqh-institut.de\/ziele\/\"]}]},{\"@type\":\"BreadcrumbList\",\"@id\":\"https:\/\/www.iqh-institut.de\/ziele\/#breadcrumb\",\"itemListElement\":[{\"@type\":\"ListItem\",\"position\":1,\"name\":\"Startseite\",\"item\":\"https:\/\/www.iqh-institut.de\/\"},{\"@type\":\"ListItem\",\"position\":2,\"name\":\"Ziele\"}]},{\"@type\":\"WebSite\",\"@id\":\"https:\/\/www.iqh-institut.de\/#website\",\"url\":\"https:\/\/www.iqh-institut.de\/\",\"name\":\"IQH Institut\",\"description\":\"Internationale Akademie f\u00fcr Betreuung und Pflege\",\"publisher\":{\"@id\":\"https:\/\/www.iqh-institut.de\/#organization\"},\"potentialAction\":[{\"@type\":\"SearchAction\",\"target\":{\"@type\":\"EntryPoint\",\"urlTemplate\":\"https:\/\/www.iqh-institut.de\/?s={search_term_string}\"},\"query-input\":\"required name=search_term_string\"}],\"inLanguage\":\"sk-SK\"},{\"@type\":\"Organization\",\"@id\":\"https:\/\/www.iqh-institut.de\/#organization\",\"name\":\"IABP\",\"url\":\"https:\/\/www.iqh-institut.de\/\",\"logo\":{\"@type\":\"ImageObject\",\"inLanguage\":\"sk-SK\",\"@id\":\"https:\/\/www.iqh-institut.de\/#\/schema\/logo\/image\/\",\"url\":\"https:\/\/www.iqh-institut.de\/wp-content\/uploads\/2017\/03\/logo-1.jpg\",\"contentUrl\":\"https:\/\/www.iqh-institut.de\/wp-content\/uploads\/2017\/03\/logo-1.jpg\",\"width\":1500,\"height\":1500,\"caption\":\"IABP\"},\"image\":{\"@id\":\"https:\/\/www.iqh-institut.de\/#\/schema\/logo\/image\/\"}}]}<\/script>\n<!-- \/ Yoast SEO plugin. -->","yoast_head_json":{"title":"Ciele - IQH Institute","robots":{"index":"index","follow":"follow","max-snippet":"max-snippet:-1","max-image-preview":"max-image-preview:large","max-video-preview":"max-video-preview:-1"},"canonical":"https:\/\/www.iqh-institut.de\/sk\/ziele\/","og_locale":"sk_SK","og_type":"article","og_title":"Ziele - IQH Institut","og_description":"Ziele (1) Das Institut f\u00fcr Qualit\u00e4t und Innovation in der h\u00e4uslichen Versorgung gGmbH (IQH) verfolgt ausschlie\u00dflich und unmittelbar gemeinn\u00fctzige Zwecke im Sinne des Abschnitts \u201eSteuerbeg\u00fcnstigte Zwecke\u201c der Abgabenordnung. (2) Zweck der Gesellschaft ist die F\u00f6rderung von Wissenschaft und Forschung, Altenhilfe und Berufsbildung im Sinne von \u00a7 52 Abs. 2 Nr. 1, 4 und 7 [&hellip;]","og_url":"https:\/\/www.iqh-institut.de\/sk\/ziele\/","og_site_name":"IQH Institut","article_modified_time":"2018-11-05T11:22:45+00:00","twitter_card":"summary_large_image","twitter_misc":{"Est. reading time":"1 min\u00fata"},"schema":{"@context":"https:\/\/schema.org","@graph":[{"@type":"WebPage","@id":"https:\/\/www.iqh-institut.de\/ziele\/","url":"https:\/\/www.iqh-institut.de\/ziele\/","name":"Ciele - IQH Institute","isPartOf":{"@id":"https:\/\/www.iqh-institut.de\/#website"},"datePublished":"2018-11-05T11:13:07+00:00","dateModified":"2018-11-05T11:22:45+00:00","breadcrumb":{"@id":"https:\/\/www.iqh-institut.de\/ziele\/#breadcrumb"},"inLanguage":"sk-SK","potentialAction":[{"@type":"ReadAction","target":["https:\/\/www.iqh-institut.de\/ziele\/"]}]},{"@type":"BreadcrumbList","@id":"https:\/\/www.iqh-institut.de\/ziele\/#breadcrumb","itemListElement":[{"@type":"ListItem","position":1,"name":"Startseite","item":"https:\/\/www.iqh-institut.de\/"},{"@type":"ListItem","position":2,"name":"Ziele"}]},{"@type":"WebSite","@id":"https:\/\/www.iqh-institut.de\/#website","url":"https:\/\/www.iqh-institut.de\/","name":"In\u0161tit\u00fat IQH","description":"Medzin\u00e1rodn\u00e1 akad\u00e9mia pre starostlivos\u0165 a o\u0161etrovate\u013estvo","publisher":{"@id":"https:\/\/www.iqh-institut.de\/#organization"},"potentialAction":[{"@type":"SearchAction","target":{"@type":"EntryPoint","urlTemplate":"https:\/\/www.iqh-institut.de\/?s={search_term_string}"},"query-input":"required name=search_term_string"}],"inLanguage":"sk-SK"},{"@type":"Organization","@id":"https:\/\/www.iqh-institut.de\/#organization","name":"IABP","url":"https:\/\/www.iqh-institut.de\/","logo":{"@type":"ImageObject","inLanguage":"sk-SK","@id":"https:\/\/www.iqh-institut.de\/#\/schema\/logo\/image\/","url":"https:\/\/www.iqh-institut.de\/wp-content\/uploads\/2017\/03\/logo-1.jpg","contentUrl":"https:\/\/www.iqh-institut.de\/wp-content\/uploads\/2017\/03\/logo-1.jpg","width":1500,"height":1500,"caption":"IABP"},"image":{"@id":"https:\/\/www.iqh-institut.de\/#\/schema\/logo\/image\/"}}]}},"lang":"de","translations":{"de":3238},"_links":{"self":[{"href":"https:\/\/www.iqh-institut.de\/sk\/wp-json\/wp\/v2\/pages\/3238"}],"collection":[{"href":"https:\/\/www.iqh-institut.de\/sk\/wp-json\/wp\/v2\/pages"}],"about":[{"href":"https:\/\/www.iqh-institut.de\/sk\/wp-json\/wp\/v2\/types\/page"}],"author":[{"embeddable":true,"href":"https:\/\/www.iqh-institut.de\/sk\/wp-json\/wp\/v2\/users\/2"}],"replies":[{"embeddable":true,"href":"https:\/\/www.iqh-institut.de\/sk\/wp-json\/wp\/v2\/comments?post=3238"}],"version-history":[{"count":4,"href":"https:\/\/www.iqh-institut.de\/sk\/wp-json\/wp\/v2\/pages\/3238\/revisions"}],"predecessor-version":[{"id":3270,"href":"https:\/\/www.iqh-institut.de\/sk\/wp-json\/wp\/v2\/pages\/3238\/revisions\/3270"}],"wp:attachment":[{"href":"https:\/\/www.iqh-institut.de\/sk\/wp-json\/wp\/v2\/media?parent=3238"}],"curies":[{"name":"wp","href":"https:\/\/api.w.org\/{rel}","templated":true}]}}