{"id":3236,"date":"2018-11-05T12:11:19","date_gmt":"2018-11-05T11:11:19","guid":{"rendered":"https:\/\/www.iqh-institut.de\/?page_id=3236"},"modified":"2021-05-09T05:44:02","modified_gmt":"2021-05-09T03:44:02","slug":"startseite","status":"publish","type":"page","link":"https:\/\/www.iqh-institut.de\/","title":{"rendered":"Domovsk\u00e1 str\u00e1nka"},"content":{"rendered":"<p>[et_pb_section fb_built=&#8221;1&#8243; _builder_version=&#8221;3.22&#8243;][et_pb_row _builder_version=&#8221;3.25&#8243; background_size=&#8221;initial&#8221; background_position=&#8221;top_left&#8221; background_repeat=&#8221;repeat&#8221;][et_pb_column type=&#8221;4_4&#8243; _builder_version=&#8221;3.25&#8243; custom_padding=&#8221;|||&#8221; custom_padding__hover=&#8221;|||&#8221;][et_pb_text admin_label=&#8221;Text h1: Institutionelle Qualit\u00e4t und Innovation&#8221; _builder_version=&#8221;3.27.4&#8243;]<\/p>\n<h1>In\u0161tit\u00fat pre kvalitu a inov\u00e1cie v dom\u00e1cej starostlivosti (iQH)<\/h1>\n<p>[\/et_pb_text][et_pb_text admin_label=&#8221;Text: Beschreibung des IQH&#8221; _builder_version=&#8221;3.27.4&#8243;]\u2026 wurde in 2018 von 4 Professoren an der Berufsakademie f\u00fcr Gesundheits- und Sozialwesen Saarland mit Sitz in Saarbr\u00fccken und Quierschied gegr\u00fcndet, in Kooperation mit ausgew\u00e4hlten regionalen und bundesweit aktiven Partnern der Gesundheitswirtschaft, insb. im Bereich der h\u00e4uslichen Pflege und Betreuung.<\/p>\n<p>\u00dalohou IQH je koncepcia a realiz\u00e1cia praktick\u00e9ho v\u00fdskumu a \u010fal\u0161ieho vzdel\u00e1vania v r\u00e1mci dom\u00e1cej starostlivosti o star\u00fdch, chor\u00fdch a zdravotne postihnut\u00fdch \u013eud\u00ed.<\/p>\n<p>Zistite viac o tu <a href=\"https:\/\/www.iqh-institut.de\/ziele\/\"><u>Ciele IQH<\/u><\/a> a ten vzadu <a href=\"https:\/\/www.iqh-institut.de\/team\/\"><u>t\u00edm<\/u><\/a>\u00a0a n\u00e1\u0161 <span style=\"text-decoration: underline;\"><a href=\"https:\/\/www.iqh-institut.de\/kooperationspartner\/\">koopera\u010dn\u00fdm partnerom<\/a><\/span>. Podrobnosti tie\u017e udr\u017eiavame aktu\u00e1lne <a href=\"https:\/\/www.iqh-institut.de\/forschung\/\"><u>v\u00fdskumn\u00fdch projektov<\/u><\/a>\u00a0a k neust\u00e1le rast\u00facemu <a href=\"https:\/\/www.iqh-institut.de\/bildung\/\"><u>Vzdel\u00e1vacia ponuka IQH<\/u><\/a> pripraven\u00fd pre v\u00e1s.<\/p>\n<p>Ak sa z\u00fa\u010dastn\u00edte jedn\u00e9ho z na\u0161ich <a href=\"https:\/\/www.iqh-institut.de\/publikationen\/\"><u>publik\u00e1ci\u00ed<\/u><\/a> m\u00e1te z\u00e1ujem, m\u00f4\u017eete si ich bezplatne stiahnu\u0165 z na\u0161ej str\u00e1nky <a href=\"https:\/\/www.iqh-institut.de\/publikationen\/\"><u>oblas\u0165 s\u0165ahovania<\/u><\/a> stiahnu\u0165 alebo vy <a href=\"https:\/\/www.iqh-institut.de\/kontakt\/\"><u>kontaktova\u0165<\/u><\/a> iba my.<\/p>\n<p>Ak m\u00e1te z\u00e1ujem pracova\u0165 s IQH v oblasti v\u00fdskumu alebo vzdel\u00e1vania v dom\u00e1cej starostlivosti o star\u00fdch, chor\u00fdch alebo zdravotne postihnut\u00fdch \u013eud\u00ed, kontaktujte n\u00e1s priamo <a href=\"https:\/\/www.iqh-institut.de\/kontakt\/\"><u>Kontakt<\/u><\/a> hore s nami.<br \/>\n[\/et_pb_text][\/et_pb_column][\/et_pb_row][\/et_pb_section]<\/p>","protected":false},"excerpt":{"rendered":"<p>Institut f\u00fcr Qualit\u00e4t und Innovation in der h\u00e4uslichen Versorgung (iQH) \u2026 wurde in 2018 von 4 Professoren an der Berufsakademie f\u00fcr Gesundheits- und Sozialwesen Saarland mit Sitz in Saarbr\u00fccken und Quierschied gegr\u00fcndet, in Kooperation mit ausgew\u00e4hlten regionalen und bundesweit aktiven Partnern der Gesundheitswirtschaft, insb. im Bereich der h\u00e4uslichen Pflege und Betreuung. Auftrag des IQH ist [&hellip;]<\/p>","protected":false},"author":2,"featured_media":0,"parent":0,"menu_order":0,"comment_status":"closed","ping_status":"closed","template":"","meta":{"_et_pb_use_builder":"on","_et_pb_old_content":"[et_pb_section bb_built=\"1\"][et_pb_row][et_pb_column type=\"4_4\"][et_pb_text admin_label=\"Text h1: Institutionelle Qualit\u00e4t und Innovation\" _builder_version=\"3.12.1\"]\r\n<h1>Institut f\u00fcr Qualit\u00e4t und Innovation in der h\u00e4uslichen Versorgung (iQH)<\/h1>\r\n[\/et_pb_text][et_pb_text admin_label=\"Text: Beschreibung des IQH\" _builder_version=\"3.19\"]\r\n\r\n\u2026 wurde in 2018 von 4 Professoren an der Berufsakademie f\u00fcr Gesundheits- und Sozialwesen Saarland mit Sitz in Saarbr\u00fccken und Quierschied gegr\u00fcndet, in Kooperation mit ausgew\u00e4hlten regionalen und bundesweit aktiven Partnern der Gesundheitswirtschaft, insb. im Bereich der h\u00e4uslichen Pflege und Betreuung.\r\n\r\nAuftrag des IQH ist die Konzeption und Durchf\u00fchrung praxisnaher Forschung und Weiterbildung im Kontext der h\u00e4uslichen Versorgung alter, kranker und behinderter Menschen.\r\n\r\nErfahren Sie hier mehr \u00fcber die <a href=\"https:\/\/www.iqh-institut.de\/ziele\/\"><u>Ziele des IQH<\/u><\/a> und das dahinterstehende <a href=\"https:\/\/www.iqh-institut.de\/team\/\"><u>Team<\/u><\/a>\u00a0und unsere <span style=\"text-decoration: underline;\"><a href=\"https:\/\/www.iqh-institut.de\/kooperationspartner\/\">Kooperationspartner<\/a><\/span>. Au\u00dferdem halten wir Details zu aktuellen <a href=\"https:\/\/www.iqh-institut.de\/forschung\/\"><u>Forschungsprojekten<\/u><\/a>\u00a0und zum stetig wachsenden <a href=\"https:\/\/www.iqh-institut.de\/bildung\/\"><u>Bildungsangebot des IQH<\/u><\/a> f\u00fcr Sie bereit.\r\n\r\nWenn Sie an einer unserer <a href=\"https:\/\/www.iqh-institut.de\/publikationen\/\"><u>Publikationen<\/u><\/a> interessiert sind, k\u00f6nnen Sie diese entweder kostenfrei in unserem <a href=\"https:\/\/www.iqh-institut.de\/publikationen\/\"><u>Download-Bereich<\/u><\/a> herunter laden oder Sie <a href=\"https:\/\/www.iqh-institut.de\/kontakt\/\"><u>kontaktieren<\/u><\/a> uns einfach.\r\n\r\nWenn Sie Interesse an einer Zusammenarbeit mit dem IQH im Bereich Forschung oder Bildung in der h\u00e4uslichen Versorgung alter, kranker und behinderter Menschen haben, nehmen Sie bitte direkt <a href=\"https:\/\/www.iqh-institut.de\/kontakt\/\"><u>Kontakt<\/u><\/a> mit uns auf.\r\n\r\n[\/et_pb_text][\/et_pb_column][\/et_pb_row][\/et_pb_section]","_et_gb_content_width":""},"acf":[],"yoast_head":"<!-- This site is optimized with the Yoast SEO plugin v20.5 - https:\/\/yoast.com\/wordpress\/plugins\/seo\/ -->\n<title>Startseite - IQH Institut<\/title>\n<meta name=\"robots\" content=\"index, follow, max-snippet:-1, max-image-preview:large, max-video-preview:-1\" \/>\n<link rel=\"canonical\" href=\"https:\/\/www.iqh-institut.de\/sk\/\" \/>\n<meta property=\"og:locale\" content=\"sk_SK\" \/>\n<meta property=\"og:type\" content=\"article\" \/>\n<meta property=\"og:title\" content=\"Startseite - IQH Institut\" \/>\n<meta property=\"og:description\" content=\"Institut f\u00fcr Qualit\u00e4t und Innovation in der h\u00e4uslichen Versorgung (iQH) \u2026 wurde in 2018 von 4 Professoren an der Berufsakademie f\u00fcr Gesundheits- und Sozialwesen Saarland mit Sitz in Saarbr\u00fccken und Quierschied gegr\u00fcndet, in Kooperation mit ausgew\u00e4hlten regionalen und bundesweit aktiven Partnern der Gesundheitswirtschaft, insb. im Bereich der h\u00e4uslichen Pflege und Betreuung. Auftrag des IQH ist [&hellip;]\" \/>\n<meta property=\"og:url\" content=\"https:\/\/www.iqh-institut.de\/sk\/\" \/>\n<meta property=\"og:site_name\" content=\"IQH Institut\" \/>\n<meta property=\"article:modified_time\" content=\"2021-05-09T03:44:02+00:00\" \/>\n<meta name=\"twitter:card\" content=\"summary_large_image\" \/>\n<meta name=\"twitter:label1\" content=\"Est. reading time\" \/>\n\t<meta name=\"twitter:data1\" content=\"1 min\u00fata\" \/>\n<script type=\"application\/ld+json\" class=\"yoast-schema-graph\">{\"@context\":\"https:\/\/schema.org\",\"@graph\":[{\"@type\":\"WebPage\",\"@id\":\"https:\/\/www.iqh-institut.de\/\",\"url\":\"https:\/\/www.iqh-institut.de\/\",\"name\":\"Startseite - IQH Institut\",\"isPartOf\":{\"@id\":\"https:\/\/www.iqh-institut.de\/#website\"},\"datePublished\":\"2018-11-05T11:11:19+00:00\",\"dateModified\":\"2021-05-09T03:44:02+00:00\",\"breadcrumb\":{\"@id\":\"https:\/\/www.iqh-institut.de\/#breadcrumb\"},\"inLanguage\":\"sk-SK\",\"potentialAction\":[{\"@type\":\"ReadAction\",\"target\":[\"https:\/\/www.iqh-institut.de\/\"]}]},{\"@type\":\"BreadcrumbList\",\"@id\":\"https:\/\/www.iqh-institut.de\/#breadcrumb\",\"itemListElement\":[{\"@type\":\"ListItem\",\"position\":1,\"name\":\"Startseite\",\"item\":\"https:\/\/www.iqh-institut.de\/\"},{\"@type\":\"ListItem\",\"position\":2,\"name\":\"Startseite\"}]},{\"@type\":\"WebSite\",\"@id\":\"https:\/\/www.iqh-institut.de\/#website\",\"url\":\"https:\/\/www.iqh-institut.de\/\",\"name\":\"IQH Institut\",\"description\":\"Internationale Akademie f\u00fcr Betreuung und Pflege\",\"publisher\":{\"@id\":\"https:\/\/www.iqh-institut.de\/#organization\"},\"potentialAction\":[{\"@type\":\"SearchAction\",\"target\":{\"@type\":\"EntryPoint\",\"urlTemplate\":\"https:\/\/www.iqh-institut.de\/?s={search_term_string}\"},\"query-input\":\"required name=search_term_string\"}],\"inLanguage\":\"sk-SK\"},{\"@type\":\"Organization\",\"@id\":\"https:\/\/www.iqh-institut.de\/#organization\",\"name\":\"IABP\",\"url\":\"https:\/\/www.iqh-institut.de\/\",\"logo\":{\"@type\":\"ImageObject\",\"inLanguage\":\"sk-SK\",\"@id\":\"https:\/\/www.iqh-institut.de\/#\/schema\/logo\/image\/\",\"url\":\"https:\/\/www.iqh-institut.de\/wp-content\/uploads\/2017\/03\/logo-1.jpg\",\"contentUrl\":\"https:\/\/www.iqh-institut.de\/wp-content\/uploads\/2017\/03\/logo-1.jpg\",\"width\":1500,\"height\":1500,\"caption\":\"IABP\"},\"image\":{\"@id\":\"https:\/\/www.iqh-institut.de\/#\/schema\/logo\/image\/\"}}]}<\/script>\n<!-- \/ Yoast SEO plugin. -->","yoast_head_json":{"title":"Domov - IQH Institute","robots":{"index":"index","follow":"follow","max-snippet":"max-snippet:-1","max-image-preview":"max-image-preview:large","max-video-preview":"max-video-preview:-1"},"canonical":"https:\/\/www.iqh-institut.de\/sk\/","og_locale":"sk_SK","og_type":"article","og_title":"Startseite - IQH Institut","og_description":"Institut f\u00fcr Qualit\u00e4t und Innovation in der h\u00e4uslichen Versorgung (iQH) \u2026 wurde in 2018 von 4 Professoren an der Berufsakademie f\u00fcr Gesundheits- und Sozialwesen Saarland mit Sitz in Saarbr\u00fccken und Quierschied gegr\u00fcndet, in Kooperation mit ausgew\u00e4hlten regionalen und bundesweit aktiven Partnern der Gesundheitswirtschaft, insb. im Bereich der h\u00e4uslichen Pflege und Betreuung. Auftrag des IQH ist [&hellip;]","og_url":"https:\/\/www.iqh-institut.de\/sk\/","og_site_name":"IQH Institut","article_modified_time":"2021-05-09T03:44:02+00:00","twitter_card":"summary_large_image","twitter_misc":{"Est. reading time":"1 min\u00fata"},"schema":{"@context":"https:\/\/schema.org","@graph":[{"@type":"WebPage","@id":"https:\/\/www.iqh-institut.de\/","url":"https:\/\/www.iqh-institut.de\/","name":"Domov - IQH Institute","isPartOf":{"@id":"https:\/\/www.iqh-institut.de\/#website"},"datePublished":"2018-11-05T11:11:19+00:00","dateModified":"2021-05-09T03:44:02+00:00","breadcrumb":{"@id":"https:\/\/www.iqh-institut.de\/#breadcrumb"},"inLanguage":"sk-SK","potentialAction":[{"@type":"ReadAction","target":["https:\/\/www.iqh-institut.de\/"]}]},{"@type":"BreadcrumbList","@id":"https:\/\/www.iqh-institut.de\/#breadcrumb","itemListElement":[{"@type":"ListItem","position":1,"name":"Startseite","item":"https:\/\/www.iqh-institut.de\/"},{"@type":"ListItem","position":2,"name":"Startseite"}]},{"@type":"WebSite","@id":"https:\/\/www.iqh-institut.de\/#website","url":"https:\/\/www.iqh-institut.de\/","name":"In\u0161tit\u00fat IQH","description":"Medzin\u00e1rodn\u00e1 akad\u00e9mia pre starostlivos\u0165 a o\u0161etrovate\u013estvo","publisher":{"@id":"https:\/\/www.iqh-institut.de\/#organization"},"potentialAction":[{"@type":"SearchAction","target":{"@type":"EntryPoint","urlTemplate":"https:\/\/www.iqh-institut.de\/?s={search_term_string}"},"query-input":"required name=search_term_string"}],"inLanguage":"sk-SK"},{"@type":"Organization","@id":"https:\/\/www.iqh-institut.de\/#organization","name":"IABP","url":"https:\/\/www.iqh-institut.de\/","logo":{"@type":"ImageObject","inLanguage":"sk-SK","@id":"https:\/\/www.iqh-institut.de\/#\/schema\/logo\/image\/","url":"https:\/\/www.iqh-institut.de\/wp-content\/uploads\/2017\/03\/logo-1.jpg","contentUrl":"https:\/\/www.iqh-institut.de\/wp-content\/uploads\/2017\/03\/logo-1.jpg","width":1500,"height":1500,"caption":"IABP"},"image":{"@id":"https:\/\/www.iqh-institut.de\/#\/schema\/logo\/image\/"}}]}},"lang":"de","translations":{"de":3236,"pl":3542,"ru":7813,"ro":8079,"hr":8139},"_links":{"self":[{"href":"https:\/\/www.iqh-institut.de\/sk\/wp-json\/wp\/v2\/pages\/3236"}],"collection":[{"href":"https:\/\/www.iqh-institut.de\/sk\/wp-json\/wp\/v2\/pages"}],"about":[{"href":"https:\/\/www.iqh-institut.de\/sk\/wp-json\/wp\/v2\/types\/page"}],"author":[{"embeddable":true,"href":"https:\/\/www.iqh-institut.de\/sk\/wp-json\/wp\/v2\/users\/2"}],"replies":[{"embeddable":true,"href":"https:\/\/www.iqh-institut.de\/sk\/wp-json\/wp\/v2\/comments?post=3236"}],"version-history":[{"count":10,"href":"https:\/\/www.iqh-institut.de\/sk\/wp-json\/wp\/v2\/pages\/3236\/revisions"}],"predecessor-version":[{"id":7055,"href":"https:\/\/www.iqh-institut.de\/sk\/wp-json\/wp\/v2\/pages\/3236\/revisions\/7055"}],"wp:attachment":[{"href":"https:\/\/www.iqh-institut.de\/sk\/wp-json\/wp\/v2\/media?parent=3236"}],"curies":[{"name":"wp","href":"https:\/\/api.w.org\/{rel}","templated":true}]}}