{"id":3248,"date":"2018-11-05T12:14:28","date_gmt":"2018-11-05T11:14:28","guid":{"rendered":"https:\/\/www.iqh-institut.de\/?page_id=3248"},"modified":"2025-10-30T12:23:35","modified_gmt":"2025-10-30T11:23:35","slug":"publikationen","status":"publish","type":"page","link":"https:\/\/www.iqh-institut.de\/hu\/publikationen\/","title":{"rendered":"kiadv\u00e1nyok"},"content":{"rendered":"<p>[et_pb_section fb_built=&#8221;1&#8243; _builder_version=&#8221;4.16&#8243; global_colors_info=&#8221;{}&#8221;][et_pb_row _builder_version=&#8221;4.16&#8243; background_size=&#8221;initial&#8221; background_position=&#8221;top_left&#8221; background_repeat=&#8221;repeat&#8221; global_colors_info=&#8221;{}&#8221;][et_pb_column type=&#8221;4_4&#8243; _builder_version=&#8221;4.16&#8243; custom_padding=&#8221;|||&#8221; global_colors_info=&#8221;{}&#8221; custom_padding__hover=&#8221;|||&#8221;][et_pb_text admin_label=&#8221;Text h1: Publikationen&#8221; _builder_version=&#8221;4.16&#8243; global_colors_info=&#8221;{}&#8221;]<\/p>\n<h1>kiadv\u00e1nyok<\/h1>\n<p>[\/et_pb_text][\/et_pb_column][\/et_pb_row][et_pb_row _builder_version=&#8221;4.16&#8243; background_size=&#8221;initial&#8221; background_position=&#8221;top_left&#8221; background_repeat=&#8221;repeat&#8221; global_colors_info=&#8221;{}&#8221;][et_pb_column type=&#8221;4_4&#8243; _builder_version=&#8221;4.16&#8243; custom_padding=&#8221;|||&#8221; global_colors_info=&#8221;{}&#8221; custom_padding__hover=&#8221;|||&#8221;][et_pb_text admin_label=&#8221;Text h2: 2020&#8243; _builder_version=&#8221;4.19.2&#8243; global_colors_info=&#8221;{}&#8221;]<\/p>\n<h2>2025<\/h2>\n<p>[\/et_pb_text][et_pb_text admin_label=&#8221;Text: Autonomie in Besch\u00e4ftigungsverh\u00e4ltnissen&#8221; _builder_version=&#8221;4.19.2&#8243; custom_padding=&#8221;||0px|||&#8221; global_colors_info=&#8221;{}&#8221;]<\/p>\n<div id=\"selectable\" class=\"suggested-citation\"><a href=\"http:\/\/dx.doi.org\/10.2139\/ssrn.5607890\" class=\"broken_link\" rel=\"nofollow\">Ebbing, Tobias \u00e9s Petermann, Arne, Fenntarthat\u00f3 \u00e9l\u0151 gondoz\u00e1si mobilit\u00e1s megval\u00f3s\u00edt\u00e1sa Eur\u00f3p\u00e1ban.<\/a> - Strat\u00e9giai dokumentum\u00a0<\/div>\n<div>\u00a0<\/div>\n<p style=\"font-weight: 400;\">[\/et_pb_text][\/et_pb_column][\/et_pb_row][et_pb_row _builder_version=&#8221;4.16&#8243; background_size=&#8221;initial&#8221; background_position=&#8221;top_left&#8221; background_repeat=&#8221;repeat&#8221; global_colors_info=&#8221;{}&#8221;][et_pb_column type=&#8221;4_4&#8243; _builder_version=&#8221;4.16&#8243; custom_padding=&#8221;|||&#8221; global_colors_info=&#8221;{}&#8221; custom_padding__hover=&#8221;|||&#8221;][et_pb_text admin_label=&#8221;Text h2: 2020&#8243; _builder_version=&#8221;4.19.2&#8243; global_colors_info=&#8221;{}&#8221;]<\/p>\n<h2>2024<\/h2>\n<p>&nbsp;<\/p>\n<p>[\/et_pb_text][et_pb_text admin_label=&#8221;Text: Autonomie in Besch\u00e4ftigungsverh\u00e4ltnissen&#8221; _builder_version=&#8221;4.19.2&#8243; custom_padding=&#8221;8px||0px|||&#8221; global_colors_info=&#8221;{}&#8221;]<\/p>\n<div id=\"selectable\" class=\"suggested-citation\"><a href=\"https:\/\/papers.ssrn.com\/sol3\/papers.cfm?abstract_id=5607771\" class=\"broken_link\" rel=\"nofollow\">Ebbing, Tobias \u00e9s Petermann, Arne, Munkaer\u0151-mobilit\u00e1s az Eur\u00f3pai Uni\u00f3ban - a h\u00e1ztart\u00e1si gondoz\u00f3kr\u00f3l, <\/a>A munkaer\u0151 mobilit\u00e1s\u00e1nak kih\u00edv\u00e1sai \u00e9s lehet\u0151s\u00e9gei az \u00e1pol\u00e1si \u00e9s gondoz\u00e1si munka ter\u00fclet\u00e9n (MobileCare projekt, 2025 febru\u00e1rj\u00e1ban fejez\u0151d\u00f6tt be).<\/div>\n<div class=\"suggested-citation\">\u00a0<\/div>\n<p>[\/et_pb_text][\/et_pb_column][\/et_pb_row][et_pb_row _builder_version=&#8221;4.16&#8243; background_size=&#8221;initial&#8221; background_position=&#8221;top_left&#8221; background_repeat=&#8221;repeat&#8221; global_colors_info=&#8221;{}&#8221;][et_pb_column type=&#8221;4_4&#8243; _builder_version=&#8221;4.16&#8243; custom_padding=&#8221;|||&#8221; global_colors_info=&#8221;{}&#8221; custom_padding__hover=&#8221;|||&#8221;][et_pb_text admin_label=&#8221;Text h2: 2020&#8243; _builder_version=&#8221;4.19.2&#8243; global_colors_info=&#8221;{}&#8221;]<\/p>\n<h2>2022<\/h2>\n<p>&nbsp;<\/p>\n<p>[\/et_pb_text][et_pb_text admin_label=&#8221;Text: Autonomie in Besch\u00e4ftigungsverh\u00e4ltnissen&#8221; _builder_version=&#8221;4.19.2&#8243; custom_padding=&#8221;8px||0px|||&#8221; global_colors_info=&#8221;{}&#8221;]<\/p>\n<div id=\"selectable\" class=\"suggested-citation\">Ebbing, Tobias, a fogyaszt\u00f3i innov\u00e1ci\u00f3k \u00e1raz\u00e1sa <a href=\"https:\/\/doi.org\/10.30819\/5510\">ISBN 978-3-8325-5510-8<\/a><\/div>\n<div class=\"suggested-citation\">\u00a0<\/div>\n<p>[\/et_pb_text][\/et_pb_column][\/et_pb_row][et_pb_row _builder_version=&#8221;4.16&#8243; background_size=&#8221;initial&#8221; background_position=&#8221;top_left&#8221; background_repeat=&#8221;repeat&#8221; global_colors_info=&#8221;{}&#8221;][et_pb_column type=&#8221;4_4&#8243; _builder_version=&#8221;4.16&#8243; custom_padding=&#8221;|||&#8221; global_colors_info=&#8221;{}&#8221; custom_padding__hover=&#8221;|||&#8221;][et_pb_text admin_label=&#8221;Text h2: 2020&#8243; _builder_version=&#8221;4.19.2&#8243; global_colors_info=&#8221;{}&#8221;]<\/p>\n<h2>2021<\/h2>\n<p>[\/et_pb_text][et_pb_text admin_label=&#8221;Text: Autonomie in Besch\u00e4ftigungsverh\u00e4ltnissen&#8221; _builder_version=&#8221;4.16&#8243; global_colors_info=&#8221;{}&#8221;]<\/p>\n<p><span><a href=\"https:\/\/scholar.google.pl\/citations?view_op=view_citation&amp;hl=de&amp;user=-JX8NgUAAAAJ&amp;sortby=pubdate&amp;citation_for_view=-JX8NgUAAAAJ:d1gkVwhDpl0C\" class=\"gsc_a_at\">Ebbing, T., L\u00fcthje, C. A fogyaszt\u00f3i innov\u00e1torok \u00e1rk\u00e9pz\u00e9si d\u00f6nt\u00e9sei, <\/a><\/span>Kutat\u00e1spolitika 50 (8), 104169<\/p>\n<p><span>\u00a0<\/span><span><\/span><\/p>\n<p>[\/et_pb_text][et_pb_text admin_label=&#8221;Text: Autonomie in Besch\u00e4ftigungsverh\u00e4ltnissen&#8221; _builder_version=&#8221;4.16&#8243; custom_padding=&#8221;||0px|||&#8221; global_colors_info=&#8221;{}&#8221;]<\/p>\n<p style=\"font-weight: 400;\"><span>Ebbing, T., L\u00fcthje, C., <a href=\"https:\/\/scholar.google.pl\/citations?view_op=view_citation&amp;hl=de&amp;user=-JX8NgUAAAAJ&amp;sortby=pubdate&amp;citation_for_view=-JX8NgUAAAAJ:Tyk-4Ss8FVUC\" class=\"gsc_a_at\">A fogyaszt\u00f3i innov\u00e1ci\u00f3 \u00e1r-keresleti f\u00fcggv\u00e9ny\u00e9nek \u00fajb\u00f3li vizsg\u00e1lata, <\/a><\/span>28. Innov\u00e1ci\u00f3s \u00e9s Term\u00e9kfejleszt\u00e9si Menedzsment Konferencia, IPDMC 2021<\/p>\n<p style=\"font-weight: 400;\"><span><a href=\"https:\/\/www.iqh-institut.de\/bildung\/\" target=\"_blank\" rel=\"noopener noreferrer\" title=\"A h\u00e1ztart\u00e1sok gondoz\u00f3ira vonatkoz\u00f3 k\u00e9pes\u00edt\u00e9si szabv\u00e1ny az SGB XI. \u00a7 45c (3) \u00e9s (3a) bekezd\u00e9se szerint\"><\/a><\/span><span><\/span><\/p>\n<p>[\/et_pb_text][et_pb_text admin_label=&#8221;Text: Autonomie in Besch\u00e4ftigungsverh\u00e4ltnissen&#8221; _builder_version=&#8221;4.19.2&#8243; custom_padding=&#8221;||0px|||&#8221; global_colors_info=&#8221;{}&#8221;]<\/p>\n<p style=\"font-weight: 400;\">Ebbing, T., L\u00fcthje, C., <a class=\"gsc_a_at\" href=\"https:\/\/scholar.google.pl\/citations?view_op=view_citation&amp;hl=de&amp;user=-JX8NgUAAAAJ&amp;sortby=pubdate&amp;citation_for_view=-JX8NgUAAAAJ:IjCSPb-OGe4C\">A fogyaszt\u00f3i innov\u00e1ci\u00f3 ir\u00e1nti kereslet \u00e1rrugalmass\u00e1ga, <\/a>Academy of Management Proceedings 2021<\/p>\n<p style=\"font-weight: 400;\">[\/et_pb_text][\/et_pb_column][\/et_pb_row][et_pb_row _builder_version=&#8221;4.16&#8243; background_size=&#8221;initial&#8221; background_position=&#8221;top_left&#8221; background_repeat=&#8221;repeat&#8221; global_colors_info=&#8221;{}&#8221;][et_pb_column type=&#8221;4_4&#8243; _builder_version=&#8221;4.16&#8243; custom_padding=&#8221;|||&#8221; global_colors_info=&#8221;{}&#8221; custom_padding__hover=&#8221;|||&#8221;][et_pb_text admin_label=&#8221;Text h2: 2020&#8243; _builder_version=&#8221;4.16&#8243; global_colors_info=&#8221;{}&#8221;]<\/p>\n<h2>2020<\/h2>\n<p>[\/et_pb_text][et_pb_text admin_label=&#8221;Text: Autonomie in Besch\u00e4ftigungsverh\u00e4ltnissen&#8221; _builder_version=&#8221;4.16&#8243; global_colors_info=&#8221;{}&#8221;]<\/p>\n<p><span><a href=\"https:\/\/www.semanticscholar.org\/paper\/Fairness-und-Autonomie-in-der-Betreuung-in-%E2%80%93-einer-Petermann-Jolly\/f7428d6408e3541fe56998b9852efec3433619b3\" target=\"_blank\" rel=\"noopener noreferrer\" title=\"M\u00e9lt\u00e1nyoss\u00e1g \u00e9s auton\u00f3mia a gondoz\u00f3k sz\u00e1m\u00e1ra az otthoni k\u00f6z\u00f6ss\u00e9gben\">Petermann, A., Jolly, G., Schrader, K. (2020): Fairness and autonomy for caregivers in home communities - results of an empirikus tanulm\u00e1ny, in: St\u00e4dtler-Mach, B., Ignatzi, H. (szerk.) : Sz\u00fcrke \u00e1pol\u00f3 piac. Kelet-eur\u00f3pai gondoz\u00f3k 24 \u00f3r\u00e1s t\u00e1mogat\u00e1sa, G\u00f6ttingen, 99-121.<\/a> <\/span><span><\/span><\/p>\n<p>[\/et_pb_text][et_pb_text admin_label=&#8221;Text: Autonomie in Besch\u00e4ftigungsverh\u00e4ltnissen&#8221; _builder_version=&#8221;4.16&#8243; global_colors_info=&#8221;{}&#8221;]<\/p>\n<p style=\"font-weight: 400;\"><span><a href=\"https:\/\/www.iqh-institut.de\/bildung\/\" target=\"_blank\" rel=\"noopener noreferrer\" title=\"A h\u00e1ztart\u00e1sok gondoz\u00f3ira vonatkoz\u00f3 k\u00e9pes\u00edt\u00e9si szabv\u00e1ny az SGB XI. \u00a7 45c (3) \u00e9s (3a) bekezd\u00e9se szerint\">Petermann, A. &amp; Lietzke, R (2020): Qualification Standard for caregivers in Home communities a \u00a745c 3. \u00e9s 3a SGB XI, in: IQH - Institute for Quality and Innovation in Domestic Care gGmbH (szerk.)<\/a><\/span><span><\/span><\/p>\n<p>[\/et_pb_text][et_pb_text admin_label=&#8221;Text: Autonomie in Besch\u00e4ftigungsverh\u00e4ltnissen&#8221; _builder_version=&#8221;4.16&#8243; custom_padding=&#8221;||0px|||&#8221; global_colors_info=&#8221;{}&#8221;]<\/p>\n<p style=\"font-weight: 400;\"><span><a href=\"https:\/\/www.iqh-institut.de\/bildung\/\" target=\"_blank\" rel=\"noopener noreferrer\" title=\"A h\u00e1ztart\u00e1sok gondoz\u00f3ira vonatkoz\u00f3 k\u00e9pes\u00edt\u00e9si szabv\u00e1ny az SGB XI. \u00a7 45c (3) \u00e9s (3a) bekezd\u00e9se szerint\">Ebbing, T., Accidental and User Entrepreneurship in Perspektiven des Entrepreneurships: Entrepreneurial Concepts between Theory and Practice, Kiad\u00f3: Sch\u00e4ffer-Poeschel<\/a><\/span><span><\/span><\/p>\n<p>[\/et_pb_text][\/et_pb_column][\/et_pb_row][et_pb_row _builder_version=&#8221;4.16&#8243; background_size=&#8221;initial&#8221; background_position=&#8221;top_left&#8221; background_repeat=&#8221;repeat&#8221; global_colors_info=&#8221;{}&#8221;][et_pb_column type=&#8221;4_4&#8243; _builder_version=&#8221;4.16&#8243; custom_padding=&#8221;|||&#8221; global_colors_info=&#8221;{}&#8221; custom_padding__hover=&#8221;|||&#8221;][et_pb_text admin_label=&#8221;Text h2: 2019&#8243; _builder_version=&#8221;4.16&#8243; global_colors_info=&#8221;{}&#8221;]<\/p>\n<h2>2019<\/h2>\n<p>[\/et_pb_text][et_pb_text admin_label=&#8221;Text: Autonomie in Besch\u00e4ftigungsverh\u00e4ltnissen&#8221; _builder_version=&#8221;4.16&#8243; global_colors_info=&#8221;{}&#8221;]<a href=\"https:\/\/www.iqh-institut.de\/wp-content\/uploads\/2019\/10\/Studienergebnisse-Autonomie-und-Fairness-in-der-BihG-Stand-1.10.2019.pdf\">Petermann, A. (2019): M\u00e9lt\u00e1nyoss\u00e1g \u00e9s auton\u00f3mia a munkaviszonyokban az id\u0151s \u00e9s beteg emberek otthoni gondoz\u00e1s\u00e1ban \u00e9s \u00e1pol\u00e1s\u00e1ban, Institute for Quality and Innovation in Home Care, Saarbr\u00fccken.<\/a><br \/>\n[\/et_pb_text][et_pb_text admin_label=&#8221;Text: Autonomie in Besch\u00e4ftigungsverh\u00e4ltnissen&#8221; _builder_version=&#8221;4.16&#8243; global_colors_info=&#8221;{}&#8221;]<\/p>\n<p style=\"font-weight: 400;\"><a title=\"Gondoz\u00e1s egy h\u00e1ztart\u00e1sban (\u00fan. 24 \u00f3r\u00e1s gondoz\u00e1s): buktat\u00f3k a foglalkoztat\u00e1si \u00e9s t\u00e1rsadalombiztos\u00edt\u00e1si jog szempontj\u00e1b\u00f3l\" href=\"https:\/\/info.linara.de\/files\/linara\/pdf\/Berliner_Awaltsblatt_11-2019_Betreuung_in_haeuslicher_Gemeinschaft.pdf\" target=\"_blank\" rel=\"noopener noreferrer\">Petermann, A, Seebohm, F. (2019): Care in a Community (\u00fan. 24 \u00f3r\u00e1s gondoz\u00e1s): akad\u00e1lyok a munka- \u00e9s t\u00e1rsadalombiztos\u00edt\u00e1si jog szempontj\u00e1b\u00f3l, in: Berliner Anwaltsblatt 11\/2019, p.399.<\/a><\/p>\n<p>[\/et_pb_text][et_pb_text admin_label=&#8221;Text: Autonomie in Besch\u00e4ftigungsverh\u00e4ltnissen&#8221; _builder_version=&#8221;4.16&#8243; global_colors_info=&#8221;{}&#8221;]<\/p>\n<p style=\"font-weight: 400;\"><a href=\"https:\/\/link.springer.com\/article\/10.1007\/s40685-019-0083-9\" target=\"_blank\" rel=\"noopener noreferrer\" title=\"Visszatarthatja-e a hierarchia az \u00f6ner\u0151s\u00edt\u0151 folyamatok dinamik\u00e1j\u00e1t?\"><span>Petermann, A, Schrey\u00f6gg, G, F\u00fcrstenau, D. (2019): Meg tudja-e tartani a hierarchia az \u00f6ner\u0151s\u00edt\u0151 folyamatok dinamik\u00e1j\u00e1t? Egy szimul\u00e1ci\u00f3s tanulm\u00e1ny a hierarchi\u00e1k \u00fatf\u00fcgg\u0151s\u00e9g\u00e9r\u0151l. In: Business Research (2019. janu\u00e1r) 1-33.o., Springer International Publishing, ISSN 2198-2627<\/span><\/a><a href=\"https:\/\/www.linara.de\/modelle-der-24-stunden-pflege\" target=\"_blank\" rel=\"noopener noreferrer\" title=\"Gondoz\u00e1s egy h\u00e1ztart\u00e1sban (\u00fan. 24 \u00f3r\u00e1s gondoz\u00e1s): buktat\u00f3k a foglalkoztat\u00e1si \u00e9s t\u00e1rsadalombiztos\u00edt\u00e1si jog szempontj\u00e1b\u00f3l\"><\/a><\/p>\n<p>[\/et_pb_text][\/et_pb_column][\/et_pb_row][et_pb_row _builder_version=&#8221;4.16&#8243; background_size=&#8221;initial&#8221; background_position=&#8221;top_left&#8221; background_repeat=&#8221;repeat&#8221; global_colors_info=&#8221;{}&#8221;][et_pb_column type=&#8221;4_4&#8243; _builder_version=&#8221;4.16&#8243; custom_padding=&#8221;|||&#8221; global_colors_info=&#8221;{}&#8221; custom_padding__hover=&#8221;|||&#8221;][et_pb_text admin_label=&#8221;Text h2: 2018&#8243; _builder_version=&#8221;4.16&#8243; global_colors_info=&#8221;{}&#8221;]<\/p>\n<h2>2018<\/h2>\n<p>[\/et_pb_text][et_pb_text admin_label=&#8221;Text: Autonomie in Besch\u00e4ftigungsverh\u00e4ltnissen&#8221; _builder_version=&#8221;4.16&#8243; global_colors_info=&#8221;{}&#8221;]<\/p>\n<p><a href=\"https:\/\/www.iqh-institut.de\/wp-content\/uploads\/2020\/04\/2018-Petermann_Ebbing_Paul-Zum-T\u00e4tigkeitsprofil-von-polnischen-Betreuungspersonen-in-h\u00e4uslicher-Gemeinschaft.pdf\" rel=\"attachment wp-att-4823 noopener noreferrer\" target=\"_blank\" title=\"Az ugyanabban a h\u00e1ztart\u00e1sban \u00e9l\u0151 lengyel gondoz\u00f3k munkak\u00f6r\u00e9r\u0151l\">Petermann, A, Ebbing, T., Paul, M (2018): On the job profile of Polish caregivers in home communities, in: Heinhold, H. (szerk.): Nursing - but safe, VII. r\u00e9sz Szervezetfejleszt\u00e9s, 15. fejezet , Behr&#039;s Verlag, 1-18. o., ISBN: 978-3-89947-381-0.<\/a><\/p>\n<p>[\/et_pb_text][\/et_pb_column][\/et_pb_row][et_pb_row _builder_version=&#8221;4.16&#8243; background_size=&#8221;initial&#8221; background_position=&#8221;top_left&#8221; background_repeat=&#8221;repeat&#8221; global_colors_info=&#8221;{}&#8221;][et_pb_column type=&#8221;4_4&#8243; _builder_version=&#8221;4.16&#8243; custom_padding=&#8221;|||&#8221; global_colors_info=&#8221;{}&#8221; custom_padding__hover=&#8221;|||&#8221;][et_pb_text admin_label=&#8221;Text h2: 2017&#8243; _builder_version=&#8221;4.16&#8243; global_colors_info=&#8221;{}&#8221;]<\/p>\n<h2>2017<\/h2>\n<p>[\/et_pb_text][et_pb_text admin_label=&#8221;Text: T\u00e4tigkeitsprofil&#8221; _builder_version=&#8221;4.16&#8243; global_colors_info=&#8221;{}&#8221;]<\/p>\n<p><a href=\"https:\/\/www.iqh-institut.de\/petermann-et-al-2017_-das-taetigkeitsprofil-von-betreuungspersonen-in-haeuslicher-gemeinschaft\/\" target=\"_blank\" rel=\"noopener\">Peterman et al. (2017): A gondoz\u00f3k munkak\u00f6re a hazai k\u00f6z\u00f6ss\u00e9gekben, Saarbr\u00fccken.<\/a><\/p>\n<p>[\/et_pb_text][et_pb_text admin_label=&#8221;Text: T\u00e4tigkeitsprofil&#8221; _builder_version=&#8221;4.19.2&#8243; global_colors_info=&#8221;{}&#8221;]<\/p>\n<p>Ebbing, T., Cichosz, M., <a class=\"gsc_a_at\" href=\"https:\/\/scholar.google.pl\/citations?view_op=view_citation&amp;hl=de&amp;user=-JX8NgUAAAAJ&amp;sortby=pubdate&amp;citation_for_view=-JX8NgUAAAAJ:qjMakFHDy7sC\">Innov\u00e1ci\u00f3 a demenci\u00e1ban szenved\u0151 id\u0151sek sz\u00e1m\u00e1ra - lokaliz\u00e1ci\u00f3s technol\u00f3gia\u00e1tad\u00e1s, <\/a>International journal of pharmaceutical and healthcare marketing 11 (2), 183-197.<\/p>\n<p>[\/et_pb_text][\/et_pb_column][\/et_pb_row][\/et_pb_section]<\/p>","protected":false},"excerpt":{"rendered":"<p>Publikationen 2025Ebbing, Tobias and Petermann, Arne, Implementing Sustainable Live-In Care Mobility in Europe \u2013 Strategic Document\u00a0 \u00a0 2024 &nbsp;Ebbing, Tobias and Petermann, Arne, Arbeitsmobilit\u00e4t in der Europ\u00e4ischen Union \u2013 von Betreuungspersonen in h\u00e4uslicher Gemeinschaft, Herausforderungen und Chancen der Arbeitsmobilit\u00e4t im Bereich der Pflege- und Betreuungsarbeit (MobileCare-Projekt, Abgeschlossen Februar 2025). \u00a02022 &nbsp;Ebbing, Tobias, Pricing of Consumer [&hellip;]<\/p>","protected":false},"author":2,"featured_media":0,"parent":0,"menu_order":0,"comment_status":"closed","ping_status":"closed","template":"","meta":{"_et_pb_use_builder":"on","_et_pb_old_content":"","_et_gb_content_width":""},"acf":[],"yoast_head":"<!-- This site is optimized with the Yoast SEO plugin v20.5 - https:\/\/yoast.com\/wordpress\/plugins\/seo\/ -->\n<title>Publikationen - IQH Institut<\/title>\n<meta name=\"robots\" content=\"index, follow, max-snippet:-1, max-image-preview:large, max-video-preview:-1\" \/>\n<link rel=\"canonical\" href=\"https:\/\/www.iqh-institut.de\/hu\/publikationen\/\" \/>\n<meta property=\"og:locale\" content=\"hu_HU\" \/>\n<meta property=\"og:type\" content=\"article\" \/>\n<meta property=\"og:title\" content=\"Publikationen - IQH Institut\" \/>\n<meta property=\"og:description\" content=\"Publikationen 2025Ebbing, Tobias and Petermann, Arne, Implementing Sustainable Live-In Care Mobility in Europe \u2013 Strategic Document\u00a0 \u00a0 2024 &nbsp;Ebbing, Tobias and Petermann, Arne, Arbeitsmobilit\u00e4t in der Europ\u00e4ischen Union \u2013 von Betreuungspersonen in h\u00e4uslicher Gemeinschaft, Herausforderungen und Chancen der Arbeitsmobilit\u00e4t im Bereich der Pflege- und Betreuungsarbeit (MobileCare-Projekt, Abgeschlossen Februar 2025). \u00a02022 &nbsp;Ebbing, Tobias, Pricing of Consumer [&hellip;]\" \/>\n<meta property=\"og:url\" content=\"https:\/\/www.iqh-institut.de\/hu\/publikationen\/\" \/>\n<meta property=\"og:site_name\" content=\"IQH Institut\" \/>\n<meta property=\"article:modified_time\" content=\"2025-10-30T11:23:35+00:00\" \/>\n<meta name=\"twitter:card\" content=\"summary_large_image\" \/>\n<meta name=\"twitter:label1\" content=\"Est. reading time\" \/>\n\t<meta name=\"twitter:data1\" content=\"6 perc\" \/>\n<script type=\"application\/ld+json\" class=\"yoast-schema-graph\">{\"@context\":\"https:\/\/schema.org\",\"@graph\":[{\"@type\":\"WebPage\",\"@id\":\"https:\/\/www.iqh-institut.de\/publikationen\/\",\"url\":\"https:\/\/www.iqh-institut.de\/publikationen\/\",\"name\":\"Publikationen - IQH Institut\",\"isPartOf\":{\"@id\":\"https:\/\/www.iqh-institut.de\/#website\"},\"datePublished\":\"2018-11-05T11:14:28+00:00\",\"dateModified\":\"2025-10-30T11:23:35+00:00\",\"breadcrumb\":{\"@id\":\"https:\/\/www.iqh-institut.de\/publikationen\/#breadcrumb\"},\"inLanguage\":\"hu\",\"potentialAction\":[{\"@type\":\"ReadAction\",\"target\":[\"https:\/\/www.iqh-institut.de\/publikationen\/\"]}]},{\"@type\":\"BreadcrumbList\",\"@id\":\"https:\/\/www.iqh-institut.de\/publikationen\/#breadcrumb\",\"itemListElement\":[{\"@type\":\"ListItem\",\"position\":1,\"name\":\"Startseite\",\"item\":\"https:\/\/www.iqh-institut.de\/\"},{\"@type\":\"ListItem\",\"position\":2,\"name\":\"Publikationen\"}]},{\"@type\":\"WebSite\",\"@id\":\"https:\/\/www.iqh-institut.de\/#website\",\"url\":\"https:\/\/www.iqh-institut.de\/\",\"name\":\"IQH Institut\",\"description\":\"Internationale Akademie f\u00fcr Betreuung und Pflege\",\"publisher\":{\"@id\":\"https:\/\/www.iqh-institut.de\/#organization\"},\"potentialAction\":[{\"@type\":\"SearchAction\",\"target\":{\"@type\":\"EntryPoint\",\"urlTemplate\":\"https:\/\/www.iqh-institut.de\/?s={search_term_string}\"},\"query-input\":\"required name=search_term_string\"}],\"inLanguage\":\"hu\"},{\"@type\":\"Organization\",\"@id\":\"https:\/\/www.iqh-institut.de\/#organization\",\"name\":\"IABP\",\"url\":\"https:\/\/www.iqh-institut.de\/\",\"logo\":{\"@type\":\"ImageObject\",\"inLanguage\":\"hu\",\"@id\":\"https:\/\/www.iqh-institut.de\/#\/schema\/logo\/image\/\",\"url\":\"https:\/\/www.iqh-institut.de\/wp-content\/uploads\/2017\/03\/logo-1.jpg\",\"contentUrl\":\"https:\/\/www.iqh-institut.de\/wp-content\/uploads\/2017\/03\/logo-1.jpg\",\"width\":1500,\"height\":1500,\"caption\":\"IABP\"},\"image\":{\"@id\":\"https:\/\/www.iqh-institut.de\/#\/schema\/logo\/image\/\"}}]}<\/script>\n<!-- \/ Yoast SEO plugin. -->","yoast_head_json":{"title":"Publik\u00e1ci\u00f3k - IQH Institute","robots":{"index":"index","follow":"follow","max-snippet":"max-snippet:-1","max-image-preview":"max-image-preview:large","max-video-preview":"max-video-preview:-1"},"canonical":"https:\/\/www.iqh-institut.de\/hu\/publikationen\/","og_locale":"hu_HU","og_type":"article","og_title":"Publikationen - IQH Institut","og_description":"Publikationen 2025Ebbing, Tobias and Petermann, Arne, Implementing Sustainable Live-In Care Mobility in Europe \u2013 Strategic Document\u00a0 \u00a0 2024 &nbsp;Ebbing, Tobias and Petermann, Arne, Arbeitsmobilit\u00e4t in der Europ\u00e4ischen Union \u2013 von Betreuungspersonen in h\u00e4uslicher Gemeinschaft, Herausforderungen und Chancen der Arbeitsmobilit\u00e4t im Bereich der Pflege- und Betreuungsarbeit (MobileCare-Projekt, Abgeschlossen Februar 2025). \u00a02022 &nbsp;Ebbing, Tobias, Pricing of Consumer [&hellip;]","og_url":"https:\/\/www.iqh-institut.de\/hu\/publikationen\/","og_site_name":"IQH Institut","article_modified_time":"2025-10-30T11:23:35+00:00","twitter_card":"summary_large_image","twitter_misc":{"Est. reading time":"6 perc"},"schema":{"@context":"https:\/\/schema.org","@graph":[{"@type":"WebPage","@id":"https:\/\/www.iqh-institut.de\/publikationen\/","url":"https:\/\/www.iqh-institut.de\/publikationen\/","name":"Publik\u00e1ci\u00f3k - IQH Institute","isPartOf":{"@id":"https:\/\/www.iqh-institut.de\/#website"},"datePublished":"2018-11-05T11:14:28+00:00","dateModified":"2025-10-30T11:23:35+00:00","breadcrumb":{"@id":"https:\/\/www.iqh-institut.de\/publikationen\/#breadcrumb"},"inLanguage":"hu","potentialAction":[{"@type":"ReadAction","target":["https:\/\/www.iqh-institut.de\/publikationen\/"]}]},{"@type":"BreadcrumbList","@id":"https:\/\/www.iqh-institut.de\/publikationen\/#breadcrumb","itemListElement":[{"@type":"ListItem","position":1,"name":"Startseite","item":"https:\/\/www.iqh-institut.de\/"},{"@type":"ListItem","position":2,"name":"Publikationen"}]},{"@type":"WebSite","@id":"https:\/\/www.iqh-institut.de\/#website","url":"https:\/\/www.iqh-institut.de\/","name":"IQH Int\u00e9zet","description":"Nemzetk\u00f6zi Gondoz\u00e1si \u00e9s \u00c1pol\u00e1si Akad\u00e9mia","publisher":{"@id":"https:\/\/www.iqh-institut.de\/#organization"},"potentialAction":[{"@type":"SearchAction","target":{"@type":"EntryPoint","urlTemplate":"https:\/\/www.iqh-institut.de\/?s={search_term_string}"},"query-input":"required name=search_term_string"}],"inLanguage":"hu"},{"@type":"Organization","@id":"https:\/\/www.iqh-institut.de\/#organization","name":"IABP","url":"https:\/\/www.iqh-institut.de\/","logo":{"@type":"ImageObject","inLanguage":"hu","@id":"https:\/\/www.iqh-institut.de\/#\/schema\/logo\/image\/","url":"https:\/\/www.iqh-institut.de\/wp-content\/uploads\/2017\/03\/logo-1.jpg","contentUrl":"https:\/\/www.iqh-institut.de\/wp-content\/uploads\/2017\/03\/logo-1.jpg","width":1500,"height":1500,"caption":"IABP"},"image":{"@id":"https:\/\/www.iqh-institut.de\/#\/schema\/logo\/image\/"}}]}},"lang":"de","translations":{"de":3248},"_links":{"self":[{"href":"https:\/\/www.iqh-institut.de\/hu\/wp-json\/wp\/v2\/pages\/3248"}],"collection":[{"href":"https:\/\/www.iqh-institut.de\/hu\/wp-json\/wp\/v2\/pages"}],"about":[{"href":"https:\/\/www.iqh-institut.de\/hu\/wp-json\/wp\/v2\/types\/page"}],"author":[{"embeddable":true,"href":"https:\/\/www.iqh-institut.de\/hu\/wp-json\/wp\/v2\/users\/2"}],"replies":[{"embeddable":true,"href":"https:\/\/www.iqh-institut.de\/hu\/wp-json\/wp\/v2\/comments?post=3248"}],"version-history":[{"count":18,"href":"https:\/\/www.iqh-institut.de\/hu\/wp-json\/wp\/v2\/pages\/3248\/revisions"}],"predecessor-version":[{"id":12020,"href":"https:\/\/www.iqh-institut.de\/hu\/wp-json\/wp\/v2\/pages\/3248\/revisions\/12020"}],"wp:attachment":[{"href":"https:\/\/www.iqh-institut.de\/hu\/wp-json\/wp\/v2\/media?parent=3248"}],"curies":[{"name":"wp","href":"https:\/\/api.w.org\/{rel}","templated":true}]}}