{"id":3246,"date":"2018-11-05T12:14:16","date_gmt":"2018-11-05T11:14:16","guid":{"rendered":"https:\/\/www.iqh-institut.de\/?page_id=3246"},"modified":"2025-06-02T13:11:25","modified_gmt":"2025-06-02T11:11:25","slug":"kooperationspartner","status":"publish","type":"page","link":"https:\/\/www.iqh-institut.de\/hu\/kooperationspartner\/","title":{"rendered":"egy\u00fcttm\u0171k\u00f6d\u0151 partner"},"content":{"rendered":"<p>[et_pb_section fb_built=&#8221;1&#8243; _builder_version=&#8221;4.16&#8243; global_colors_info=&#8221;{}&#8221;][et_pb_row _builder_version=&#8221;4.16&#8243; background_size=&#8221;initial&#8221; background_position=&#8221;top_left&#8221; background_repeat=&#8221;repeat&#8221; global_colors_info=&#8221;{}&#8221;][et_pb_column type=&#8221;4_4&#8243; _builder_version=&#8221;4.16&#8243; custom_padding=&#8221;|||&#8221; global_colors_info=&#8221;{}&#8221; custom_padding__hover=&#8221;|||&#8221;][et_pb_text admin_label=&#8221;Text h1: Kooperationspartner&#8221; _builder_version=&#8221;4.16&#8243; global_colors_info=&#8221;{}&#8221;]<\/p>\n<h1>egy\u00fcttm\u0171k\u00f6d\u0151 partnerek \u00e9s \u00fcgyfelek<\/h1>\n<p>[\/et_pb_text][et_pb_text admin_label=&#8221;Text: Kooperationspartner&#8221; _builder_version=&#8221;4.16&#8243; global_colors_info=&#8221;{}&#8221;]<\/p>\n<p>&nbsp;<\/p>\n<p>&nbsp;<\/p>\n<p>Asociatia \u00c1pol\u00e1si Akad\u00e9mia, Kolozsv\u00e1r\u00a0<\/p>\n<p>Saarlandi Kooperat\u00edv Oktat\u00e1si Egyetem (BAGSS), Saarbr\u00fccken<\/p>\n<p>Bravecare Sp. z oo, Vars\u00f3<\/p>\n<p>Brinkmann Pflege- und Betreuungsleistungen GmbH, Oerlinghausen\u00a0<\/p>\n<p>sz\u00f6vets\u00e9gi v<span style=\"font-size: 14px;\">Otthoni Gondoz\u00e1si \u00e9s \u00c1pol\u00e1si Egyes\u00fclet (VHBP), Bonn<\/span><\/p>\n<p><span style=\"font-size: 14px;\">CareWork Seniorenhilfe Deutschland GmbH, Stuttgart<\/span><\/p>\n<p><span style=\"font-size: 14px;\">CareWork Sp.zo.o. Sp.k., Poznan<\/span><\/p>\n<p>Global Care Pflegedienst GmbH, Berlin<\/p>\n<p><span style=\"font-size: 14px;\">Help4seniors Michaele Niclaus, D\u00fcsseldorf<\/span><\/p>\n<p><span style=\"font-size: 14px;\">Linara ambul\u00e1ns ell\u00e1t\u00e1si szolg\u00e1ltat\u00e1sok GmbH, Berlin\/Bonn<\/span><\/p>\n<p>Linara GmbH, Berlin<\/p>\n<p>Linara Faircare GmbH, Nuthe glaci\u00e1lis v\u00f6lgy<\/p>\n<p>marta GmbH, Berlin<\/p>\n<p>Michels Projekt GmbH, Seelze<\/p>\n<p><span>Saar-vid\u00e9ki Szoci\u00e1lis, Eg\u00e9szs\u00e9g\u00fcgyi, N\u0151k \u00e9s Csal\u00e1d\u00fcgyi Miniszt\u00e9rium, Saarbr\u00fccken<\/span><\/p>\n<p><span>Gondoz\u00e1si iroda Erni 24, Kappelrodeck<\/span><\/p>\n<p>Nursing Heroes Franchise GmbH, Itzehoe<\/p>\n<p>Sz\u00edvek szoptat\u00e1sa, Schiffweiler<\/p>\n<p><span style=\"font-size: 14px;\"><span>SC Seniogermania24 SRL, Kolozsv\u00e1r<\/span><\/span><\/p>\n<p>Saarland Nursing Society eV, Saarbr\u00fccken<\/p>\n<p>Id\u0151sgondoz\u00e1s Saar, Schiffweiler<\/p>\n<p>Senopart szem\u00e9lyre szabott id\u0151sgondoz\u00e1s, Reutlingen<\/p>\n<p>SHD \u2013 Seniorenhilfe Dortmund GmbH, Dortmund<\/p>\n<p>Sofiapflege GmbH, Leonberg<\/p>\n<p><span><\/span><span>St. Elisabeth Nursing Agency GmbH, K\u00f6ln<\/span>\u00a0<\/p>\n<p>Sunacare GmbH, Berlin\u00a0<\/p>\n<p>Vis-a-vis24 GmbH &amp; Co KG, Augsburg<\/p>\n<p><span style=\"font-size: 14px;\"><\/span><\/p>\n<p>[\/et_pb_text][\/et_pb_column][\/et_pb_row][\/et_pb_section]<\/p>","protected":false},"excerpt":{"rendered":"<p>Kooperationspartner und Auftraggeber&nbsp; &nbsp; Asociatia Pflegeakademie, Cluj\u00a0 Berufsakademie f\u00fcr Gesundheits- und Sozialwesen Saarland (BAGSS), Saarbr\u00fccken Bravecare Sp. z o.o., Warschau Brinkmann Pflege- und Betreuungsleistungen GmbH, Oerlinghausen\u00a0 Bundesverband f\u00fcr h\u00e4usliche Betreuung und Pflege e.V. (VHBP), Bonn CareWork Seniorenhilfe Deutschland GmbH, Stuttgart CareWork Sp.zo.o. Sp. k., Poznan Global Care Pflegedienst GmbH, Berlin Help4seniors Michaele Niclaus, D\u00fcsseldorf Linara [&hellip;]<\/p>","protected":false},"author":2,"featured_media":0,"parent":0,"menu_order":0,"comment_status":"closed","ping_status":"closed","template":"","meta":{"_et_pb_use_builder":"on","_et_pb_old_content":"","_et_gb_content_width":""},"acf":[],"yoast_head":"<!-- This site is optimized with the Yoast SEO plugin v20.5 - https:\/\/yoast.com\/wordpress\/plugins\/seo\/ -->\n<title>Kooperationspartner - IQH Institut<\/title>\n<meta name=\"robots\" content=\"index, follow, max-snippet:-1, max-image-preview:large, max-video-preview:-1\" \/>\n<link rel=\"canonical\" href=\"https:\/\/www.iqh-institut.de\/hu\/kooperationspartner\/\" \/>\n<meta property=\"og:locale\" content=\"hu_HU\" \/>\n<meta property=\"og:type\" content=\"article\" \/>\n<meta property=\"og:title\" content=\"Kooperationspartner - IQH Institut\" \/>\n<meta property=\"og:description\" content=\"Kooperationspartner und Auftraggeber&nbsp; &nbsp; Asociatia Pflegeakademie, Cluj\u00a0 Berufsakademie f\u00fcr Gesundheits- und Sozialwesen Saarland (BAGSS), Saarbr\u00fccken Bravecare Sp. z o.o., Warschau Brinkmann Pflege- und Betreuungsleistungen GmbH, Oerlinghausen\u00a0 Bundesverband f\u00fcr h\u00e4usliche Betreuung und Pflege e.V. (VHBP), Bonn CareWork Seniorenhilfe Deutschland GmbH, Stuttgart CareWork Sp.zo.o. Sp. k., Poznan Global Care Pflegedienst GmbH, Berlin Help4seniors Michaele Niclaus, D\u00fcsseldorf Linara [&hellip;]\" \/>\n<meta property=\"og:url\" content=\"https:\/\/www.iqh-institut.de\/hu\/kooperationspartner\/\" \/>\n<meta property=\"og:site_name\" content=\"IQH Institut\" \/>\n<meta property=\"article:modified_time\" content=\"2025-06-02T11:11:25+00:00\" \/>\n<meta name=\"twitter:card\" content=\"summary_large_image\" \/>\n<meta name=\"twitter:label1\" content=\"Est. reading time\" \/>\n\t<meta name=\"twitter:data1\" content=\"1 perc\" \/>\n<script type=\"application\/ld+json\" class=\"yoast-schema-graph\">{\"@context\":\"https:\/\/schema.org\",\"@graph\":[{\"@type\":\"WebPage\",\"@id\":\"https:\/\/www.iqh-institut.de\/kooperationspartner\/\",\"url\":\"https:\/\/www.iqh-institut.de\/kooperationspartner\/\",\"name\":\"Kooperationspartner - IQH Institut\",\"isPartOf\":{\"@id\":\"https:\/\/www.iqh-institut.de\/#website\"},\"datePublished\":\"2018-11-05T11:14:16+00:00\",\"dateModified\":\"2025-06-02T11:11:25+00:00\",\"breadcrumb\":{\"@id\":\"https:\/\/www.iqh-institut.de\/kooperationspartner\/#breadcrumb\"},\"inLanguage\":\"hu\",\"potentialAction\":[{\"@type\":\"ReadAction\",\"target\":[\"https:\/\/www.iqh-institut.de\/kooperationspartner\/\"]}]},{\"@type\":\"BreadcrumbList\",\"@id\":\"https:\/\/www.iqh-institut.de\/kooperationspartner\/#breadcrumb\",\"itemListElement\":[{\"@type\":\"ListItem\",\"position\":1,\"name\":\"Startseite\",\"item\":\"https:\/\/www.iqh-institut.de\/\"},{\"@type\":\"ListItem\",\"position\":2,\"name\":\"Kooperationspartner\"}]},{\"@type\":\"WebSite\",\"@id\":\"https:\/\/www.iqh-institut.de\/#website\",\"url\":\"https:\/\/www.iqh-institut.de\/\",\"name\":\"IQH Institut\",\"description\":\"Internationale Akademie f\u00fcr Betreuung und Pflege\",\"publisher\":{\"@id\":\"https:\/\/www.iqh-institut.de\/#organization\"},\"potentialAction\":[{\"@type\":\"SearchAction\",\"target\":{\"@type\":\"EntryPoint\",\"urlTemplate\":\"https:\/\/www.iqh-institut.de\/?s={search_term_string}\"},\"query-input\":\"required name=search_term_string\"}],\"inLanguage\":\"hu\"},{\"@type\":\"Organization\",\"@id\":\"https:\/\/www.iqh-institut.de\/#organization\",\"name\":\"IABP\",\"url\":\"https:\/\/www.iqh-institut.de\/\",\"logo\":{\"@type\":\"ImageObject\",\"inLanguage\":\"hu\",\"@id\":\"https:\/\/www.iqh-institut.de\/#\/schema\/logo\/image\/\",\"url\":\"https:\/\/www.iqh-institut.de\/wp-content\/uploads\/2017\/03\/logo-1.jpg\",\"contentUrl\":\"https:\/\/www.iqh-institut.de\/wp-content\/uploads\/2017\/03\/logo-1.jpg\",\"width\":1500,\"height\":1500,\"caption\":\"IABP\"},\"image\":{\"@id\":\"https:\/\/www.iqh-institut.de\/#\/schema\/logo\/image\/\"}}]}<\/script>\n<!-- \/ Yoast SEO plugin. -->","yoast_head_json":{"title":"Egy\u00fcttm\u0171k\u00f6d\u0151 partner - IQH Institute","robots":{"index":"index","follow":"follow","max-snippet":"max-snippet:-1","max-image-preview":"max-image-preview:large","max-video-preview":"max-video-preview:-1"},"canonical":"https:\/\/www.iqh-institut.de\/hu\/kooperationspartner\/","og_locale":"hu_HU","og_type":"article","og_title":"Kooperationspartner - IQH Institut","og_description":"Kooperationspartner und Auftraggeber&nbsp; &nbsp; Asociatia Pflegeakademie, Cluj\u00a0 Berufsakademie f\u00fcr Gesundheits- und Sozialwesen Saarland (BAGSS), Saarbr\u00fccken Bravecare Sp. z o.o., Warschau Brinkmann Pflege- und Betreuungsleistungen GmbH, Oerlinghausen\u00a0 Bundesverband f\u00fcr h\u00e4usliche Betreuung und Pflege e.V. (VHBP), Bonn CareWork Seniorenhilfe Deutschland GmbH, Stuttgart CareWork Sp.zo.o. Sp. k., Poznan Global Care Pflegedienst GmbH, Berlin Help4seniors Michaele Niclaus, D\u00fcsseldorf Linara [&hellip;]","og_url":"https:\/\/www.iqh-institut.de\/hu\/kooperationspartner\/","og_site_name":"IQH Institut","article_modified_time":"2025-06-02T11:11:25+00:00","twitter_card":"summary_large_image","twitter_misc":{"Est. reading time":"1 perc"},"schema":{"@context":"https:\/\/schema.org","@graph":[{"@type":"WebPage","@id":"https:\/\/www.iqh-institut.de\/kooperationspartner\/","url":"https:\/\/www.iqh-institut.de\/kooperationspartner\/","name":"Egy\u00fcttm\u0171k\u00f6d\u0151 partner - IQH Institute","isPartOf":{"@id":"https:\/\/www.iqh-institut.de\/#website"},"datePublished":"2018-11-05T11:14:16+00:00","dateModified":"2025-06-02T11:11:25+00:00","breadcrumb":{"@id":"https:\/\/www.iqh-institut.de\/kooperationspartner\/#breadcrumb"},"inLanguage":"hu","potentialAction":[{"@type":"ReadAction","target":["https:\/\/www.iqh-institut.de\/kooperationspartner\/"]}]},{"@type":"BreadcrumbList","@id":"https:\/\/www.iqh-institut.de\/kooperationspartner\/#breadcrumb","itemListElement":[{"@type":"ListItem","position":1,"name":"Startseite","item":"https:\/\/www.iqh-institut.de\/"},{"@type":"ListItem","position":2,"name":"Kooperationspartner"}]},{"@type":"WebSite","@id":"https:\/\/www.iqh-institut.de\/#website","url":"https:\/\/www.iqh-institut.de\/","name":"IQH Int\u00e9zet","description":"Nemzetk\u00f6zi Gondoz\u00e1si \u00e9s \u00c1pol\u00e1si Akad\u00e9mia","publisher":{"@id":"https:\/\/www.iqh-institut.de\/#organization"},"potentialAction":[{"@type":"SearchAction","target":{"@type":"EntryPoint","urlTemplate":"https:\/\/www.iqh-institut.de\/?s={search_term_string}"},"query-input":"required name=search_term_string"}],"inLanguage":"hu"},{"@type":"Organization","@id":"https:\/\/www.iqh-institut.de\/#organization","name":"IABP","url":"https:\/\/www.iqh-institut.de\/","logo":{"@type":"ImageObject","inLanguage":"hu","@id":"https:\/\/www.iqh-institut.de\/#\/schema\/logo\/image\/","url":"https:\/\/www.iqh-institut.de\/wp-content\/uploads\/2017\/03\/logo-1.jpg","contentUrl":"https:\/\/www.iqh-institut.de\/wp-content\/uploads\/2017\/03\/logo-1.jpg","width":1500,"height":1500,"caption":"IABP"},"image":{"@id":"https:\/\/www.iqh-institut.de\/#\/schema\/logo\/image\/"}}]}},"lang":"de","translations":{"de":3246},"_links":{"self":[{"href":"https:\/\/www.iqh-institut.de\/hu\/wp-json\/wp\/v2\/pages\/3246"}],"collection":[{"href":"https:\/\/www.iqh-institut.de\/hu\/wp-json\/wp\/v2\/pages"}],"about":[{"href":"https:\/\/www.iqh-institut.de\/hu\/wp-json\/wp\/v2\/types\/page"}],"author":[{"embeddable":true,"href":"https:\/\/www.iqh-institut.de\/hu\/wp-json\/wp\/v2\/users\/2"}],"replies":[{"embeddable":true,"href":"https:\/\/www.iqh-institut.de\/hu\/wp-json\/wp\/v2\/comments?post=3246"}],"version-history":[{"count":10,"href":"https:\/\/www.iqh-institut.de\/hu\/wp-json\/wp\/v2\/pages\/3246\/revisions"}],"predecessor-version":[{"id":11809,"href":"https:\/\/www.iqh-institut.de\/hu\/wp-json\/wp\/v2\/pages\/3246\/revisions\/11809"}],"wp:attachment":[{"href":"https:\/\/www.iqh-institut.de\/hu\/wp-json\/wp\/v2\/media?parent=3246"}],"curies":[{"name":"wp","href":"https:\/\/api.w.org\/{rel}","templated":true}]}}