{"id":3244,"date":"2018-11-05T12:13:48","date_gmt":"2018-11-05T11:13:48","guid":{"rendered":"https:\/\/www.iqh-institut.de\/?page_id=3244"},"modified":"2026-04-21T12:45:52","modified_gmt":"2026-04-21T10:45:52","slug":"bildung","status":"publish","type":"page","link":"https:\/\/www.iqh-institut.de\/hu\/bildung\/","title":{"rendered":"Oktat\u00e1s"},"content":{"rendered":"<p>[et_pb_section fb_built=&#8221;1&#8243; _builder_version=&#8221;4.16&#8243; global_colors_info=&#8221;{}&#8221;][et_pb_row _builder_version=&#8221;4.16&#8243; background_size=&#8221;initial&#8221; background_position=&#8221;top_left&#8221; background_repeat=&#8221;repeat&#8221; global_colors_info=&#8221;{}&#8221;][et_pb_column type=&#8221;4_4&#8243; _builder_version=&#8221;4.16&#8243; custom_padding=&#8221;|||&#8221; global_colors_info=&#8221;{}&#8221; custom_padding__hover=&#8221;|||&#8221;][et_pb_text admin_label=&#8221;Text h1: Bildung&#8221; _builder_version=&#8221;4.16&#8243; global_colors_info=&#8221;{}&#8221;]<\/p>\n<h1>Oktat\u00e1s<\/h1>\n<p>[\/et_pb_text][et_pb_text admin_label=&#8221;Text: Beschreibung&#8221; _builder_version=&#8221;4.16&#8243; global_colors_info=&#8221;{}&#8221;]In der Fort- und Weiterbildung konzentriert sich das IQH auf Zielgruppen, die direkt oder indirekt an der Erbringung von Pflege- und Betreuungsdienstleistungen in der h\u00e4uslichen Versorgung beteiligt sind. Das IQH<\/p>\n<ul>\n<li>fizet\u0151s \u00e9s ingyenes k\u00e9pz\u00e9si \u00e9s tov\u00e1bbk\u00e9pz\u00e9si aj\u00e1nlatokat tervez, \u00e9rt\u00e9kes\u00edt \u00e9s szervez<\/li>\n<li>gondoz\u00f3knak, regisztr\u00e1lt \u00e9s nem regisztr\u00e1lt \u00e1pol\u00f3knak, \u00f6nk\u00e9nteseknek, hozz\u00e1tartoz\u00f3knak \u00e9s az ell\u00e1t\u00e1sban \u00e9rintetteknek sz\u00f3l<\/li>\n<li>\u00faj oktat\u00e1si form\u00e1tumokat (blended learning) fejleszt ki a digit\u00e1lis technol\u00f3gia \u00e9s a mesters\u00e9ges intelligencia felhaszn\u00e1l\u00e1s\u00e1val<\/li>\n<\/ul>\n<p>[\/et_pb_text][\/et_pb_column][\/et_pb_row][\/et_pb_section][et_pb_section fb_built=&#8221;1&#8243; _builder_version=&#8221;4.16&#8243; global_colors_info=&#8221;{}&#8221;][et_pb_row _builder_version=&#8221;4.16&#8243; background_size=&#8221;initial&#8221; background_position=&#8221;top_left&#8221; background_repeat=&#8221;repeat&#8221; custom_padding=&#8221;||7px|||&#8221; global_colors_info=&#8221;{}&#8221;][et_pb_column type=&#8221;4_4&#8243; _builder_version=&#8221;4.16&#8243; custom_padding=&#8221;|||&#8221; global_colors_info=&#8221;{}&#8221; custom_padding__hover=&#8221;|||&#8221;][et_pb_text admin_label=&#8221;Text h2: Aktuelle Bildungsangebote&#8221; _builder_version=&#8221;4.16&#8243; global_colors_info=&#8221;{}&#8221;]<\/p>\n<h2>Jelenlegi k\u00e9pz\u00e9si programok \u00e9s helysz\u00ednek<\/h2>\n<p>[\/et_pb_text][\/et_pb_column][\/et_pb_row][et_pb_row _builder_version=&#8221;4.16&#8243; background_size=&#8221;initial&#8221; background_position=&#8221;top_left&#8221; background_repeat=&#8221;repeat&#8221; global_colors_info=&#8221;{}&#8221;][et_pb_column type=&#8221;4_4&#8243; _builder_version=&#8221;4.16&#8243; custom_padding=&#8221;|||&#8221; global_colors_info=&#8221;{}&#8221; custom_padding__hover=&#8221;|||&#8221;][et_pb_text admin_label=&#8221;Text: Beschreibung&#8221; _builder_version=&#8221;4.19.2&#8243; global_colors_info=&#8221;{}&#8221;]<\/p>\n<p>Tanfolyamainkat er\u0151s partnerek seg\u00edts\u00e9g\u00e9vel decentraliz\u00e1ltan lehet megszervezni. K\u00e9r\u00e9sre szem\u00e9lyre szabott koncepci\u00f3t tudunk biztos\u00edtani.<br \/>Helysz\u00edni k\u00e9pz\u00e9sek az \u00d6n telephely\u00e9n vagy k\u00e9pz\u00e9si k\u00f6zpontjaink egyik\u00e9ben is tarthat\u00f3k, minim\u00e1lis r\u00e9sztvev\u0151i l\u00e9tsz\u00e1mt\u00f3l vagy d\u00edjt\u00f3l f\u00fcgg\u0151en. Jelenleg a partnerh\u00e1l\u00f3zatunkon kereszt\u00fcl Saarbr\u00fcckenben, Schleswig-Holsteinben (Rendsburg k\u00f6zel\u00e9ben), Stuttgart k\u00f6zel\u00e9ben, Brandenburgban (Teltow-Fl\u00e4ming), Bonnban, Berlinben vagy Augsburgban \u00e1llnak rendelkez\u00e9sre k\u00e9pz\u00e9si helysz\u00ednek. K\u00e9rj\u00fck, l\u00e9pjen kapcsolatba vel\u00fcnk az egy\u00e9ni k\u00e9pz\u00e9si ig\u00e9nyeivel kapcsolatban.<\/p>\n<p>[\/et_pb_text][et_pb_text admin_label=&#8221;Text h3: F\u00fchrungskr\u00e4fteentwicklung&#8221; _builder_version=&#8221;4.16&#8243; global_colors_info=&#8221;{}&#8221;]<\/p>\n<h3>Vezet\u0151k tov\u00e1bbk\u00e9pz\u00e9se a csal\u00e1d \u00e9s a munka \u00f6sszeegyeztethet\u0151s\u00e9g\u00e9nek er\u0151s\u00edt\u00e9s\u00e9re a gondoz\u00e1sban<\/h3>\n<p>[\/et_pb_text][et_pb_text admin_label=&#8221;Text: F\u00fchrungskr\u00e4fteentwicklung&#8221; _builder_version=&#8221;4.16&#8243; global_colors_info=&#8221;{}&#8221;]<\/p>\n<p><strong>C\u00e9lcsoport:<\/strong><\/p>\n<p>A Saar-vid\u00e9ki j\u00e1r\u00f3- \u00e9s fekv\u0151beteg-ell\u00e1t\u00e1si int\u00e9zm\u00e9nyek vezet\u0151i \u00e9s vezet\u0151i<\/p>\n<p><strong>\u00dcgyf\u00e9l:\u00a0<\/strong><\/p>\n<p>A menedzsmentfejleszt\u00e9si programot a Saar-vid\u00e9ki Szoci\u00e1lis, Eg\u00e9szs\u00e9g\u00fcgyi, N\u0151k \u00e9s Csal\u00e1d\u00fcgyi Miniszt\u00e9rium megb\u00edz\u00e1s\u00e1b\u00f3l a BAGSS hajtja v\u00e9gre az IQH-val egy\u00fcttm\u0171k\u00f6dve.<\/p>\n<p><strong>A k\u00e9pz\u00e9si program \u00e1ltal\u00e1nos c\u00e9lja:<\/strong><\/p>\n<ol>\n<li>\u00e9rz\u00e9keny\u00edteni a r\u00e9sztvev\u0151ket a csal\u00e1d \u00e9s a munka \u00f6sszeegyeztet\u00e9s\u00e9nek (VvFuB) k\u00fcl\u00f6nleges kih\u00edv\u00e1saira a gondoz\u00e1sban<\/li>\n<li>hogy a r\u00e9sztvev\u0151k felismerj\u00e9k saj\u00e1t c\u00e9g\u00fckben a cselekv\u00e9s sz\u00fcks\u00e9gess\u00e9g\u00e9t a csal\u00e1d \u00e9s a munka \u00f6sszeegyeztethet\u0151s\u00e9ge (VvFuB) tekintet\u00e9ben.<\/li>\n<li>bemutatni a r\u00e9sztvev\u0151knek m\u00e1s szervezetek bev\u00e1lt gyakorlatait, \u00e9s konkr\u00e9t int\u00e9zked\u00e9seket \u00e9s eszk\u00f6z\u00f6ket biztos\u00edtani a saj\u00e1t c\u00e9g\u00fckben t\u00f6rt\u00e9n\u0151 v\u00e1ltoz\u00e1sok v\u00e9grehajt\u00e1s\u00e1hoz<\/li>\n<li>hogy a r\u00e9sztvev\u0151k n\u00f6velhess\u00e9k c\u00e9g\u00fck vonzerej\u00e9t a jelenlegi \u00e9s j\u00f6v\u0151beli munkav\u00e1llal\u00f3k gondoz\u00e1s\u00e1ban<\/li>\n<\/ol>\n<p><strong>Elj\u00e1r\u00e1s \u00e9s form\u00e1tum:<\/strong><\/p>\n<p>Ezeket a c\u00e9lokat az al\u00e1bbi h\u00e1romnapos modulok teljes\u00edt\u00e9s\u00e9vel \u00e9rj\u00fck el, amelyek gyakorlatorient\u00e1lt \u00e9s konkr\u00e9tan alkalmazhat\u00f3 eszk\u00f6z\u00f6ket \u00e9s m\u00f3dszereket adnak \u00e1t. A modulok mindegyike f\u00e9l napot vesz ig\u00e9nybe, hogy a r\u00e9sztvev\u0151k \u00f6sszekapcsolj\u00e1k a tov\u00e1bbk\u00e9pz\u00e9st \u00e9s a munk\u00e1t.<\/p>\n<ul>\n<li>Szervezeti \u00e9s szem\u00e9lyzeti telep\u00edt\u00e9si modul (modulfelel\u0151s: Prof. Dr. Arne Petermann)<\/li>\n<li>Modul motiv\u00e1ci\u00f3 \u00e9s vezet\u00e9s (a modul felel\u0151ss\u00e9ge: Prof. Dr. Franz Lorenz)<\/li>\n<li>V\u00e1llalati kult\u00fara modul (modulfelel\u0151s: Prof. Dr. Franz Lorenz)<\/li>\n<li>Szem\u00e9lyzet toborz\u00e1si \u00e9s megtart\u00e1si modul (a modul felel\u0151se: Prof. Dr. Arne Petermann)<\/li>\n<li>Szem\u00e9lyis\u00e9gelemz\u00e9s \u00e9s -fejleszt\u00e9s modul (modulfelel\u0151s: Prof. Dr. Franz Lorenz)<\/li>\n<\/ul>\n<p>A k\u00e9pz\u00e9sek koncepci\u00f3j\u00e1t \u00e9s min\u0151s\u00e9gbiztos\u00edt\u00e1s\u00e1t a Berufsakademie f\u00fcr Gesundheits- und Sozialwesen Saarland (BAGSS, <a href=\"http:\/\/www.bagss.de\">www.bagss.de<\/a> ) egy\u00fcttm\u0171k\u00f6dve az Institute for Quality and Innovation in Home Care gGmbH-val (IQH, <a href=\"https:\/\/www.iqh-institut.de\">www.iqh-institut.de<\/a> ) Prof. Dr. Arne Petermann r\u00e1j\u00f6tt.<\/p>\n<p>Az alkalmazott oktat\u00f3k, akiket els\u0151sorban a Saar-vid\u00e9ki \u00e1pol\u00f3i gyakorlatb\u00f3l \u00e9s a megl\u00e9v\u0151 tov\u00e1bbk\u00e9pz\u00e9si gyakorlatb\u00f3l vesznek fel, tapasztalt oktat\u00f3k \u00e9s oktat\u00f3k, akik bizony\u00edtott tudom\u00e1nyos \u00e9s\/vagy gyakorlati szak\u00e9rtelemmel rendelkeznek az adott oktat\u00e1si ter\u00fcleten, \u00e9s relev\u00e1ns referenci\u00e1kkal rendelkeznek a feln\u0151tt tov\u00e1bbk\u00e9pz\u00e9sben. Prof. Dr. Arne Peterman.<\/p>\n<p>Prof. Petermann a r\u00e9szmunkaid\u0151s vezet\u0151i k\u00e9pz\u00e9s r\u00e9szek\u00e9nt gyakorlati vezet\u0151k\u00e9pz\u00e9sre specializ\u00e1l\u00f3dott. T\u00f6bbek k\u00f6z\u00f6tt seg\u00edtette a N\u00e9met V\u00f6r\u00f6skereszt 120 vezet\u0151j\u00e9nek tov\u00e1bbk\u00e9pz\u00e9si programj\u00e1nak kidolgoz\u00e1s\u00e1t \u00e9s gyakorlati oktat\u00e1s\u00e1t. T\u00f6bb c\u00e9g alap\u00edt\u00f3jak\u00e9nt \u00e9s r\u00e9szv\u00e9nyesek\u00e9nt (t\u00f6bbek k\u00f6z\u00f6tt a Linara GmbH, a 3P Projects GmbH) t\u00f6bb mint 10 \u00e9ve tev\u00e9kenykedik a vezet\u0151k\u00e9pz\u00e9s ter\u00fclet\u00e9n, k\u00fcl\u00f6n\u00f6s tekintettel a szem\u00e9lyzet kiv\u00e1laszt\u00e1s\u00e1ra, szem\u00e9lyzeti menedzsmentre, szem\u00e9lyzetfejleszt\u00e9sre, vezet\u00e9sre, projektekre. menedzsment \u00e9s szervezetfejleszt\u00e9s. 2013-2017 k\u00f6z\u00f6tt a BAGSS &quot;Menedzsment az eg\u00e9szs\u00e9g\u00fcgyi szervezetekben&quot; tanfolyamot vezette, ahol a mai napig az Eg\u00e9szs\u00e9g\u00fcgyi \u00e9s Szoci\u00e1lis Szervezetek Menedzsment professzora.<\/p>\n<p>[\/et_pb_text][\/et_pb_column][\/et_pb_row][et_pb_row _builder_version=&#8221;4.16&#8243; background_size=&#8221;initial&#8221; background_position=&#8221;top_left&#8221; background_repeat=&#8221;repeat&#8221; global_colors_info=&#8221;{}&#8221;][et_pb_column type=&#8221;4_4&#8243; _builder_version=&#8221;4.16&#8243; custom_padding=&#8221;|||&#8221; global_colors_info=&#8221;{}&#8221; custom_padding__hover=&#8221;|||&#8221;][et_pb_text admin_label=&#8221;Text h3: Betreuungskraft ihG&#8221; _builder_version=&#8221;4.16&#8243; min_height=&#8221;64px&#8221; global_colors_info=&#8221;{}&#8221;]<\/p>\n<h3>Tov\u00e1bbk\u00e9pz\u00e9s \"az SGB XI 43b, 45a \u00e9s b, 53b \u00a7-ok szerinti gondoz\u00f3v\u00e1 v\u00e1l\u00e1shoz\".<\/h3>\n<p>[\/et_pb_text][et_pb_text admin_label=&#8221;Text: Betreuungskraft ihG&#8221; _builder_version=&#8221;4.16&#8243; global_colors_info=&#8221;{}&#8221;]<\/p>\n<p>A gondoz\u00f3k k\u00e9pzetts\u00e9ge a Bundesverband f\u00fcr h\u00e4usliche Betreuung und Pflege e.V. \u00e9s a GKV Spitzenverband k\u00e9pes\u00edt\u00e9si aj\u00e1nl\u00e1sainak megfelel\u0151en, az SGB XI. 43b, 45a\/b \u00e9s 53b \u00a7-ai szerint. A tanfolyamot a Registrierungsstelle beruflich Pflegender 40 tov\u00e1bbk\u00e9pz\u00e9si ponttal akkredit\u00e1lja a gondoz\u00f3k sz\u00e1m\u00e1ra.<\/p>\n<p>Let\u00f6lt\u00e9sek: <a title=\"IQH tananyagfel\u00fcgyel\u0151 ihG\" href=\"https:\/\/www.iqh-institut.de\/wp-content\/uploads\/2024\/10\/2024-07-23%20IQH%20Curriculum_Betreuungskraft%20nach%20%C2%A7%C2%A7%2043b%2045a%2Cb%2053b%20SGB%20XI.pdf\" target=\"_blank\" rel=\"attachment wp-att-4818 noopener noreferrer\">tanterv<\/a><\/p>\n<p>Form\u00e1tum: du\u00e1lis k\u00e9pz\u00e9s elm\u00e9leti \u00e9s gyakorlati modulokkal\u00a0<\/p>\n<p>Terjedelem: 160 egys\u00e9g elm\u00e9let \u00e9s 320 \u00f3ra gyakorlat, csak \u00e1pol\u00e1si gyakorlati partnerrel egy\u00fcttm\u0171k\u00f6dve teljes\u00edthet\u0151.<\/p>\n<p>Kezd\u00e9s: B\u00e1rmikor lehets\u00e9ges<\/p>\n<p>A tanfolyam d\u00edja: r\u00e9sztvev\u0151nk\u00e9nt 600 eur\u00f3 (ha nagyobb l\u00e9tsz\u00e1m\u00fa csoportos felt\u00e9teleket szeretne egyeztetni, k\u00e9rj\u00fck vegye fel vel\u00fcnk a kapcsolatot)<\/p>\n<p>[\/et_pb_text][\/et_pb_column][\/et_pb_row][et_pb_row _builder_version=&#8221;4.16&#8243; background_size=&#8221;initial&#8221; background_position=&#8221;top_left&#8221; background_repeat=&#8221;repeat&#8221; global_colors_info=&#8221;{}&#8221;][et_pb_column type=&#8221;4_4&#8243; _builder_version=&#8221;4.16&#8243; custom_padding=&#8221;|||&#8221; global_colors_info=&#8221;{}&#8221; custom_padding__hover=&#8221;|||&#8221;][et_pb_text admin_label=&#8221;Text h3: Fachberater&#8221; _builder_version=&#8221;4.16&#8243; min_height=&#8221;77px&#8221; global_colors_info=&#8221;{}&#8221;]<\/p>\n<h3>Tov\u00e1bbk\u00e9pz\u00e9s \"az SGB XI 43b, 45a \u00e9s b, 53b \u00a7-ok szerinti gondoz\u00f3v\u00e1 v\u00e1l\u00e1shoz\".<\/h3>\n<h3>bele\u00e9rtve a csal\u00e1dgondoz\u00f3k terheinek enyh\u00edt\u00e9s\u00e9t c\u00e9lz\u00f3 tan\u00e1csad\u00e1si k\u00e9szs\u00e9gekkel foglalkoz\u00f3 halad\u00f3 modult a 45a. \u00a7 (1) bekezd\u00e9s 2. pontja szerint.<\/h3>\n<p>[\/et_pb_text][et_pb_text admin_label=&#8221;Text: Fachberater&#8221; _builder_version=&#8221;4.16&#8243; global_colors_info=&#8221;{}&#8221;]<\/p>\n<p>A gondoz\u00e1sra szorul\u00f3k \u00e9s hozz\u00e1tartoz\u00f3ik oktat\u00e1s\u00e1ban r\u00e9szt vev\u0151 szem\u00e9lyek sz\u00e1m\u00e1ra, akik tan\u00e1csad\u00f3i min\u0151s\u00e9gben tev\u00e9kenykednek az otthoni gondoz\u00e1sban ny\u00fajtott gondoz\u00e1si \u00e9s t\u00e1mogat\u00f3 szolg\u00e1ltat\u00e1sokkal, k\u00fcl\u00f6n\u00f6s tekintettel az otthoni gondoz\u00e1s koncepci\u00f3ira (BihG).<\/p>\n<p>Let\u00f6lt\u00e9sek: <a title=\"IQH tantervi tan\u00e1csad\u00f3 ihG\" href=\"https:\/\/www.iqh-institut.de\/wp-content\/uploads\/2026\/04\/2026-04-21%20IQH%20Curriculum_Betreuungskraft%20nach%20%C2%A7%C2%A7%2043b%2045a%2Cb%2053b%20SGB%20XI%20Brandenburg%20mit%20Zusatzmodul%20Beratungskompetenz.pdf\" target=\"_blank\" rel=\"attachment wp-att-4817 noopener noreferrer\">tanterv<\/a><\/p>\n<p>Form\u00e1tum: du\u00e1lis k\u00e9pz\u00e9s elm\u00e9leti \u00e9s gyakorlati modulokkal\u00a0<\/p>\n<p>Terjedelem: 170 elm\u00e9leti egys\u00e9g \u00e9s 320 gyakorlati \u00f3ra, csak \u00e1pol\u00e1si gyakorlati partnerrel egy\u00fcttm\u0171k\u00f6dve teljes\u00edthet\u0151.<\/p>\n<p>Kezd\u00e9s: B\u00e1rmikor lehets\u00e9ges<\/p>\n<p>A tanfolyam d\u00edja: r\u00e9sztvev\u0151nk\u00e9nt 740 EUR (ha nagyobb l\u00e9tsz\u00e1m\u00fa csoportos felt\u00e9teleket szeretne egyeztetni, k\u00e9rj\u00fck, vegye fel vel\u00fcnk a kapcsolatot)<\/p>\n<p>[\/et_pb_text][\/et_pb_column][\/et_pb_row][et_pb_row _builder_version=&#8221;4.16&#8243; background_size=&#8221;initial&#8221; background_position=&#8221;top_left&#8221; background_repeat=&#8221;repeat&#8221; global_colors_info=&#8221;{}&#8221;][et_pb_column type=&#8221;4_4&#8243; _builder_version=&#8221;4.16&#8243; custom_padding=&#8221;|||&#8221; global_colors_info=&#8221;{}&#8221; custom_padding__hover=&#8221;|||&#8221;][et_pb_text admin_label=&#8221;Text h3: Fachkraft 2&#8243; _builder_version=&#8221;4.16&#8243; min_height=&#8221;58px&#8221; global_colors_info=&#8221;{}&#8221;]<\/p>\n<h3>Tov\u00e1bbk\u00e9pz\u00e9s az \u201eotthoni gondoz\u00e1s szak\u00e9rt\u0151j\u00e9v\u00e9\u201d (IQH tan\u00fas\u00edtv\u00e1nnyal)<\/h3>\n<p>[\/et_pb_text][et_pb_text admin_label=&#8221;Text: Fachkraft 2&#8243; _builder_version=&#8221;4.16&#8243; global_colors_info=&#8221;{}&#8221;]<\/p>\n<p>Otthoni gondoz\u00e1sban \u00e9s t\u00e1mogat\u00e1sban dolgoz\u00f3 szem\u00e9lyek sz\u00e1m\u00e1ra, akik p\u00e9ld\u00e1ul \u00e1pol\u00f3i szolg\u00e1latban vagy t\u00e1mogat\u00f3 szolg\u00e1latban dolgoznak, \u00e9s az id\u0151sek, betegek \u00e9s fogyat\u00e9kkal \u00e9l\u0151k h\u00e1zi seg\u00edts\u00e9gny\u00fajt\u00e1sa, t\u00e1mogat\u00e1sa \u00e9s alapell\u00e1t\u00e1sa ter\u00fclet\u00e9n v\u00e9geznek tev\u00e9kenys\u00e9get az SGB XI.<\/p>\n<p>Terjedelem: 600 \u00f3ra (ebb\u0151l 80 \u00f3ra elm\u00e9let \u00e9s 520 \u00f3ra gyakorlat, csak \u00e1pol\u00e1si gyakorlati partnerrel egy\u00fcttm\u0171k\u00f6dve teljes\u00edthet\u0151).<\/p>\n<p>Kezd\u00e9s: b\u00e1rmikor lehets\u00e9ges<\/p>\n<p>A tanfolyam d\u00edja: r\u00e9sztvev\u0151nk\u00e9nt 600 eur\u00f3 (ha nagyobb l\u00e9tsz\u00e1m\u00fa csoportos felt\u00e9teleket szeretne egyeztetni, k\u00e9rj\u00fck vegye fel vel\u00fcnk a kapcsolatot)<\/p>\n<p>[\/et_pb_text][\/et_pb_column][\/et_pb_row][\/et_pb_section]<\/p>","protected":false},"excerpt":{"rendered":"<p>Bildung In der Fort- und Weiterbildung konzentriert sich das IQH auf Zielgruppen, die direkt oder indirekt an der Erbringung von Pflege- und Betreuungsdienstleistungen in der h\u00e4uslichen Versorgung beteiligt sind. Das IQH konzipiert, vertreibt und organisiert entgeltliche und unentgeltliche Fort- und Weiterbildungsangebote wendet sich an Betreuungspersonen, examinierte und nicht-examinierte Pflegekr\u00e4fte, Ehrenamtliche, Angeh\u00f6rige und Pflegebetroffene entwickelt daf\u00fcr [&hellip;]<\/p>","protected":false},"author":2,"featured_media":0,"parent":0,"menu_order":0,"comment_status":"closed","ping_status":"closed","template":"","meta":{"_et_pb_use_builder":"on","_et_pb_old_content":"","_et_gb_content_width":""},"acf":[],"yoast_head":"<!-- This site is optimized with the Yoast SEO plugin v20.5 - https:\/\/yoast.com\/wordpress\/plugins\/seo\/ -->\n<title>Bildung - IQH Institut<\/title>\n<meta name=\"robots\" content=\"index, follow, max-snippet:-1, max-image-preview:large, max-video-preview:-1\" \/>\n<link rel=\"canonical\" href=\"https:\/\/www.iqh-institut.de\/hu\/bildung\/\" \/>\n<meta property=\"og:locale\" content=\"hu_HU\" \/>\n<meta property=\"og:type\" content=\"article\" \/>\n<meta property=\"og:title\" content=\"Bildung - IQH Institut\" \/>\n<meta property=\"og:description\" content=\"Bildung In der Fort- und Weiterbildung konzentriert sich das IQH auf Zielgruppen, die direkt oder indirekt an der Erbringung von Pflege- und Betreuungsdienstleistungen in der h\u00e4uslichen Versorgung beteiligt sind. Das IQH konzipiert, vertreibt und organisiert entgeltliche und unentgeltliche Fort- und Weiterbildungsangebote wendet sich an Betreuungspersonen, examinierte und nicht-examinierte Pflegekr\u00e4fte, Ehrenamtliche, Angeh\u00f6rige und Pflegebetroffene entwickelt daf\u00fcr [&hellip;]\" \/>\n<meta property=\"og:url\" content=\"https:\/\/www.iqh-institut.de\/hu\/bildung\/\" \/>\n<meta property=\"og:site_name\" content=\"IQH Institut\" \/>\n<meta property=\"article:modified_time\" content=\"2026-04-21T10:45:52+00:00\" \/>\n<meta name=\"twitter:card\" content=\"summary_large_image\" \/>\n<meta name=\"twitter:label1\" content=\"Est. reading time\" \/>\n\t<meta name=\"twitter:data1\" content=\"7 perc\" \/>\n<script type=\"application\/ld+json\" class=\"yoast-schema-graph\">{\"@context\":\"https:\/\/schema.org\",\"@graph\":[{\"@type\":\"WebPage\",\"@id\":\"https:\/\/www.iqh-institut.de\/bildung\/\",\"url\":\"https:\/\/www.iqh-institut.de\/bildung\/\",\"name\":\"Bildung - IQH Institut\",\"isPartOf\":{\"@id\":\"https:\/\/www.iqh-institut.de\/#website\"},\"datePublished\":\"2018-11-05T11:13:48+00:00\",\"dateModified\":\"2026-04-21T10:45:52+00:00\",\"breadcrumb\":{\"@id\":\"https:\/\/www.iqh-institut.de\/bildung\/#breadcrumb\"},\"inLanguage\":\"hu\",\"potentialAction\":[{\"@type\":\"ReadAction\",\"target\":[\"https:\/\/www.iqh-institut.de\/bildung\/\"]}]},{\"@type\":\"BreadcrumbList\",\"@id\":\"https:\/\/www.iqh-institut.de\/bildung\/#breadcrumb\",\"itemListElement\":[{\"@type\":\"ListItem\",\"position\":1,\"name\":\"Startseite\",\"item\":\"https:\/\/www.iqh-institut.de\/\"},{\"@type\":\"ListItem\",\"position\":2,\"name\":\"Bildung\"}]},{\"@type\":\"WebSite\",\"@id\":\"https:\/\/www.iqh-institut.de\/#website\",\"url\":\"https:\/\/www.iqh-institut.de\/\",\"name\":\"IQH Institut\",\"description\":\"Internationale Akademie f\u00fcr Betreuung und Pflege\",\"publisher\":{\"@id\":\"https:\/\/www.iqh-institut.de\/#organization\"},\"potentialAction\":[{\"@type\":\"SearchAction\",\"target\":{\"@type\":\"EntryPoint\",\"urlTemplate\":\"https:\/\/www.iqh-institut.de\/?s={search_term_string}\"},\"query-input\":\"required name=search_term_string\"}],\"inLanguage\":\"hu\"},{\"@type\":\"Organization\",\"@id\":\"https:\/\/www.iqh-institut.de\/#organization\",\"name\":\"IABP\",\"url\":\"https:\/\/www.iqh-institut.de\/\",\"logo\":{\"@type\":\"ImageObject\",\"inLanguage\":\"hu\",\"@id\":\"https:\/\/www.iqh-institut.de\/#\/schema\/logo\/image\/\",\"url\":\"https:\/\/www.iqh-institut.de\/wp-content\/uploads\/2017\/03\/logo-1.jpg\",\"contentUrl\":\"https:\/\/www.iqh-institut.de\/wp-content\/uploads\/2017\/03\/logo-1.jpg\",\"width\":1500,\"height\":1500,\"caption\":\"IABP\"},\"image\":{\"@id\":\"https:\/\/www.iqh-institut.de\/#\/schema\/logo\/image\/\"}}]}<\/script>\n<!-- \/ Yoast SEO plugin. -->","yoast_head_json":{"title":"Oktat\u00e1s - IQH Int\u00e9zet","robots":{"index":"index","follow":"follow","max-snippet":"max-snippet:-1","max-image-preview":"max-image-preview:large","max-video-preview":"max-video-preview:-1"},"canonical":"https:\/\/www.iqh-institut.de\/hu\/bildung\/","og_locale":"hu_HU","og_type":"article","og_title":"Bildung - IQH Institut","og_description":"Bildung In der Fort- und Weiterbildung konzentriert sich das IQH auf Zielgruppen, die direkt oder indirekt an der Erbringung von Pflege- und Betreuungsdienstleistungen in der h\u00e4uslichen Versorgung beteiligt sind. Das IQH konzipiert, vertreibt und organisiert entgeltliche und unentgeltliche Fort- und Weiterbildungsangebote wendet sich an Betreuungspersonen, examinierte und nicht-examinierte Pflegekr\u00e4fte, Ehrenamtliche, Angeh\u00f6rige und Pflegebetroffene entwickelt daf\u00fcr [&hellip;]","og_url":"https:\/\/www.iqh-institut.de\/hu\/bildung\/","og_site_name":"IQH Institut","article_modified_time":"2026-04-21T10:45:52+00:00","twitter_card":"summary_large_image","twitter_misc":{"Est. reading time":"7 perc"},"schema":{"@context":"https:\/\/schema.org","@graph":[{"@type":"WebPage","@id":"https:\/\/www.iqh-institut.de\/bildung\/","url":"https:\/\/www.iqh-institut.de\/bildung\/","name":"Oktat\u00e1s - IQH Int\u00e9zet","isPartOf":{"@id":"https:\/\/www.iqh-institut.de\/#website"},"datePublished":"2018-11-05T11:13:48+00:00","dateModified":"2026-04-21T10:45:52+00:00","breadcrumb":{"@id":"https:\/\/www.iqh-institut.de\/bildung\/#breadcrumb"},"inLanguage":"hu","potentialAction":[{"@type":"ReadAction","target":["https:\/\/www.iqh-institut.de\/bildung\/"]}]},{"@type":"BreadcrumbList","@id":"https:\/\/www.iqh-institut.de\/bildung\/#breadcrumb","itemListElement":[{"@type":"ListItem","position":1,"name":"Startseite","item":"https:\/\/www.iqh-institut.de\/"},{"@type":"ListItem","position":2,"name":"Bildung"}]},{"@type":"WebSite","@id":"https:\/\/www.iqh-institut.de\/#website","url":"https:\/\/www.iqh-institut.de\/","name":"IQH Int\u00e9zet","description":"Nemzetk\u00f6zi Gondoz\u00e1si \u00e9s \u00c1pol\u00e1si Akad\u00e9mia","publisher":{"@id":"https:\/\/www.iqh-institut.de\/#organization"},"potentialAction":[{"@type":"SearchAction","target":{"@type":"EntryPoint","urlTemplate":"https:\/\/www.iqh-institut.de\/?s={search_term_string}"},"query-input":"required name=search_term_string"}],"inLanguage":"hu"},{"@type":"Organization","@id":"https:\/\/www.iqh-institut.de\/#organization","name":"IABP","url":"https:\/\/www.iqh-institut.de\/","logo":{"@type":"ImageObject","inLanguage":"hu","@id":"https:\/\/www.iqh-institut.de\/#\/schema\/logo\/image\/","url":"https:\/\/www.iqh-institut.de\/wp-content\/uploads\/2017\/03\/logo-1.jpg","contentUrl":"https:\/\/www.iqh-institut.de\/wp-content\/uploads\/2017\/03\/logo-1.jpg","width":1500,"height":1500,"caption":"IABP"},"image":{"@id":"https:\/\/www.iqh-institut.de\/#\/schema\/logo\/image\/"}}]}},"lang":"de","translations":{"de":3244},"_links":{"self":[{"href":"https:\/\/www.iqh-institut.de\/hu\/wp-json\/wp\/v2\/pages\/3244"}],"collection":[{"href":"https:\/\/www.iqh-institut.de\/hu\/wp-json\/wp\/v2\/pages"}],"about":[{"href":"https:\/\/www.iqh-institut.de\/hu\/wp-json\/wp\/v2\/types\/page"}],"author":[{"embeddable":true,"href":"https:\/\/www.iqh-institut.de\/hu\/wp-json\/wp\/v2\/users\/2"}],"replies":[{"embeddable":true,"href":"https:\/\/www.iqh-institut.de\/hu\/wp-json\/wp\/v2\/comments?post=3244"}],"version-history":[{"count":22,"href":"https:\/\/www.iqh-institut.de\/hu\/wp-json\/wp\/v2\/pages\/3244\/revisions"}],"predecessor-version":[{"id":12274,"href":"https:\/\/www.iqh-institut.de\/hu\/wp-json\/wp\/v2\/pages\/3244\/revisions\/12274"}],"wp:attachment":[{"href":"https:\/\/www.iqh-institut.de\/hu\/wp-json\/wp\/v2\/media?parent=3244"}],"curies":[{"name":"wp","href":"https:\/\/api.w.org\/{rel}","templated":true}]}}