{"id":3240,"date":"2018-11-05T12:13:20","date_gmt":"2018-11-05T11:13:20","guid":{"rendered":"https:\/\/www.iqh-institut.de\/?page_id=3240"},"modified":"2025-10-30T12:11:13","modified_gmt":"2025-10-30T11:11:13","slug":"team","status":"publish","type":"page","link":"https:\/\/www.iqh-institut.de\/hu\/team\/","title":{"rendered":"csapat"},"content":{"rendered":"<p>[et_pb_section fb_built=&#8221;1&#8243; _builder_version=&#8221;4.16&#8243; global_colors_info=&#8221;{}&#8221;][et_pb_row _builder_version=&#8221;4.16&#8243; background_size=&#8221;initial&#8221; background_position=&#8221;top_left&#8221; background_repeat=&#8221;repeat&#8221; global_colors_info=&#8221;{}&#8221;][et_pb_column type=&#8221;4_4&#8243; _builder_version=&#8221;4.16&#8243; custom_padding=&#8221;|||&#8221; global_colors_info=&#8221;{}&#8221; custom_padding__hover=&#8221;|||&#8221;][et_pb_text admin_label=&#8221;Text h1: Team&#8221; _builder_version=&#8221;4.16&#8243; global_colors_info=&#8221;{}&#8221;]<\/p>\n<h1>csapat<\/h1>\n<p>[\/et_pb_text][\/et_pb_column][\/et_pb_row][et_pb_row _builder_version=&#8221;4.16&#8243; background_size=&#8221;initial&#8221; background_position=&#8221;top_left&#8221; background_repeat=&#8221;repeat&#8221; global_colors_info=&#8221;{}&#8221;][et_pb_column type=&#8221;4_4&#8243; _builder_version=&#8221;4.16&#8243; custom_padding=&#8221;|||&#8221; global_colors_info=&#8221;{}&#8221; custom_padding__hover=&#8221;|||&#8221;][et_pb_text admin_label=&#8221;Text h2: Gesch\u00e4ftsf\u00fchrung &#8221; _builder_version=&#8221;4.19.2&#8243; global_colors_info=&#8221;{}&#8221;]<\/p>\n<h2>Int\u00e9zet vezet\u00e9se<\/h2>\n<p>[\/et_pb_text][et_pb_text admin_label=&#8221;Text: Beschreibung&#8221; _builder_version=&#8221;4.19.2&#8243; min_height=&#8221;50.8px&#8221; global_colors_info=&#8221;{}&#8221;]<\/p>\n<p><strong>\u00dcgyvezet\u0151k<\/strong>Frederic Seebohm, \u00fcgyv\u00e9d<br \/><strong>\u00c1ltal\u00e1nos tudom\u00e1nyos ir\u00e1ny\u00edt\u00e1s:<\/strong> Prof. Dr. Arne Peterman<br \/><strong>Digitaliz\u00e1ci\u00f3, eLearning \u00e9s kutat\u00e1si projektmenedzsment:<\/strong> dr T\u00f3bi\u00e1s Ebing<\/p>\n<p>[\/et_pb_text][\/et_pb_column][\/et_pb_row][et_pb_row _builder_version=&#8221;4.16&#8243; background_size=&#8221;initial&#8221; background_position=&#8221;top_left&#8221; background_repeat=&#8221;repeat&#8221; global_colors_info=&#8221;{}&#8221;][et_pb_column type=&#8221;4_4&#8243; _builder_version=&#8221;4.16&#8243; custom_padding=&#8221;|||&#8221; global_colors_info=&#8221;{}&#8221; custom_padding__hover=&#8221;|||&#8221;][et_pb_text admin_label=&#8221;Text h2: Assoziierte Wissenschaftler und Lehrkr\u00e4fte &#8221; _builder_version=&#8221;4.16&#8243; global_colors_info=&#8221;{}&#8221;]<\/p>\n<h2>T\u00e1rs tud\u00f3sok \u00e9s tan\u00e1rok<\/h2>\n<p>[\/et_pb_text][et_pb_text admin_label=&#8221;Text: Beschreibung&#8221; _builder_version=&#8221;4.16&#8243; global_colors_info=&#8221;{}&#8221;]<\/p>\n<p>Marc R\u00fctters, BA<\/p>\n<p>Franziska Zwiebler, BA<\/p>\n<p>Sabina Petermann, <em>Eg\u00e9szs\u00e9g\u00fcgyi \u00e9s \u00e1pol\u00e1si szakember, gondoz\u00e1si tan\u00e1csad\u00f3 az SGB XI 45. \u00a7-a szerint, tov\u00e1bbk\u00e9pz\u00e9s a vezet\u0151i feladatok \u00e1tv\u00e9tel\u00e9re.<br \/><\/em><\/p>\n<p>Ronald Lietzke, <em>Eg\u00e9szs\u00e9g\u00fcgyi \u00e9s \u00e1pol\u00f3n\u0151k vezet\u0151i feladatokhoz, \u00e1pol\u00e1si tan\u00e1csad\u00f3k az SGB XI. \u00a745 \u00e9s \u00a77a szerint<\/em><\/p>\n<p>Sandra Luehl, BA, <em>Vezet\u0151i \u00e1pol\u00f3n\u0151, \u00e1pol\u00e1si igazgat\u00f3-helyettes a Wallerfallen \u00e1llambeli St. Nikolaus K\u00f3rh\u00e1zban<\/em><\/p>\n<p>[\/et_pb_text][\/et_pb_column][\/et_pb_row][et_pb_row _builder_version=&#8221;4.16&#8243; background_size=&#8221;initial&#8221; background_position=&#8221;top_left&#8221; background_repeat=&#8221;repeat&#8221; global_colors_info=&#8221;{}&#8221;][et_pb_column type=&#8221;4_4&#8243; _builder_version=&#8221;4.16&#8243; custom_padding=&#8221;|||&#8221; global_colors_info=&#8221;{}&#8221; custom_padding__hover=&#8221;|||&#8221;][et_pb_text admin_label=&#8221;Text h2: Wissenschaftlicher Beirat&#8221; _builder_version=&#8221;4.16&#8243; global_colors_info=&#8221;{}&#8221;]<\/p>\n<h2>Tudom\u00e1nyos Tan\u00e1csad\u00f3 Test\u00fclet<\/h2>\n<p>[\/et_pb_text][et_pb_text admin_label=&#8221;Text: Beschreibung&#8221; _builder_version=&#8221;4.16&#8243; global_colors_info=&#8221;{}&#8221;]<\/p>\n<p>Prof. Dr. Franz Lorenz, nyugd\u00edjas. D.: a BAGSS BSc \u00e1pol\u00f3i programj\u00e1nak vezet\u0151je, a BAGSS rektora.<\/p>\n<p>Prof. Dr. Arne Petermann, a BAGSS kor\u00e1bbi, az eg\u00e9szs\u00e9g\u00fcgyi \u00e9s szoci\u00e1lis ell\u00e1t\u00f3 szervezetek menedzsmentj\u00e9nek professzora, <br \/>A Sz\u00f6vets\u00e9gi Sz\u00f6vets\u00e9gi Sz\u00f6vets\u00e9g az Otthoni Gondoz\u00e1s\u00e9rt \u00e9s \u00c1pol\u00e1s\u00e9rt e.V. igazgat\u00f3tan\u00e1cs\u00e1nak eln\u00f6khelyettese.<\/p>\n<p>Prof. Dr. J\u00fcrgen Stenger, a BAGSS eg\u00e9szs\u00e9g\u00fcgyi gazdas\u00e1gtan \u00e9s \u00e1pol\u00e1smenedzsment professzora, a Saarland Nursing Society \u00fcgyvezet\u0151 igazgat\u00f3ja<\/p>\n<p>[\/et_pb_text][\/et_pb_column][\/et_pb_row][et_pb_row _builder_version=&#8221;4.16&#8243; background_size=&#8221;initial&#8221; background_position=&#8221;top_left&#8221; background_repeat=&#8221;repeat&#8221; global_colors_info=&#8221;{}&#8221;][et_pb_column type=&#8221;4_4&#8243; _builder_version=&#8221;4.16&#8243; custom_padding=&#8221;|||&#8221; global_colors_info=&#8221;{}&#8221; custom_padding__hover=&#8221;|||&#8221;][et_pb_text admin_label=&#8221;Text h2: Praxisbeirat&#8221; _builder_version=&#8221;4.16&#8243; global_colors_info=&#8221;{}&#8221;]<\/p>\n<h2>Gyakorlati Tan\u00e1csad\u00f3 Test\u00fclet<\/h2>\n<p>[\/et_pb_text][et_pb_text admin_label=&#8221;Text: Beschreibung&#8221; _builder_version=&#8221;4.16&#8243; global_colors_info=&#8221;{}&#8221;]<\/p>\n<p>Dorota Lewandowska (CareWork Senior Aid N\u00e9metorsz\u00e1g, Stuttgart)<\/p>\n<p>Jaroslaw Dobrowolski (Bravecare, Vars\u00f3)<\/p>\n<p>Jan Roth (vis-a-vis24, Augsburg)<\/p>\n<p>Krystian Temi (Pflegeherzen &amp; Seniorenbetreuung Saar, Schiffweiler)<\/p>\n<p>Ivana Petak (Linara, Berlin)<\/p>\n<p>Michaela Niclaus (help4seniors, D\u00fcsseldorf)<\/p>\n<p>Till Kohlann (Sofiapflege, Leonberg)\u00a0<\/p>\n<p>Agnieszka Musielak (Brinkmann, Oerlinghausen)<\/p>\n<p>Philipp Buhr (Marta, Berlin)\u00a0<\/p>\n<p>[\/et_pb_text][\/et_pb_column][\/et_pb_row][et_pb_row _builder_version=&#8221;4.16&#8243; background_size=&#8221;initial&#8221; background_position=&#8221;top_left&#8221; background_repeat=&#8221;repeat&#8221; global_colors_info=&#8221;{}&#8221;][et_pb_column type=&#8221;4_4&#8243; _builder_version=&#8221;4.16&#8243; custom_padding=&#8221;|||&#8221; global_colors_info=&#8221;{}&#8221; custom_padding__hover=&#8221;|||&#8221;][et_pb_text admin_label=&#8221;Text h2: Gr\u00fcndungsgesellschafter und wissenschaftlicher Beirat&#8221; _builder_version=&#8221;4.16&#8243; global_colors_info=&#8221;{}&#8221;]<\/p>\n<h2>r\u00e9szv\u00e9nyes<\/h2>\n<p>[\/et_pb_text][et_pb_text admin_label=&#8221;Text: Beschreibung&#8221; _builder_version=&#8221;4.19.2&#8243; global_colors_info=&#8221;{}&#8221;]<\/p>\n<p>Dipl.-Betriebswirt (FH) Luigi Avarello, Prof. Dr. Arne Petermann, Jan Roth (M. Sc.), Frederic Seebohm, Prof. Dr. J\u00fcrgen Stenger, Dr. Tobias Ebbing, Dipl.-Betriebswirt (FH) Krystian Temi, Linara ambulante Pflegedienste GmbH, Linara FairCare GmbH, SHD Dortmund GmbH, vis-a-vis24 GmbH &amp; Co KG<\/p>\n<p>[\/et_pb_text][\/et_pb_column][\/et_pb_row][\/et_pb_section]<\/p>","protected":false},"excerpt":{"rendered":"<p>Team InstitutsleitungGesch\u00e4ftsf\u00fchrung: Frederic Seebohm, RechtsanwaltWissenschaftliche Gesamtleitung: Prof. Dr. Arne PetermannDigitalisierung, eLearning und Forschungsprojektleitung: Dr. Tobias EbbingAssoziierte Wissenschaftler und Lehrkr\u00e4fte Marc R\u00fctters, B.A. Franziska Zwiebler, B.A. Sabina Petermann, Gesundheits- u. Krankenpflegerin, Pflegeberaterin nach \u00a745 SGB XI, Fortbildung zur \u00dcbernahme von Leitungsaufgaben Ronald Lietzke, Gesundheits- u. Krankenpfleger f\u00fcr Leitungsfunktionen, Pflegeberater nach \u00a745 und \u00a77a SGB XI Sandra [&hellip;]<\/p>","protected":false},"author":2,"featured_media":0,"parent":0,"menu_order":0,"comment_status":"closed","ping_status":"closed","template":"","meta":{"_et_pb_use_builder":"on","_et_pb_old_content":"","_et_gb_content_width":""},"acf":[],"yoast_head":"<!-- This site is optimized with the Yoast SEO plugin v20.5 - https:\/\/yoast.com\/wordpress\/plugins\/seo\/ -->\n<title>Team - IQH Institut<\/title>\n<meta name=\"robots\" content=\"index, follow, max-snippet:-1, max-image-preview:large, max-video-preview:-1\" \/>\n<link rel=\"canonical\" href=\"https:\/\/www.iqh-institut.de\/hu\/team\/\" \/>\n<meta property=\"og:locale\" content=\"hu_HU\" \/>\n<meta property=\"og:type\" content=\"article\" \/>\n<meta property=\"og:title\" content=\"Team - IQH Institut\" \/>\n<meta property=\"og:description\" content=\"Team InstitutsleitungGesch\u00e4ftsf\u00fchrung: Frederic Seebohm, RechtsanwaltWissenschaftliche Gesamtleitung: Prof. Dr. Arne PetermannDigitalisierung, eLearning und Forschungsprojektleitung: Dr. Tobias EbbingAssoziierte Wissenschaftler und Lehrkr\u00e4fte Marc R\u00fctters, B.A. Franziska Zwiebler, B.A. Sabina Petermann, Gesundheits- u. Krankenpflegerin, Pflegeberaterin nach \u00a745 SGB XI, Fortbildung zur \u00dcbernahme von Leitungsaufgaben Ronald Lietzke, Gesundheits- u. Krankenpfleger f\u00fcr Leitungsfunktionen, Pflegeberater nach \u00a745 und \u00a77a SGB XI Sandra [&hellip;]\" \/>\n<meta property=\"og:url\" content=\"https:\/\/www.iqh-institut.de\/hu\/team\/\" \/>\n<meta property=\"og:site_name\" content=\"IQH Institut\" \/>\n<meta property=\"article:modified_time\" content=\"2025-10-30T11:11:13+00:00\" \/>\n<meta name=\"twitter:card\" content=\"summary_large_image\" \/>\n<meta name=\"twitter:label1\" content=\"Est. reading time\" \/>\n\t<meta name=\"twitter:data1\" content=\"2 perc\" \/>\n<script type=\"application\/ld+json\" class=\"yoast-schema-graph\">{\"@context\":\"https:\/\/schema.org\",\"@graph\":[{\"@type\":\"WebPage\",\"@id\":\"https:\/\/www.iqh-institut.de\/team\/\",\"url\":\"https:\/\/www.iqh-institut.de\/team\/\",\"name\":\"Team - IQH Institut\",\"isPartOf\":{\"@id\":\"https:\/\/www.iqh-institut.de\/#website\"},\"datePublished\":\"2018-11-05T11:13:20+00:00\",\"dateModified\":\"2025-10-30T11:11:13+00:00\",\"breadcrumb\":{\"@id\":\"https:\/\/www.iqh-institut.de\/team\/#breadcrumb\"},\"inLanguage\":\"hu\",\"potentialAction\":[{\"@type\":\"ReadAction\",\"target\":[\"https:\/\/www.iqh-institut.de\/team\/\"]}]},{\"@type\":\"BreadcrumbList\",\"@id\":\"https:\/\/www.iqh-institut.de\/team\/#breadcrumb\",\"itemListElement\":[{\"@type\":\"ListItem\",\"position\":1,\"name\":\"Startseite\",\"item\":\"https:\/\/www.iqh-institut.de\/\"},{\"@type\":\"ListItem\",\"position\":2,\"name\":\"Team\"}]},{\"@type\":\"WebSite\",\"@id\":\"https:\/\/www.iqh-institut.de\/#website\",\"url\":\"https:\/\/www.iqh-institut.de\/\",\"name\":\"IQH Institut\",\"description\":\"Internationale Akademie f\u00fcr Betreuung und Pflege\",\"publisher\":{\"@id\":\"https:\/\/www.iqh-institut.de\/#organization\"},\"potentialAction\":[{\"@type\":\"SearchAction\",\"target\":{\"@type\":\"EntryPoint\",\"urlTemplate\":\"https:\/\/www.iqh-institut.de\/?s={search_term_string}\"},\"query-input\":\"required name=search_term_string\"}],\"inLanguage\":\"hu\"},{\"@type\":\"Organization\",\"@id\":\"https:\/\/www.iqh-institut.de\/#organization\",\"name\":\"IABP\",\"url\":\"https:\/\/www.iqh-institut.de\/\",\"logo\":{\"@type\":\"ImageObject\",\"inLanguage\":\"hu\",\"@id\":\"https:\/\/www.iqh-institut.de\/#\/schema\/logo\/image\/\",\"url\":\"https:\/\/www.iqh-institut.de\/wp-content\/uploads\/2017\/03\/logo-1.jpg\",\"contentUrl\":\"https:\/\/www.iqh-institut.de\/wp-content\/uploads\/2017\/03\/logo-1.jpg\",\"width\":1500,\"height\":1500,\"caption\":\"IABP\"},\"image\":{\"@id\":\"https:\/\/www.iqh-institut.de\/#\/schema\/logo\/image\/\"}}]}<\/script>\n<!-- \/ Yoast SEO plugin. -->","yoast_head_json":{"title":"Csapat - IQH Int\u00e9zet","robots":{"index":"index","follow":"follow","max-snippet":"max-snippet:-1","max-image-preview":"max-image-preview:large","max-video-preview":"max-video-preview:-1"},"canonical":"https:\/\/www.iqh-institut.de\/hu\/team\/","og_locale":"hu_HU","og_type":"article","og_title":"Team - IQH Institut","og_description":"Team InstitutsleitungGesch\u00e4ftsf\u00fchrung: Frederic Seebohm, RechtsanwaltWissenschaftliche Gesamtleitung: Prof. Dr. Arne PetermannDigitalisierung, eLearning und Forschungsprojektleitung: Dr. Tobias EbbingAssoziierte Wissenschaftler und Lehrkr\u00e4fte Marc R\u00fctters, B.A. Franziska Zwiebler, B.A. Sabina Petermann, Gesundheits- u. Krankenpflegerin, Pflegeberaterin nach \u00a745 SGB XI, Fortbildung zur \u00dcbernahme von Leitungsaufgaben Ronald Lietzke, Gesundheits- u. Krankenpfleger f\u00fcr Leitungsfunktionen, Pflegeberater nach \u00a745 und \u00a77a SGB XI Sandra [&hellip;]","og_url":"https:\/\/www.iqh-institut.de\/hu\/team\/","og_site_name":"IQH Institut","article_modified_time":"2025-10-30T11:11:13+00:00","twitter_card":"summary_large_image","twitter_misc":{"Est. reading time":"2 perc"},"schema":{"@context":"https:\/\/schema.org","@graph":[{"@type":"WebPage","@id":"https:\/\/www.iqh-institut.de\/team\/","url":"https:\/\/www.iqh-institut.de\/team\/","name":"Csapat - IQH Int\u00e9zet","isPartOf":{"@id":"https:\/\/www.iqh-institut.de\/#website"},"datePublished":"2018-11-05T11:13:20+00:00","dateModified":"2025-10-30T11:11:13+00:00","breadcrumb":{"@id":"https:\/\/www.iqh-institut.de\/team\/#breadcrumb"},"inLanguage":"hu","potentialAction":[{"@type":"ReadAction","target":["https:\/\/www.iqh-institut.de\/team\/"]}]},{"@type":"BreadcrumbList","@id":"https:\/\/www.iqh-institut.de\/team\/#breadcrumb","itemListElement":[{"@type":"ListItem","position":1,"name":"Startseite","item":"https:\/\/www.iqh-institut.de\/"},{"@type":"ListItem","position":2,"name":"Team"}]},{"@type":"WebSite","@id":"https:\/\/www.iqh-institut.de\/#website","url":"https:\/\/www.iqh-institut.de\/","name":"IQH Int\u00e9zet","description":"Nemzetk\u00f6zi Gondoz\u00e1si \u00e9s \u00c1pol\u00e1si Akad\u00e9mia","publisher":{"@id":"https:\/\/www.iqh-institut.de\/#organization"},"potentialAction":[{"@type":"SearchAction","target":{"@type":"EntryPoint","urlTemplate":"https:\/\/www.iqh-institut.de\/?s={search_term_string}"},"query-input":"required name=search_term_string"}],"inLanguage":"hu"},{"@type":"Organization","@id":"https:\/\/www.iqh-institut.de\/#organization","name":"IABP","url":"https:\/\/www.iqh-institut.de\/","logo":{"@type":"ImageObject","inLanguage":"hu","@id":"https:\/\/www.iqh-institut.de\/#\/schema\/logo\/image\/","url":"https:\/\/www.iqh-institut.de\/wp-content\/uploads\/2017\/03\/logo-1.jpg","contentUrl":"https:\/\/www.iqh-institut.de\/wp-content\/uploads\/2017\/03\/logo-1.jpg","width":1500,"height":1500,"caption":"IABP"},"image":{"@id":"https:\/\/www.iqh-institut.de\/#\/schema\/logo\/image\/"}}]}},"lang":"de","translations":{"de":3240},"_links":{"self":[{"href":"https:\/\/www.iqh-institut.de\/hu\/wp-json\/wp\/v2\/pages\/3240"}],"collection":[{"href":"https:\/\/www.iqh-institut.de\/hu\/wp-json\/wp\/v2\/pages"}],"about":[{"href":"https:\/\/www.iqh-institut.de\/hu\/wp-json\/wp\/v2\/types\/page"}],"author":[{"embeddable":true,"href":"https:\/\/www.iqh-institut.de\/hu\/wp-json\/wp\/v2\/users\/2"}],"replies":[{"embeddable":true,"href":"https:\/\/www.iqh-institut.de\/hu\/wp-json\/wp\/v2\/comments?post=3240"}],"version-history":[{"count":27,"href":"https:\/\/www.iqh-institut.de\/hu\/wp-json\/wp\/v2\/pages\/3240\/revisions"}],"predecessor-version":[{"id":12013,"href":"https:\/\/www.iqh-institut.de\/hu\/wp-json\/wp\/v2\/pages\/3240\/revisions\/12013"}],"wp:attachment":[{"href":"https:\/\/www.iqh-institut.de\/hu\/wp-json\/wp\/v2\/media?parent=3240"}],"curies":[{"name":"wp","href":"https:\/\/api.w.org\/{rel}","templated":true}]}}