{"id":3238,"date":"2018-11-05T12:13:07","date_gmt":"2018-11-05T11:13:07","guid":{"rendered":"https:\/\/www.iqh-institut.de\/?page_id=3238"},"modified":"2018-11-05T12:22:45","modified_gmt":"2018-11-05T11:22:45","slug":"ziele","status":"publish","type":"page","link":"https:\/\/www.iqh-institut.de\/hu\/ziele\/","title":{"rendered":"G\u00f3lok"},"content":{"rendered":"<p>[et_pb_section bb_built=&#8221;1&#8243;][et_pb_row][et_pb_column type=&#8221;4_4&#8243;][et_pb_text admin_label=&#8221;Text h1: Ziele&#8221; _builder_version=&#8221;3.12.1&#8243;]<\/p>\n<h1>G\u00f3lok<\/h1>\n<p>[\/et_pb_text][et_pb_text admin_label=&#8221;Text: Beschreibung der Ziele&#8221; _builder_version=&#8221;3.12.1&#8243;]<\/p>\n<p>(1) A Belf\u00f6ldi Ell\u00e1t\u00e1s Min\u0151s\u00e9gi \u00e9s Innov\u00e1ci\u00f3s Int\u00e9zete gGmbH (IQH) kiz\u00e1r\u00f3lag \u00e9s k\u00f6zvetlen\u00fcl j\u00f3t\u00e9konys\u00e1gi c\u00e9lokat folytat az ad\u00f3t\u00f6rv\u00e9nyk\u00f6nyv \u201eAd\u00f3kedvezm\u00e9nyes c\u00e9lok\u201d szakasza \u00e9rtelm\u00e9ben.<\/p>\n<p>(2) A t\u00e1rsas\u00e1g c\u00e9lja a tudom\u00e1ny \u00e9s a kutat\u00e1s, az id\u0151sgondoz\u00e1s \u00e9s a szakk\u00e9pz\u00e9s el\u0151seg\u00edt\u00e9se az AO 52. \u00a7 (2) bekezd\u00e9s 1., 4. \u00e9s 7. pontja \u00e9rtelm\u00e9ben. Az id\u0151sek, betegek \u00e9s fogyat\u00e9kos emberek szakk\u00e9pzett seg\u00edt\u0151inek nagy jelent\u0151s\u00e9g\u00e9nek tudat\u00e1ban a t\u00e1rsadalom fell\u00e9p, k\u00fcl\u00f6n\u00f6sen az otthoni k\u00f6rnyezet\u00fckben.<\/p>\n<p>(3) Az alapszab\u00e1ly e c\u00e9lja k\u00fcl\u00f6n\u00f6sen az al\u00e1bbiak szerint val\u00f3sul meg - az IQH<\/p>\n<p>[\/et_pb_text][et_pb_text admin_label=&#8221;Text: Bullet Points&#8221; _builder_version=&#8221;3.12.1&#8243;]<\/p>\n<ul>\n<li>Gyakorlati kutat\u00e1sokat tervez \u00e9s val\u00f3s\u00edt meg azzal a c\u00e9llal, hogy olyan tud\u00e1st gener\u00e1ljon, amely hozz\u00e1j\u00e1rul az id\u0151sek, betegek \u00e9s fogyat\u00e9kkal \u00e9l\u0151k otthoni gondoz\u00e1s\u00e1nak innov\u00e1ci\u00f3j\u00e1hoz \u00e9s magas sz\u00ednvonal\u00e1hoz<\/li>\n<li>fizet\u0151s \u00e9s ingyenes k\u00e9pz\u00e9si \u00e9s tov\u00e1bbk\u00e9pz\u00e9si aj\u00e1nlatokat tervez, \u00e9rt\u00e9kes\u00edt \u00e9s szervez<\/li>\n<li>gondoz\u00f3knak, regisztr\u00e1lt \u00e9s nem regisztr\u00e1lt \u00e1pol\u00f3knak, \u00f6nk\u00e9nteseknek, hozz\u00e1tartoz\u00f3knak \u00e9s az ell\u00e1t\u00e1sban \u00e9rintetteknek sz\u00f3l<\/li>\n<li>\u00faj oktat\u00e1si form\u00e1tumokat (blended learning) fejleszt ki a digit\u00e1lis technol\u00f3gia \u00e9s a mesters\u00e9ges intelligencia felhaszn\u00e1l\u00e1s\u00e1val<\/li>\n<li>t\u00f6bbek k\u00f6z\u00f6tt az ell\u00e1t\u00e1s, a szakell\u00e1t\u00e1s, az ell\u00e1t\u00e1si tan\u00e1csad\u00e1s \u00e9s az eg\u00e9szs\u00e9gmenedzsment t\u00e9mak\u00f6r\u00e9ben dolgozik<\/li>\n<li>biztos\u00edtja oktat\u00e1si k\u00edn\u00e1lat\u00e1nak elismert min\u0151s\u00edt\u00e9s\u00e9t<\/li>\n<li>v\u00e1llalatokkal \u00e9s egyetemekkel eg\u00e9sz Eur\u00f3p\u00e1ban<\/li>\n<li>rendezv\u00e9nyeken, kutat\u00e1si projekteken kereszt\u00fcl t\u00e1mogatja az otthoni k\u00f6z\u00f6ss\u00e9gben az ell\u00e1t\u00e1s elfogad\u00e1s\u00e1t<\/li>\n<li>felhatalmazza az otthoni k\u00f6z\u00f6ss\u00e9gben az ell\u00e1t\u00e1sban r\u00e9szt vev\u0151ket a tisztess\u00e9ges \u00e9s fenntarthat\u00f3 cselekv\u00e9sre<\/li>\n<li>kiadv\u00e1nyokon \u00e9s rendezv\u00e9nyeken kereszt\u00fcl t\u00e1j\u00e9koztatja a lakoss\u00e1got \u00e9s az eg\u00e9szs\u00e9g\u00fcgyet<\/li>\n<\/ul>\n<p>[\/et_pb_text][\/et_pb_column][\/et_pb_row][\/et_pb_section]<\/p>","protected":false},"excerpt":{"rendered":"<p><div class=\"et_pb_row et_pb_row_0 et_pb_row_empty\">\n\t\t\t\t\n\t\t\t\t\n\t\t\t\t\n\t\t\t\t\n\t\t\t\t\n\t\t\t<\/div> Ziele (1) Das Institut f\u00fcr Qualit\u00e4t und Innovation in der h\u00e4uslichen Versorgung gGmbH (IQH) verfolgt ausschlie\u00dflich und unmittelbar gemeinn\u00fctzige Zwecke im Sinne des Abschnitts \u201eSteuerbeg\u00fcnstigte Zwecke\u201c der Abgabenordnung. (2) Zweck der Gesellschaft ist die F\u00f6rderung von Wissenschaft und Forschung, Altenhilfe und Berufsbildung im Sinne von \u00a7 52 Abs. 2 Nr. 1, 4 und 7 [&hellip;]<\/p>","protected":false},"author":2,"featured_media":0,"parent":0,"menu_order":0,"comment_status":"closed","ping_status":"closed","template":"","meta":{"_et_pb_use_builder":"on","_et_pb_old_content":"","_et_gb_content_width":""},"acf":[],"yoast_head":"<!-- This site is optimized with the Yoast SEO plugin v20.5 - https:\/\/yoast.com\/wordpress\/plugins\/seo\/ -->\n<title>Ziele - IQH Institut<\/title>\n<meta name=\"robots\" content=\"index, follow, max-snippet:-1, max-image-preview:large, max-video-preview:-1\" \/>\n<link rel=\"canonical\" href=\"https:\/\/www.iqh-institut.de\/hu\/ziele\/\" \/>\n<meta property=\"og:locale\" content=\"hu_HU\" \/>\n<meta property=\"og:type\" content=\"article\" \/>\n<meta property=\"og:title\" content=\"Ziele - IQH Institut\" \/>\n<meta property=\"og:description\" content=\"Ziele (1) Das Institut f\u00fcr Qualit\u00e4t und Innovation in der h\u00e4uslichen Versorgung gGmbH (IQH) verfolgt ausschlie\u00dflich und unmittelbar gemeinn\u00fctzige Zwecke im Sinne des Abschnitts \u201eSteuerbeg\u00fcnstigte Zwecke\u201c der Abgabenordnung. (2) Zweck der Gesellschaft ist die F\u00f6rderung von Wissenschaft und Forschung, Altenhilfe und Berufsbildung im Sinne von \u00a7 52 Abs. 2 Nr. 1, 4 und 7 [&hellip;]\" \/>\n<meta property=\"og:url\" content=\"https:\/\/www.iqh-institut.de\/hu\/ziele\/\" \/>\n<meta property=\"og:site_name\" content=\"IQH Institut\" \/>\n<meta property=\"article:modified_time\" content=\"2018-11-05T11:22:45+00:00\" \/>\n<meta name=\"twitter:card\" content=\"summary_large_image\" \/>\n<meta name=\"twitter:label1\" content=\"Est. reading time\" \/>\n\t<meta name=\"twitter:data1\" content=\"1 perc\" \/>\n<script type=\"application\/ld+json\" class=\"yoast-schema-graph\">{\"@context\":\"https:\/\/schema.org\",\"@graph\":[{\"@type\":\"WebPage\",\"@id\":\"https:\/\/www.iqh-institut.de\/ziele\/\",\"url\":\"https:\/\/www.iqh-institut.de\/ziele\/\",\"name\":\"Ziele - IQH Institut\",\"isPartOf\":{\"@id\":\"https:\/\/www.iqh-institut.de\/#website\"},\"datePublished\":\"2018-11-05T11:13:07+00:00\",\"dateModified\":\"2018-11-05T11:22:45+00:00\",\"breadcrumb\":{\"@id\":\"https:\/\/www.iqh-institut.de\/ziele\/#breadcrumb\"},\"inLanguage\":\"hu\",\"potentialAction\":[{\"@type\":\"ReadAction\",\"target\":[\"https:\/\/www.iqh-institut.de\/ziele\/\"]}]},{\"@type\":\"BreadcrumbList\",\"@id\":\"https:\/\/www.iqh-institut.de\/ziele\/#breadcrumb\",\"itemListElement\":[{\"@type\":\"ListItem\",\"position\":1,\"name\":\"Startseite\",\"item\":\"https:\/\/www.iqh-institut.de\/\"},{\"@type\":\"ListItem\",\"position\":2,\"name\":\"Ziele\"}]},{\"@type\":\"WebSite\",\"@id\":\"https:\/\/www.iqh-institut.de\/#website\",\"url\":\"https:\/\/www.iqh-institut.de\/\",\"name\":\"IQH Institut\",\"description\":\"Internationale Akademie f\u00fcr Betreuung und Pflege\",\"publisher\":{\"@id\":\"https:\/\/www.iqh-institut.de\/#organization\"},\"potentialAction\":[{\"@type\":\"SearchAction\",\"target\":{\"@type\":\"EntryPoint\",\"urlTemplate\":\"https:\/\/www.iqh-institut.de\/?s={search_term_string}\"},\"query-input\":\"required name=search_term_string\"}],\"inLanguage\":\"hu\"},{\"@type\":\"Organization\",\"@id\":\"https:\/\/www.iqh-institut.de\/#organization\",\"name\":\"IABP\",\"url\":\"https:\/\/www.iqh-institut.de\/\",\"logo\":{\"@type\":\"ImageObject\",\"inLanguage\":\"hu\",\"@id\":\"https:\/\/www.iqh-institut.de\/#\/schema\/logo\/image\/\",\"url\":\"https:\/\/www.iqh-institut.de\/wp-content\/uploads\/2017\/03\/logo-1.jpg\",\"contentUrl\":\"https:\/\/www.iqh-institut.de\/wp-content\/uploads\/2017\/03\/logo-1.jpg\",\"width\":1500,\"height\":1500,\"caption\":\"IABP\"},\"image\":{\"@id\":\"https:\/\/www.iqh-institut.de\/#\/schema\/logo\/image\/\"}}]}<\/script>\n<!-- \/ Yoast SEO plugin. -->","yoast_head_json":{"title":"C\u00e9lok \u2013 IQH Int\u00e9zet","robots":{"index":"index","follow":"follow","max-snippet":"max-snippet:-1","max-image-preview":"max-image-preview:large","max-video-preview":"max-video-preview:-1"},"canonical":"https:\/\/www.iqh-institut.de\/hu\/ziele\/","og_locale":"hu_HU","og_type":"article","og_title":"Ziele - IQH Institut","og_description":"Ziele (1) Das Institut f\u00fcr Qualit\u00e4t und Innovation in der h\u00e4uslichen Versorgung gGmbH (IQH) verfolgt ausschlie\u00dflich und unmittelbar gemeinn\u00fctzige Zwecke im Sinne des Abschnitts \u201eSteuerbeg\u00fcnstigte Zwecke\u201c der Abgabenordnung. (2) Zweck der Gesellschaft ist die F\u00f6rderung von Wissenschaft und Forschung, Altenhilfe und Berufsbildung im Sinne von \u00a7 52 Abs. 2 Nr. 1, 4 und 7 [&hellip;]","og_url":"https:\/\/www.iqh-institut.de\/hu\/ziele\/","og_site_name":"IQH Institut","article_modified_time":"2018-11-05T11:22:45+00:00","twitter_card":"summary_large_image","twitter_misc":{"Est. reading time":"1 perc"},"schema":{"@context":"https:\/\/schema.org","@graph":[{"@type":"WebPage","@id":"https:\/\/www.iqh-institut.de\/ziele\/","url":"https:\/\/www.iqh-institut.de\/ziele\/","name":"C\u00e9lok \u2013 IQH Int\u00e9zet","isPartOf":{"@id":"https:\/\/www.iqh-institut.de\/#website"},"datePublished":"2018-11-05T11:13:07+00:00","dateModified":"2018-11-05T11:22:45+00:00","breadcrumb":{"@id":"https:\/\/www.iqh-institut.de\/ziele\/#breadcrumb"},"inLanguage":"hu","potentialAction":[{"@type":"ReadAction","target":["https:\/\/www.iqh-institut.de\/ziele\/"]}]},{"@type":"BreadcrumbList","@id":"https:\/\/www.iqh-institut.de\/ziele\/#breadcrumb","itemListElement":[{"@type":"ListItem","position":1,"name":"Startseite","item":"https:\/\/www.iqh-institut.de\/"},{"@type":"ListItem","position":2,"name":"Ziele"}]},{"@type":"WebSite","@id":"https:\/\/www.iqh-institut.de\/#website","url":"https:\/\/www.iqh-institut.de\/","name":"IQH Int\u00e9zet","description":"Nemzetk\u00f6zi Gondoz\u00e1si \u00e9s \u00c1pol\u00e1si Akad\u00e9mia","publisher":{"@id":"https:\/\/www.iqh-institut.de\/#organization"},"potentialAction":[{"@type":"SearchAction","target":{"@type":"EntryPoint","urlTemplate":"https:\/\/www.iqh-institut.de\/?s={search_term_string}"},"query-input":"required name=search_term_string"}],"inLanguage":"hu"},{"@type":"Organization","@id":"https:\/\/www.iqh-institut.de\/#organization","name":"IABP","url":"https:\/\/www.iqh-institut.de\/","logo":{"@type":"ImageObject","inLanguage":"hu","@id":"https:\/\/www.iqh-institut.de\/#\/schema\/logo\/image\/","url":"https:\/\/www.iqh-institut.de\/wp-content\/uploads\/2017\/03\/logo-1.jpg","contentUrl":"https:\/\/www.iqh-institut.de\/wp-content\/uploads\/2017\/03\/logo-1.jpg","width":1500,"height":1500,"caption":"IABP"},"image":{"@id":"https:\/\/www.iqh-institut.de\/#\/schema\/logo\/image\/"}}]}},"lang":"de","translations":{"de":3238},"_links":{"self":[{"href":"https:\/\/www.iqh-institut.de\/hu\/wp-json\/wp\/v2\/pages\/3238"}],"collection":[{"href":"https:\/\/www.iqh-institut.de\/hu\/wp-json\/wp\/v2\/pages"}],"about":[{"href":"https:\/\/www.iqh-institut.de\/hu\/wp-json\/wp\/v2\/types\/page"}],"author":[{"embeddable":true,"href":"https:\/\/www.iqh-institut.de\/hu\/wp-json\/wp\/v2\/users\/2"}],"replies":[{"embeddable":true,"href":"https:\/\/www.iqh-institut.de\/hu\/wp-json\/wp\/v2\/comments?post=3238"}],"version-history":[{"count":4,"href":"https:\/\/www.iqh-institut.de\/hu\/wp-json\/wp\/v2\/pages\/3238\/revisions"}],"predecessor-version":[{"id":3270,"href":"https:\/\/www.iqh-institut.de\/hu\/wp-json\/wp\/v2\/pages\/3238\/revisions\/3270"}],"wp:attachment":[{"href":"https:\/\/www.iqh-institut.de\/hu\/wp-json\/wp\/v2\/media?parent=3238"}],"curies":[{"name":"wp","href":"https:\/\/api.w.org\/{rel}","templated":true}]}}