{"id":3244,"date":"2018-11-05T12:13:48","date_gmt":"2018-11-05T11:13:48","guid":{"rendered":"https:\/\/www.iqh-institut.de\/?page_id=3244"},"modified":"2024-10-10T12:23:03","modified_gmt":"2024-10-10T10:23:03","slug":"bildung","status":"publish","type":"page","link":"https:\/\/www.iqh-institut.de\/en\/bildung\/","title":{"rendered":"Education"},"content":{"rendered":"<p>[et_pb_section fb_built=&#8221;1&#8243; _builder_version=&#8221;4.16&#8243; global_colors_info=&#8221;{}&#8221;][et_pb_row _builder_version=&#8221;4.16&#8243; background_size=&#8221;initial&#8221; background_position=&#8221;top_left&#8221; background_repeat=&#8221;repeat&#8221; global_colors_info=&#8221;{}&#8221;][et_pb_column type=&#8221;4_4&#8243; _builder_version=&#8221;4.16&#8243; custom_padding=&#8221;|||&#8221; global_colors_info=&#8221;{}&#8221; custom_padding__hover=&#8221;|||&#8221;][et_pb_text admin_label=&#8221;Text h1: Bildung&#8221; _builder_version=&#8221;4.16&#8243; global_colors_info=&#8221;{}&#8221;]<\/p>\n<h1>Education<\/h1>\n<p>[\/et_pb_text][et_pb_text admin_label=&#8221;Text: Beschreibung&#8221; _builder_version=&#8221;4.16&#8243; global_colors_info=&#8221;{}&#8221;]In der Fort- und Weiterbildung konzentriert sich das IQH auf Zielgruppen, die direkt oder indirekt an der Erbringung von Pflege- und Betreuungsdienstleistungen in der h\u00e4uslichen Versorgung beteiligt sind. Das IQH<\/p>\n<ul>\n<li>designs, sells and organizes paid and free training and further education offers<\/li>\n<li>is aimed at carers, registered and non-registered nurses, volunteers, relatives and those affected by care<\/li>\n<li>develops new educational formats (blended learning) through the use of digital technology and artificial intelligence<\/li>\n<\/ul>\n<p>[\/et_pb_text][\/et_pb_column][\/et_pb_row][\/et_pb_section][et_pb_section fb_built=&#8221;1&#8243; _builder_version=&#8221;4.16&#8243; global_colors_info=&#8221;{}&#8221;][et_pb_row _builder_version=&#8221;4.16&#8243; background_size=&#8221;initial&#8221; background_position=&#8221;top_left&#8221; background_repeat=&#8221;repeat&#8221; custom_padding=&#8221;||7px|||&#8221; global_colors_info=&#8221;{}&#8221;][et_pb_column type=&#8221;4_4&#8243; _builder_version=&#8221;4.16&#8243; custom_padding=&#8221;|||&#8221; global_colors_info=&#8221;{}&#8221; custom_padding__hover=&#8221;|||&#8221;][et_pb_text admin_label=&#8221;Text h2: Aktuelle Bildungsangebote&#8221; _builder_version=&#8221;4.16&#8243; global_colors_info=&#8221;{}&#8221;]<\/p>\n<h2>Current training offers and locations<\/h2>\n<p>[\/et_pb_text][\/et_pb_column][\/et_pb_row][et_pb_row _builder_version=&#8221;4.16&#8243; background_size=&#8221;initial&#8221; background_position=&#8221;top_left&#8221; background_repeat=&#8221;repeat&#8221; global_colors_info=&#8221;{}&#8221;][et_pb_column type=&#8221;4_4&#8243; _builder_version=&#8221;4.16&#8243; custom_padding=&#8221;|||&#8221; global_colors_info=&#8221;{}&#8221; custom_padding__hover=&#8221;|||&#8221;][et_pb_text admin_label=&#8221;Text: Beschreibung&#8221; _builder_version=&#8221;4.19.2&#8243; global_colors_info=&#8221;{}&#8221;]<\/p>\n<p>Our courses can be organized decentrally with the help of strong partners. We can provide you with an individual concept on request.<br \/>On-site training courses can be offered at your location or in one of our training facilities, subject to a minimum number of participants or fee. We currently have training facilities available through our partner network in Saarbr\u00fccken, Schleswig-Holstein (near Rendsburg), near Stuttgart, Brandenburg (Teltow-Fl\u00e4ming), Bonn, Berlin or Augsburg. Please contact us for your individual training requirements.<\/p>\n<p>[\/et_pb_text][et_pb_text admin_label=&#8221;Text h3: F\u00fchrungskr\u00e4fteentwicklung&#8221; _builder_version=&#8221;4.16&#8243; global_colors_info=&#8221;{}&#8221;]<\/p>\n<h3>Further training for managers to strengthen the compatibility of family and work in care<\/h3>\n<p>[\/et_pb_text][et_pb_text admin_label=&#8221;Text: F\u00fchrungskr\u00e4fteentwicklung&#8221; _builder_version=&#8221;4.16&#8243; global_colors_info=&#8221;{}&#8221;]<\/p>\n<p><strong>Target group:<\/strong><\/p>\n<p>Management and executives in outpatient and inpatient care facilities in Saarland<\/p>\n<p><strong>Client:\u00a0<\/strong><\/p>\n<p>The management development program is carried out by the BAGSS in cooperation with the IQH on behalf of the Saarland Ministry for Social Affairs, Health, Women and Family.<\/p>\n<p><strong>The overall goal of the training program is:<\/strong><\/p>\n<ol>\n<li>to sensitize the participants to the special challenges of reconciling family and work (VvFuB) in care<\/li>\n<li>to enable the participants to recognize the need for action in their own company with regard to the compatibility of family and work (VvFuB).<\/li>\n<li>to present the participants with best practices from other organizations and to provide concrete measures and instruments to implement changes in their own company<\/li>\n<li>to enable the participants to increase the attractiveness of their company as an employer in care for current and future employees<\/li>\n<\/ol>\n<p><strong>Procedure and format:<\/strong><\/p>\n<p>These goals are achieved by completing the following three-day modules, which impart practice-oriented and concretely applicable instruments and methods. The modules each take half a day to enable the participants to combine further training and work.<\/p>\n<ul>\n<li>Organization and personnel deployment module (module responsibility: Prof. Dr. Arne Petermann)<\/li>\n<li>Module motivation and leadership (module responsibility: Prof. Dr. Franz Lorenz)<\/li>\n<li>Corporate culture module (module responsibility: Prof. Dr. Franz Lorenz)<\/li>\n<li>Personnel recruitment and retention module (module responsibility: Prof. Dr. Arne Petermann)<\/li>\n<li>Module personality analysis and development (module responsibility: Prof. Dr. Franz Lorenz)<\/li>\n<\/ul>\n<p>The concept and quality assurance of the training courses were developed by the Berufsakademie f\u00fcr Gesundheits- und Sozialwesen Saarland (BAGSS, <a href=\"http:\/\/www.bagss.de\">www.bagss.de<\/a> ) in cooperation with the Institute for Quality and Innovation in Home Care gGmbH (IQH, <a href=\"https:\/\/www.iqh-institut.de\">www.iqh-institut.de<\/a> ) under the direction of Prof. Dr. Arne Petermann realized.<\/p>\n<p>The lecturers employed, who are primarily to be recruited from nursing practice in the Saarland and from existing further training practice, are experienced lecturers and trainers with proven scientific and\/or practical expertise in the respective teaching area and relevant references in adult further education. Prof. Dr. Arne Peterman.<\/p>\n<p>Prof. Petermann specializes in practical management training as part of part-time executive education. Among other things, he helped to develop and practically teach a further training program for 120 managers for the German Red Cross. As the founder and shareholder of several companies (including Linara GmbH, 3P Projects GmbH), he has been active in the areas of executive education for over 10 years, especially with a focus on personnel selection, personnel management, personnel development, leadership, project management and organizational development. From 2013-2017 he headed the &quot;Management in Health Care Organizations&quot; course at the BAGSS, where he still holds a full professorship for Management in Health Care and Social Care Organizations to this day.<\/p>\n<p>[\/et_pb_text][\/et_pb_column][\/et_pb_row][et_pb_row _builder_version=&#8221;4.16&#8243; background_size=&#8221;initial&#8221; background_position=&#8221;top_left&#8221; background_repeat=&#8221;repeat&#8221; global_colors_info=&#8221;{}&#8221;][et_pb_column type=&#8221;4_4&#8243; _builder_version=&#8221;4.16&#8243; custom_padding=&#8221;|||&#8221; global_colors_info=&#8221;{}&#8221; custom_padding__hover=&#8221;|||&#8221;][et_pb_text admin_label=&#8221;Text h3: Betreuungskraft ihG&#8221; _builder_version=&#8221;4.16&#8243; min_height=&#8221;64px&#8221; global_colors_info=&#8221;{}&#8221;]<\/p>\n<h3>Further training as a \"caregiver according to \u00a7\u00a7 43b, 45a and b, 53b SGB XI\"<\/h3>\n<p>[\/et_pb_text][et_pb_text admin_label=&#8221;Text: Betreuungskraft ihG&#8221; _builder_version=&#8221;4.16&#8243; global_colors_info=&#8221;{}&#8221;]<\/p>\n<p>Qualification of caregivers according to the qualification recommendations of the Bundesverband f\u00fcr h\u00e4usliche Betreuung und Pflege e.V. and the GKV Spitzenverband according to \u00a7\u00a7 43b, 45a\/b &amp; 53b SGB XI. The course is accredited by the Registrierungsstelle beruflich Pflegender with 40 continuing education points for nursing professionals.<\/p>\n<p>Downloads: <a title=\"IQH curriculum supervisor ihG\" href=\"https:\/\/www.iqh-institut.de\/wp-content\/uploads\/2024\/10\/2024-07-23%20IQH%20Curriculum_Betreuungskraft%20nach%20%C2%A7%C2%A7%2043b%2045a%2Cb%2053b%20SGB%20XI.pdf\" target=\"_blank\" rel=\"attachment wp-att-4818 noopener noreferrer\">curriculum<\/a><\/p>\n<p>Format: dual training with theoretical and practical modules\u00a0<\/p>\n<p>Scope: 160 units of theory and 320 hours of practice, can only be completed in cooperation with a nursing practice partner<\/p>\n<p>Start: Possible at any time<\/p>\n<p>Course fee: EUR 600 per participant (please contact us if you would like to discuss group conditions for a larger number of participants)<\/p>\n<p>[\/et_pb_text][\/et_pb_column][\/et_pb_row][et_pb_row _builder_version=&#8221;4.16&#8243; background_size=&#8221;initial&#8221; background_position=&#8221;top_left&#8221; background_repeat=&#8221;repeat&#8221; global_colors_info=&#8221;{}&#8221;][et_pb_column type=&#8221;4_4&#8243; _builder_version=&#8221;4.16&#8243; custom_padding=&#8221;|||&#8221; global_colors_info=&#8221;{}&#8221; custom_padding__hover=&#8221;|||&#8221;][et_pb_text admin_label=&#8221;Text h3: Fachberater&#8221; _builder_version=&#8221;4.16&#8243; min_height=&#8221;77px&#8221; global_colors_info=&#8221;{}&#8221;]<\/p>\n<h3>Further training as a \"caregiver according to \u00a7\u00a7 43b, 45a and b, 53b SGB XI\"<\/h3>\n<h3>incl. advanced module on counseling skills to relieve the burden on family caregivers in accordance with \u00a745a para. 1 no. 2<\/h3>\n<p>[\/et_pb_text][et_pb_text admin_label=&#8221;Text: Fachberater&#8221; _builder_version=&#8221;4.16&#8243; global_colors_info=&#8221;{}&#8221;]<\/p>\n<p>For people involved in educating those in need of care and their relatives, who are active in an advisory capacity on care and support services in home care and, in particular, on concepts of care in the home community (BihG).<\/p>\n<p>Downloads: <a title=\"IQH Curriculum Consultant ihG\" href=\"https:\/\/www.iqh-institut.de\/wp-content\/uploads\/2022\/09\/2022-09-30-IQH-Curriculum_Fachberaterin-fuer-Betreuung-in-haeuslicher-Gemein.chaft_.pdf\" target=\"_blank\" rel=\"attachment wp-att-4817 noopener noreferrer\">curriculum<\/a><\/p>\n<p>Format: dual training with theoretical and practical modules\u00a0<\/p>\n<p>Scope: 170 units of theory and 320 hours of practice, can only be completed in cooperation with a nursing practice partner<\/p>\n<p>Start: Possible at any time<\/p>\n<p>Course fee: EUR 740 per participant (please contact us if you would like to discuss group conditions for a larger number of participants)<\/p>\n<p>[\/et_pb_text][\/et_pb_column][\/et_pb_row][et_pb_row _builder_version=&#8221;4.16&#8243; background_size=&#8221;initial&#8221; background_position=&#8221;top_left&#8221; background_repeat=&#8221;repeat&#8221; global_colors_info=&#8221;{}&#8221;][et_pb_column type=&#8221;4_4&#8243; _builder_version=&#8221;4.16&#8243; custom_padding=&#8221;|||&#8221; global_colors_info=&#8221;{}&#8221; custom_padding__hover=&#8221;|||&#8221;][et_pb_text admin_label=&#8221;Text h3: Fachkraft 2&#8243; _builder_version=&#8221;4.16&#8243; min_height=&#8221;58px&#8221; global_colors_info=&#8221;{}&#8221;]<\/p>\n<h3>Further training to become an \u201cexpert for home care\u201d (IQH-certified)<\/h3>\n<p>[\/et_pb_text][et_pb_text admin_label=&#8221;Text: Fachkraft 2&#8243; _builder_version=&#8221;4.16&#8243; global_colors_info=&#8221;{}&#8221;]<\/p>\n<p>For people working in home care and support who, for example, work as employees in a nursing service or support service and perform activities in the field of domestic help, support and basic care for old, sick and disabled people in accordance with SGB XI.<\/p>\n<p>Scope: 600 hours (including 80 hours of theory and 520 hours of practice, can only be completed in cooperation with a nursing practice partner)<\/p>\n<p>Start: possible at any time<\/p>\n<p>Course fee: EUR 600 per participant (please contact us if you would like to discuss group conditions for a larger number of participants)<\/p>\n<p>[\/et_pb_text][\/et_pb_column][\/et_pb_row][\/et_pb_section]<\/p>","protected":false},"excerpt":{"rendered":"<p>Bildung In der Fort- und Weiterbildung konzentriert sich das IQH auf Zielgruppen, die direkt oder indirekt an der Erbringung von Pflege- und Betreuungsdienstleistungen in der h\u00e4uslichen Versorgung beteiligt sind. Das IQH konzipiert, vertreibt und organisiert entgeltliche und unentgeltliche Fort- und Weiterbildungsangebote wendet sich an Betreuungspersonen, examinierte und nicht-examinierte Pflegekr\u00e4fte, Ehrenamtliche, Angeh\u00f6rige und Pflegebetroffene entwickelt daf\u00fcr [&hellip;]<\/p>","protected":false},"author":2,"featured_media":0,"parent":0,"menu_order":0,"comment_status":"closed","ping_status":"closed","template":"","meta":{"_et_pb_use_builder":"on","_et_pb_old_content":"","_et_gb_content_width":""},"acf":[],"yoast_head":"<!-- This site is optimized with the Yoast SEO plugin v20.5 - https:\/\/yoast.com\/wordpress\/plugins\/seo\/ -->\n<title>Bildung - IQH Institut<\/title>\n<meta name=\"robots\" content=\"index, follow, max-snippet:-1, max-image-preview:large, max-video-preview:-1\" \/>\n<link rel=\"canonical\" href=\"https:\/\/www.iqh-institut.de\/en\/bildung\/\" \/>\n<meta property=\"og:locale\" content=\"en_US\" \/>\n<meta property=\"og:type\" content=\"article\" \/>\n<meta property=\"og:title\" content=\"Bildung - IQH Institut\" \/>\n<meta property=\"og:description\" content=\"Bildung In der Fort- und Weiterbildung konzentriert sich das IQH auf Zielgruppen, die direkt oder indirekt an der Erbringung von Pflege- und Betreuungsdienstleistungen in der h\u00e4uslichen Versorgung beteiligt sind. Das IQH konzipiert, vertreibt und organisiert entgeltliche und unentgeltliche Fort- und Weiterbildungsangebote wendet sich an Betreuungspersonen, examinierte und nicht-examinierte Pflegekr\u00e4fte, Ehrenamtliche, Angeh\u00f6rige und Pflegebetroffene entwickelt daf\u00fcr [&hellip;]\" \/>\n<meta property=\"og:url\" content=\"https:\/\/www.iqh-institut.de\/en\/bildung\/\" \/>\n<meta property=\"og:site_name\" content=\"IQH Institut\" \/>\n<meta property=\"article:modified_time\" content=\"2024-10-10T10:23:03+00:00\" \/>\n<meta name=\"twitter:card\" content=\"summary_large_image\" \/>\n<meta name=\"twitter:label1\" content=\"Est. reading time\" \/>\n\t<meta name=\"twitter:data1\" content=\"7 minutes\" \/>\n<script type=\"application\/ld+json\" class=\"yoast-schema-graph\">{\"@context\":\"https:\/\/schema.org\",\"@graph\":[{\"@type\":\"WebPage\",\"@id\":\"https:\/\/www.iqh-institut.de\/bildung\/\",\"url\":\"https:\/\/www.iqh-institut.de\/bildung\/\",\"name\":\"Bildung - IQH Institut\",\"isPartOf\":{\"@id\":\"https:\/\/www.iqh-institut.de\/#website\"},\"datePublished\":\"2018-11-05T11:13:48+00:00\",\"dateModified\":\"2024-10-10T10:23:03+00:00\",\"breadcrumb\":{\"@id\":\"https:\/\/www.iqh-institut.de\/bildung\/#breadcrumb\"},\"inLanguage\":\"en-US\",\"potentialAction\":[{\"@type\":\"ReadAction\",\"target\":[\"https:\/\/www.iqh-institut.de\/bildung\/\"]}]},{\"@type\":\"BreadcrumbList\",\"@id\":\"https:\/\/www.iqh-institut.de\/bildung\/#breadcrumb\",\"itemListElement\":[{\"@type\":\"ListItem\",\"position\":1,\"name\":\"Startseite\",\"item\":\"https:\/\/www.iqh-institut.de\/\"},{\"@type\":\"ListItem\",\"position\":2,\"name\":\"Bildung\"}]},{\"@type\":\"WebSite\",\"@id\":\"https:\/\/www.iqh-institut.de\/#website\",\"url\":\"https:\/\/www.iqh-institut.de\/\",\"name\":\"IQH Institut\",\"description\":\"Internationale Akademie f\u00fcr Betreuung und Pflege\",\"publisher\":{\"@id\":\"https:\/\/www.iqh-institut.de\/#organization\"},\"potentialAction\":[{\"@type\":\"SearchAction\",\"target\":{\"@type\":\"EntryPoint\",\"urlTemplate\":\"https:\/\/www.iqh-institut.de\/?s={search_term_string}\"},\"query-input\":\"required name=search_term_string\"}],\"inLanguage\":\"en-US\"},{\"@type\":\"Organization\",\"@id\":\"https:\/\/www.iqh-institut.de\/#organization\",\"name\":\"IABP\",\"url\":\"https:\/\/www.iqh-institut.de\/\",\"logo\":{\"@type\":\"ImageObject\",\"inLanguage\":\"en-US\",\"@id\":\"https:\/\/www.iqh-institut.de\/#\/schema\/logo\/image\/\",\"url\":\"https:\/\/www.iqh-institut.de\/wp-content\/uploads\/2017\/03\/logo-1.jpg\",\"contentUrl\":\"https:\/\/www.iqh-institut.de\/wp-content\/uploads\/2017\/03\/logo-1.jpg\",\"width\":1500,\"height\":1500,\"caption\":\"IABP\"},\"image\":{\"@id\":\"https:\/\/www.iqh-institut.de\/#\/schema\/logo\/image\/\"}}]}<\/script>\n<!-- \/ Yoast SEO plugin. -->","yoast_head_json":{"title":"Education - IQH Institute","robots":{"index":"index","follow":"follow","max-snippet":"max-snippet:-1","max-image-preview":"max-image-preview:large","max-video-preview":"max-video-preview:-1"},"canonical":"https:\/\/www.iqh-institut.de\/en\/bildung\/","og_locale":"en_US","og_type":"article","og_title":"Bildung - IQH Institut","og_description":"Bildung In der Fort- und Weiterbildung konzentriert sich das IQH auf Zielgruppen, die direkt oder indirekt an der Erbringung von Pflege- und Betreuungsdienstleistungen in der h\u00e4uslichen Versorgung beteiligt sind. Das IQH konzipiert, vertreibt und organisiert entgeltliche und unentgeltliche Fort- und Weiterbildungsangebote wendet sich an Betreuungspersonen, examinierte und nicht-examinierte Pflegekr\u00e4fte, Ehrenamtliche, Angeh\u00f6rige und Pflegebetroffene entwickelt daf\u00fcr [&hellip;]","og_url":"https:\/\/www.iqh-institut.de\/en\/bildung\/","og_site_name":"IQH Institut","article_modified_time":"2024-10-10T10:23:03+00:00","twitter_card":"summary_large_image","twitter_misc":{"Est. reading time":"7 minutes"},"schema":{"@context":"https:\/\/schema.org","@graph":[{"@type":"WebPage","@id":"https:\/\/www.iqh-institut.de\/bildung\/","url":"https:\/\/www.iqh-institut.de\/bildung\/","name":"Education - IQH Institute","isPartOf":{"@id":"https:\/\/www.iqh-institut.de\/#website"},"datePublished":"2018-11-05T11:13:48+00:00","dateModified":"2024-10-10T10:23:03+00:00","breadcrumb":{"@id":"https:\/\/www.iqh-institut.de\/bildung\/#breadcrumb"},"inLanguage":"en-US","potentialAction":[{"@type":"ReadAction","target":["https:\/\/www.iqh-institut.de\/bildung\/"]}]},{"@type":"BreadcrumbList","@id":"https:\/\/www.iqh-institut.de\/bildung\/#breadcrumb","itemListElement":[{"@type":"ListItem","position":1,"name":"Startseite","item":"https:\/\/www.iqh-institut.de\/"},{"@type":"ListItem","position":2,"name":"Bildung"}]},{"@type":"WebSite","@id":"https:\/\/www.iqh-institut.de\/#website","url":"https:\/\/www.iqh-institut.de\/","name":"IQH Institute","description":"International Academy for Care and Nursing","publisher":{"@id":"https:\/\/www.iqh-institut.de\/#organization"},"potentialAction":[{"@type":"SearchAction","target":{"@type":"EntryPoint","urlTemplate":"https:\/\/www.iqh-institut.de\/?s={search_term_string}"},"query-input":"required name=search_term_string"}],"inLanguage":"en-US"},{"@type":"Organization","@id":"https:\/\/www.iqh-institut.de\/#organization","name":"IABP","url":"https:\/\/www.iqh-institut.de\/","logo":{"@type":"ImageObject","inLanguage":"en-US","@id":"https:\/\/www.iqh-institut.de\/#\/schema\/logo\/image\/","url":"https:\/\/www.iqh-institut.de\/wp-content\/uploads\/2017\/03\/logo-1.jpg","contentUrl":"https:\/\/www.iqh-institut.de\/wp-content\/uploads\/2017\/03\/logo-1.jpg","width":1500,"height":1500,"caption":"IABP"},"image":{"@id":"https:\/\/www.iqh-institut.de\/#\/schema\/logo\/image\/"}}]}},"lang":"de","translations":{"de":3244},"_links":{"self":[{"href":"https:\/\/www.iqh-institut.de\/en\/wp-json\/wp\/v2\/pages\/3244"}],"collection":[{"href":"https:\/\/www.iqh-institut.de\/en\/wp-json\/wp\/v2\/pages"}],"about":[{"href":"https:\/\/www.iqh-institut.de\/en\/wp-json\/wp\/v2\/types\/page"}],"author":[{"embeddable":true,"href":"https:\/\/www.iqh-institut.de\/en\/wp-json\/wp\/v2\/users\/2"}],"replies":[{"embeddable":true,"href":"https:\/\/www.iqh-institut.de\/en\/wp-json\/wp\/v2\/comments?post=3244"}],"version-history":[{"count":21,"href":"https:\/\/www.iqh-institut.de\/en\/wp-json\/wp\/v2\/pages\/3244\/revisions"}],"predecessor-version":[{"id":11508,"href":"https:\/\/www.iqh-institut.de\/en\/wp-json\/wp\/v2\/pages\/3244\/revisions\/11508"}],"wp:attachment":[{"href":"https:\/\/www.iqh-institut.de\/en\/wp-json\/wp\/v2\/media?parent=3244"}],"curies":[{"name":"wp","href":"https:\/\/api.w.org\/{rel}","templated":true}]}}