{"id":3236,"date":"2018-11-05T12:11:19","date_gmt":"2018-11-05T11:11:19","guid":{"rendered":"https:\/\/www.iqh-institut.de\/?page_id=3236"},"modified":"2021-05-09T05:44:02","modified_gmt":"2021-05-09T03:44:02","slug":"startseite","status":"publish","type":"page","link":"https:\/\/www.iqh-institut.de\/","title":{"rendered":"Home page"},"content":{"rendered":"<p>[et_pb_section fb_built=\u201d1\u2033 _builder_version=\u201d3.22\u2033][et_pb_row _builder_version=\u201d3.25\u2033 background_size=\u201dinitial\u201d background_position=\u201dtop_left\u201d background_repeat=\u201drepeat\u201d][et_pb_column type=\u201d4_4\u2033 _builder_version=\u201d3.25\u2033 custom_padding=\u201d|||\u201d custom_padding__hover=\u201d|||\u201d][et_pb_text admin_label=\u201dText h1: Institutional quality and innovation\u201d _builder_version=\u201d3.27.4\u2033]<\/p>\n<h1>Institute for Quality and Innovation in Home Care (iQH)<\/h1>\n<p>[\/et_pb_text][et_pb_text admin_label=\u201dText: Description of the IQH\u201d _builder_version=\u201d3.27.4\u2033]... was founded in 2018 by 4 professors at the Berufsakademie f\u00fcr Gesundheits- und Sozialwesen Saarland, based in Saarbr\u00fccken and Quierschied, in cooperation with selected regional and nationally active partners in the healthcare industry, especially in the field of home care and support.<\/p>\n<p>The task of the IQH is the conception and implementation of practical research and further training in the context of home care for old, sick and disabled people.<\/p>\n<p>Learn more about the here <a href=\"https:\/\/www.iqh-institut.de\/ziele\/\"><u>Goals of the IQH<\/u><\/a> and the one behind <a href=\"https:\/\/www.iqh-institut.de\/team\/\"><u>team<\/u><\/a>\u00a0and our <span style=\"text-decoration: underline;\"><a href=\"https:\/\/www.iqh-institut.de\/kooperationspartner\/\">cooperation partner<\/a><\/span>. Also, we keep details current <a href=\"https:\/\/www.iqh-institut.de\/forschung\/\"><u>research projects<\/u><\/a>\u00a0and to the constantly growing <a href=\"https:\/\/www.iqh-institut.de\/bildung\/\"><u>Educational offer of the IQH<\/u><\/a> ready for you.<\/p>\n<p>If you attend one of our <a href=\"https:\/\/www.iqh-institut.de\/publikationen\/\"><u>publications<\/u><\/a> are interested, you can either download them free of charge in our <a href=\"https:\/\/www.iqh-institut.de\/publikationen\/\"><u>download area<\/u><\/a> download or you <a href=\"https:\/\/www.iqh-institut.de\/kontakt\/\"><u>to contact<\/u><\/a> just us.<\/p>\n<p>If you are interested in working with the IQH in the field of research or education in the home care of old, sick or disabled people, please contact us directly <a href=\"https:\/\/www.iqh-institut.de\/kontakt\/\"><u>Contact<\/u><\/a> up with us.<br \/>\n[\/et_pb_text][\/et_pb_column][\/et_pb_row][\/et_pb_section]<\/p>","protected":false},"excerpt":{"rendered":"<p>Institute for Quality and Innovation in Home Care (iQH) ... was founded in 2018 by 4 professors at the Berufsakademie f\u00fcr Gesundheits- und Sozialwesen Saarland, based in Saarbr\u00fccken and Quierschied, in cooperation with selected regional and nationally active partners in the healthcare industry, especially in the field of home care and support. The IQH's mission is [...]<\/p>","protected":false},"author":2,"featured_media":0,"parent":0,"menu_order":0,"comment_status":"closed","ping_status":"closed","template":"","meta":{"_et_pb_use_builder":"on","_et_pb_old_content":"[et_pb_section bb_built=\"1\"][et_pb_row][et_pb_column type=\"4_4\"][et_pb_text admin_label=\"Text h1: Institutionelle Qualit\u00e4t und Innovation\" _builder_version=\"3.12.1\"]\r\n<h1>Institut f\u00fcr Qualit\u00e4t und Innovation in der h\u00e4uslichen Versorgung (iQH)<\/h1>\r\n[\/et_pb_text][et_pb_text admin_label=\"Text: Beschreibung des IQH\" _builder_version=\"3.19\"]\r\n\r\n\u2026 wurde in 2018 von 4 Professoren an der Berufsakademie f\u00fcr Gesundheits- und Sozialwesen Saarland mit Sitz in Saarbr\u00fccken und Quierschied gegr\u00fcndet, in Kooperation mit ausgew\u00e4hlten regionalen und bundesweit aktiven Partnern der Gesundheitswirtschaft, insb. im Bereich der h\u00e4uslichen Pflege und Betreuung.\r\n\r\nAuftrag des IQH ist die Konzeption und Durchf\u00fchrung praxisnaher Forschung und Weiterbildung im Kontext der h\u00e4uslichen Versorgung alter, kranker und behinderter Menschen.\r\n\r\nErfahren Sie hier mehr \u00fcber die <a href=\"https:\/\/www.iqh-institut.de\/ziele\/\"><u>Ziele des IQH<\/u><\/a> und das dahinterstehende <a href=\"https:\/\/www.iqh-institut.de\/team\/\"><u>Team<\/u><\/a>\u00a0und unsere <span style=\"text-decoration: underline;\"><a href=\"https:\/\/www.iqh-institut.de\/kooperationspartner\/\">Kooperationspartner<\/a><\/span>. Au\u00dferdem halten wir Details zu aktuellen <a href=\"https:\/\/www.iqh-institut.de\/forschung\/\"><u>Forschungsprojekten<\/u><\/a>\u00a0und zum stetig wachsenden <a href=\"https:\/\/www.iqh-institut.de\/bildung\/\"><u>Bildungsangebot des IQH<\/u><\/a> f\u00fcr Sie bereit.\r\n\r\nWenn Sie an einer unserer <a href=\"https:\/\/www.iqh-institut.de\/publikationen\/\"><u>Publikationen<\/u><\/a> interessiert sind, k\u00f6nnen Sie diese entweder kostenfrei in unserem <a href=\"https:\/\/www.iqh-institut.de\/publikationen\/\"><u>Download-Bereich<\/u><\/a> herunter laden oder Sie <a href=\"https:\/\/www.iqh-institut.de\/kontakt\/\"><u>kontaktieren<\/u><\/a> uns einfach.\r\n\r\nWenn Sie Interesse an einer Zusammenarbeit mit dem IQH im Bereich Forschung oder Bildung in der h\u00e4uslichen Versorgung alter, kranker und behinderter Menschen haben, nehmen Sie bitte direkt <a href=\"https:\/\/www.iqh-institut.de\/kontakt\/\"><u>Kontakt<\/u><\/a> mit uns auf.\r\n\r\n[\/et_pb_text][\/et_pb_column][\/et_pb_row][\/et_pb_section]","_et_gb_content_width":""},"acf":[],"yoast_head":"<!-- This site is optimized with the Yoast SEO plugin v20.5 - https:\/\/yoast.com\/wordpress\/plugins\/seo\/ -->\n<title>Startseite - IQH Institut<\/title>\n<meta name=\"robots\" content=\"index, follow, max-snippet:-1, max-image-preview:large, max-video-preview:-1\" \/>\n<link rel=\"canonical\" href=\"https:\/\/www.iqh-institut.de\/en\/\" \/>\n<meta property=\"og:locale\" content=\"en_US\" \/>\n<meta property=\"og:type\" content=\"article\" \/>\n<meta property=\"og:title\" content=\"Startseite - IQH Institut\" \/>\n<meta property=\"og:description\" content=\"Institut f\u00fcr Qualit\u00e4t und Innovation in der h\u00e4uslichen Versorgung (iQH) \u2026 wurde in 2018 von 4 Professoren an der Berufsakademie f\u00fcr Gesundheits- und Sozialwesen Saarland mit Sitz in Saarbr\u00fccken und Quierschied gegr\u00fcndet, in Kooperation mit ausgew\u00e4hlten regionalen und bundesweit aktiven Partnern der Gesundheitswirtschaft, insb. im Bereich der h\u00e4uslichen Pflege und Betreuung. Auftrag des IQH ist [&hellip;]\" \/>\n<meta property=\"og:url\" content=\"https:\/\/www.iqh-institut.de\/en\/\" \/>\n<meta property=\"og:site_name\" content=\"IQH Institut\" \/>\n<meta property=\"article:modified_time\" content=\"2021-05-09T03:44:02+00:00\" \/>\n<meta name=\"twitter:card\" content=\"summary_large_image\" \/>\n<meta name=\"twitter:label1\" content=\"Est. reading time\" \/>\n\t<meta name=\"twitter:data1\" content=\"1 minute\" \/>\n<script type=\"application\/ld+json\" class=\"yoast-schema-graph\">{\"@context\":\"https:\/\/schema.org\",\"@graph\":[{\"@type\":\"WebPage\",\"@id\":\"https:\/\/www.iqh-institut.de\/\",\"url\":\"https:\/\/www.iqh-institut.de\/\",\"name\":\"Startseite - IQH Institut\",\"isPartOf\":{\"@id\":\"https:\/\/www.iqh-institut.de\/#website\"},\"datePublished\":\"2018-11-05T11:11:19+00:00\",\"dateModified\":\"2021-05-09T03:44:02+00:00\",\"breadcrumb\":{\"@id\":\"https:\/\/www.iqh-institut.de\/#breadcrumb\"},\"inLanguage\":\"en-US\",\"potentialAction\":[{\"@type\":\"ReadAction\",\"target\":[\"https:\/\/www.iqh-institut.de\/\"]}]},{\"@type\":\"BreadcrumbList\",\"@id\":\"https:\/\/www.iqh-institut.de\/#breadcrumb\",\"itemListElement\":[{\"@type\":\"ListItem\",\"position\":1,\"name\":\"Startseite\",\"item\":\"https:\/\/www.iqh-institut.de\/\"},{\"@type\":\"ListItem\",\"position\":2,\"name\":\"Startseite\"}]},{\"@type\":\"WebSite\",\"@id\":\"https:\/\/www.iqh-institut.de\/#website\",\"url\":\"https:\/\/www.iqh-institut.de\/\",\"name\":\"IQH Institut\",\"description\":\"Internationale Akademie f\u00fcr Betreuung und Pflege\",\"publisher\":{\"@id\":\"https:\/\/www.iqh-institut.de\/#organization\"},\"potentialAction\":[{\"@type\":\"SearchAction\",\"target\":{\"@type\":\"EntryPoint\",\"urlTemplate\":\"https:\/\/www.iqh-institut.de\/?s={search_term_string}\"},\"query-input\":\"required name=search_term_string\"}],\"inLanguage\":\"en-US\"},{\"@type\":\"Organization\",\"@id\":\"https:\/\/www.iqh-institut.de\/#organization\",\"name\":\"IABP\",\"url\":\"https:\/\/www.iqh-institut.de\/\",\"logo\":{\"@type\":\"ImageObject\",\"inLanguage\":\"en-US\",\"@id\":\"https:\/\/www.iqh-institut.de\/#\/schema\/logo\/image\/\",\"url\":\"https:\/\/www.iqh-institut.de\/wp-content\/uploads\/2017\/03\/logo-1.jpg\",\"contentUrl\":\"https:\/\/www.iqh-institut.de\/wp-content\/uploads\/2017\/03\/logo-1.jpg\",\"width\":1500,\"height\":1500,\"caption\":\"IABP\"},\"image\":{\"@id\":\"https:\/\/www.iqh-institut.de\/#\/schema\/logo\/image\/\"}}]}<\/script>\n<!-- \/ Yoast SEO plugin. -->","yoast_head_json":{"title":"Home - IQH Institute","robots":{"index":"index","follow":"follow","max-snippet":"max-snippet:-1","max-image-preview":"max-image-preview:large","max-video-preview":"max-video-preview:-1"},"canonical":"https:\/\/www.iqh-institut.de\/en\/","og_locale":"en_US","og_type":"article","og_title":"Startseite - IQH Institut","og_description":"Institut f\u00fcr Qualit\u00e4t und Innovation in der h\u00e4uslichen Versorgung (iQH) \u2026 wurde in 2018 von 4 Professoren an der Berufsakademie f\u00fcr Gesundheits- und Sozialwesen Saarland mit Sitz in Saarbr\u00fccken und Quierschied gegr\u00fcndet, in Kooperation mit ausgew\u00e4hlten regionalen und bundesweit aktiven Partnern der Gesundheitswirtschaft, insb. im Bereich der h\u00e4uslichen Pflege und Betreuung. Auftrag des IQH ist [&hellip;]","og_url":"https:\/\/www.iqh-institut.de\/en\/","og_site_name":"IQH Institut","article_modified_time":"2021-05-09T03:44:02+00:00","twitter_card":"summary_large_image","twitter_misc":{"Est. reading time":"1 minute"},"schema":{"@context":"https:\/\/schema.org","@graph":[{"@type":"WebPage","@id":"https:\/\/www.iqh-institut.de\/","url":"https:\/\/www.iqh-institut.de\/","name":"Home - IQH Institute","isPartOf":{"@id":"https:\/\/www.iqh-institut.de\/#website"},"datePublished":"2018-11-05T11:11:19+00:00","dateModified":"2021-05-09T03:44:02+00:00","breadcrumb":{"@id":"https:\/\/www.iqh-institut.de\/#breadcrumb"},"inLanguage":"en-US","potentialAction":[{"@type":"ReadAction","target":["https:\/\/www.iqh-institut.de\/"]}]},{"@type":"BreadcrumbList","@id":"https:\/\/www.iqh-institut.de\/#breadcrumb","itemListElement":[{"@type":"ListItem","position":1,"name":"Startseite","item":"https:\/\/www.iqh-institut.de\/"},{"@type":"ListItem","position":2,"name":"Startseite"}]},{"@type":"WebSite","@id":"https:\/\/www.iqh-institut.de\/#website","url":"https:\/\/www.iqh-institut.de\/","name":"IQH Institute","description":"International Academy for Care and Nursing","publisher":{"@id":"https:\/\/www.iqh-institut.de\/#organization"},"potentialAction":[{"@type":"SearchAction","target":{"@type":"EntryPoint","urlTemplate":"https:\/\/www.iqh-institut.de\/?s={search_term_string}"},"query-input":"required name=search_term_string"}],"inLanguage":"en-US"},{"@type":"Organization","@id":"https:\/\/www.iqh-institut.de\/#organization","name":"IABP","url":"https:\/\/www.iqh-institut.de\/","logo":{"@type":"ImageObject","inLanguage":"en-US","@id":"https:\/\/www.iqh-institut.de\/#\/schema\/logo\/image\/","url":"https:\/\/www.iqh-institut.de\/wp-content\/uploads\/2017\/03\/logo-1.jpg","contentUrl":"https:\/\/www.iqh-institut.de\/wp-content\/uploads\/2017\/03\/logo-1.jpg","width":1500,"height":1500,"caption":"IABP"},"image":{"@id":"https:\/\/www.iqh-institut.de\/#\/schema\/logo\/image\/"}}]}},"lang":"de","translations":{"de":3236,"pl":3542,"ru":7813,"ro":8079,"hr":8139},"_links":{"self":[{"href":"https:\/\/www.iqh-institut.de\/en\/wp-json\/wp\/v2\/pages\/3236"}],"collection":[{"href":"https:\/\/www.iqh-institut.de\/en\/wp-json\/wp\/v2\/pages"}],"about":[{"href":"https:\/\/www.iqh-institut.de\/en\/wp-json\/wp\/v2\/types\/page"}],"author":[{"embeddable":true,"href":"https:\/\/www.iqh-institut.de\/en\/wp-json\/wp\/v2\/users\/2"}],"replies":[{"embeddable":true,"href":"https:\/\/www.iqh-institut.de\/en\/wp-json\/wp\/v2\/comments?post=3236"}],"version-history":[{"count":10,"href":"https:\/\/www.iqh-institut.de\/en\/wp-json\/wp\/v2\/pages\/3236\/revisions"}],"predecessor-version":[{"id":7055,"href":"https:\/\/www.iqh-institut.de\/en\/wp-json\/wp\/v2\/pages\/3236\/revisions\/7055"}],"wp:attachment":[{"href":"https:\/\/www.iqh-institut.de\/en\/wp-json\/wp\/v2\/media?parent=3236"}],"curies":[{"name":"wp","href":"https:\/\/api.w.org\/{rel}","templated":true}]}}