{"id":3238,"date":"2018-11-05T12:13:07","date_gmt":"2018-11-05T11:13:07","guid":{"rendered":"https:\/\/www.iqh-institut.de\/?page_id=3238"},"modified":"2018-11-05T12:22:45","modified_gmt":"2018-11-05T11:22:45","slug":"ziele","status":"publish","type":"page","link":"https:\/\/www.iqh-institut.de\/bg\/ziele\/","title":{"rendered":"\u0446\u0435\u043b\u0438"},"content":{"rendered":"<p>[et_pb_section bb_built=&#8221;1&#8243;][et_pb_row][et_pb_column type=&#8221;4_4&#8243;][et_pb_text admin_label=&#8221;Text h1: Ziele&#8221; _builder_version=&#8221;3.12.1&#8243;]<\/p>\n<h1>\u0446\u0435\u043b\u0438<\/h1>\n<p>[\/et_pb_text][et_pb_text admin_label=&#8221;Text: Beschreibung der Ziele&#8221; _builder_version=&#8221;3.12.1&#8243;]<\/p>\n<p>(1) \u0418\u043d\u0441\u0442\u0438\u0442\u0443\u0442\u044a\u0442 \u0437\u0430 \u043a\u0430\u0447\u0435\u0441\u0442\u0432\u043e \u0438 \u0438\u043d\u043e\u0432\u0430\u0446\u0438\u0438 \u0432\u044a\u0432 \u0432\u044a\u0442\u0440\u0435\u0448\u043d\u043e\u0442\u043e \u0441\u043d\u0430\u0431\u0434\u044f\u0432\u0430\u043d\u0435 gGmbH (IQH) \u043f\u0440\u0435\u0441\u043b\u0435\u0434\u0432\u0430 \u0438\u0437\u043a\u043b\u044e\u0447\u0438\u0442\u0435\u043b\u043d\u043e \u0438 \u043f\u0440\u044f\u043a\u043e \u0431\u043b\u0430\u0433\u043e\u0442\u0432\u043e\u0440\u0438\u0442\u0435\u043b\u043d\u0438 \u0446\u0435\u043b\u0438 \u043f\u043e \u0441\u043c\u0438\u0441\u044a\u043b\u0430 \u043d\u0430 \u0440\u0430\u0437\u0434\u0435\u043b\u0430 \u201e\u0414\u0430\u043d\u044a\u0447\u043d\u0438 \u043f\u0440\u0438\u0432\u0438\u043b\u0435\u0433\u0438\u0440\u043e\u0432\u0430\u043d\u0438 \u0446\u0435\u043b\u0438\u201c \u043e\u0442 \u0424\u0438\u0441\u043a\u0430\u043b\u043d\u0438\u044f \u043a\u043e\u0434\u0435\u043a\u0441.<\/p>\n<p>(2) \u0426\u0435\u043b\u0442\u0430 \u043d\u0430 \u043a\u043e\u043c\u043f\u0430\u043d\u0438\u044f\u0442\u0430 \u0435 \u0434\u0430 \u043d\u0430\u0441\u044a\u0440\u0447\u0430\u0432\u0430 \u043d\u0430\u0443\u043a\u0430\u0442\u0430 \u0438 \u0438\u0437\u0441\u043b\u0435\u0434\u0432\u0430\u043d\u0438\u044f\u0442\u0430, \u0433\u0440\u0438\u0436\u0438\u0442\u0435 \u0437\u0430 \u0432\u044a\u0437\u0440\u0430\u0441\u0442\u043d\u0438 \u0445\u043e\u0440\u0430 \u0438 \u043f\u0440\u043e\u0444\u0435\u0441\u0438\u043e\u043d\u0430\u043b\u043d\u043e\u0442\u043e \u043e\u0431\u0443\u0447\u0435\u043d\u0438\u0435 \u043f\u043e \u0441\u043c\u0438\u0441\u044a\u043b\u0430 \u043d\u0430 \u0440\u0430\u0437\u0434\u0435\u043b 52 (2) \u2116 1, 4 \u0438 7 AO. \u041e\u0441\u044a\u0437\u043d\u0430\u0432\u0430\u0439\u043a\u0438 \u0433\u043e\u043b\u044f\u043c\u043e\u0442\u043e \u0437\u043d\u0430\u0447\u0435\u043d\u0438\u0435 \u043d\u0430 \u043a\u0432\u0430\u043b\u0438\u0444\u0438\u0446\u0438\u0440\u0430\u043d\u0438\u0442\u0435 \u043f\u043e\u043c\u043e\u0449\u043d\u0438\u0446\u0438 \u0437\u0430 \u0441\u0442\u0430\u0440\u0438, \u0431\u043e\u043b\u043d\u0438 \u0438 \u0445\u043e\u0440\u0430 \u0441 \u0443\u0432\u0440\u0435\u0436\u0434\u0430\u043d\u0438\u044f, \u043e\u0431\u0449\u0435\u0441\u0442\u0432\u043e\u0442\u043e \u0434\u0435\u0439\u0441\u0442\u0432\u0430, \u043e\u0441\u043e\u0431\u0435\u043d\u043e \u0432 \u0442\u044f\u0445\u043d\u0430\u0442\u0430 \u0434\u043e\u043c\u0430\u0448\u043d\u0430 \u0441\u0440\u0435\u0434\u0430.<\/p>\n<p>(3) \u0422\u0430\u0437\u0438 \u0446\u0435\u043b \u043d\u0430 \u0443\u0441\u0442\u0430\u0432\u0430 \u0441\u0435 \u043e\u0441\u044a\u0449\u0435\u0441\u0442\u0432\u044f\u0432\u0430 \u043f\u043e-\u0441\u043f\u0435\u0446\u0438\u0430\u043b\u043d\u043e \u043a\u0430\u043a\u0442\u043e \u0441\u043b\u0435\u0434\u0432\u0430 - IQH<\/p>\n<p>[\/et_pb_text][et_pb_text admin_label=&#8221;Text: Bullet Points&#8221; _builder_version=&#8221;3.12.1&#8243;]<\/p>\n<ul>\n<li>\u041f\u0440\u043e\u0435\u043a\u0442\u0438\u0440\u0430 \u0438 \u043f\u0440\u0438\u043b\u0430\u0433\u0430 \u043f\u0440\u0430\u043a\u0442\u0438\u0447\u0435\u0441\u043a\u0438 \u0438\u0437\u0441\u043b\u0435\u0434\u0432\u0430\u043d\u0438\u044f \u0441 \u0446\u0435\u043b \u0433\u0435\u043d\u0435\u0440\u0438\u0440\u0430\u043d\u0435 \u043d\u0430 \u0437\u043d\u0430\u043d\u0438\u044f, \u043a\u043e\u0438\u0442\u043e \u0434\u043e\u043f\u0440\u0438\u043d\u0430\u0441\u044f\u0442 \u0437\u0430 \u0438\u043d\u043e\u0432\u0430\u0446\u0438\u0438\u0442\u0435 \u0438 \u0432\u0438\u0441\u043e\u043a\u043e\u0442\u043e \u043a\u0430\u0447\u0435\u0441\u0442\u0432\u043e \u0432 \u0434\u043e\u043c\u0430\u0448\u043d\u0438\u0442\u0435 \u0433\u0440\u0438\u0436\u0438 \u0437\u0430 \u0432\u044a\u0437\u0440\u0430\u0441\u0442\u043d\u0438, \u0431\u043e\u043b\u043d\u0438 \u0438 \u0445\u043e\u0440\u0430 \u0441 \u0443\u0432\u0440\u0435\u0436\u0434\u0430\u043d\u0438\u044f<\/li>\n<li>\u043f\u0440\u043e\u0435\u043a\u0442\u0438\u0440\u0430, \u043f\u0440\u043e\u0434\u0430\u0432\u0430 \u0438 \u043e\u0440\u0433\u0430\u043d\u0438\u0437\u0438\u0440\u0430 \u043f\u043b\u0430\u0442\u0435\u043d\u0438 \u0438 \u0431\u0435\u0437\u043f\u043b\u0430\u0442\u043d\u0438 \u043f\u0440\u0435\u0434\u043b\u043e\u0436\u0435\u043d\u0438\u044f \u0437\u0430 \u043e\u0431\u0443\u0447\u0435\u043d\u0438\u0435 \u0438 \u0434\u043e\u043f\u044a\u043b\u043d\u0438\u0442\u0435\u043b\u043d\u043e \u043e\u0431\u0440\u0430\u0437\u043e\u0432\u0430\u043d\u0438\u0435<\/li>\n<li>\u0435 \u043d\u0430\u0441\u043e\u0447\u0435\u043d \u043a\u044a\u043c \u0431\u043e\u043b\u043d\u043e\u0433\u043b\u0435\u0434\u0430\u0447\u0438, \u0440\u0435\u0433\u0438\u0441\u0442\u0440\u0438\u0440\u0430\u043d\u0438 \u0438 \u043d\u0435\u0440\u0435\u0433\u0438\u0441\u0442\u0440\u0438\u0440\u0430\u043d\u0438 \u043c\u0435\u0434\u0438\u0446\u0438\u043d\u0441\u043a\u0438 \u0441\u0435\u0441\u0442\u0440\u0438, \u0434\u043e\u0431\u0440\u043e\u0432\u043e\u043b\u0446\u0438, \u0440\u043e\u0434\u043d\u0438\u043d\u0438 \u0438 \u0437\u0430\u0441\u0435\u0433\u043d\u0430\u0442\u0438\u0442\u0435 \u043e\u0442 \u0433\u0440\u0438\u0436\u0438<\/li>\n<li>\u0440\u0430\u0437\u0440\u0430\u0431\u043e\u0442\u0432\u0430 \u043d\u043e\u0432\u0438 \u043e\u0431\u0440\u0430\u0437\u043e\u0432\u0430\u0442\u0435\u043b\u043d\u0438 \u0444\u043e\u0440\u043c\u0430\u0442\u0438 (\u0441\u043c\u0435\u0441\u0435\u043d\u043e \u043e\u0431\u0443\u0447\u0435\u043d\u0438\u0435) \u0447\u0440\u0435\u0437 \u0438\u0437\u043f\u043e\u043b\u0437\u0432\u0430\u043d\u0435 \u043d\u0430 \u0446\u0438\u0444\u0440\u043e\u0432\u0438 \u0442\u0435\u0445\u043d\u043e\u043b\u043e\u0433\u0438\u0438 \u0438 \u0438\u0437\u043a\u0443\u0441\u0442\u0432\u0435\u043d \u0438\u043d\u0442\u0435\u043b\u0435\u043a\u0442<\/li>\n<li>\u0440\u0430\u0431\u043e\u0442\u0438 \u043f\u043e \u0442\u0435\u043c\u0438\u0442\u0435 \u0437\u0430 \u0433\u0440\u0438\u0436\u0438, \u0441\u043f\u0435\u0446\u0438\u0430\u043b\u0438\u0437\u0438\u0440\u0430\u043d\u0438 \u0433\u0440\u0438\u0436\u0438, \u0441\u044a\u0432\u0435\u0442\u0438 \u0437\u0430 \u0433\u0440\u0438\u0436\u0438 \u0438 \u0437\u0434\u0440\u0430\u0432\u0435\u043d \u043c\u0435\u043d\u0438\u0434\u0436\u043c\u044a\u043d\u0442, \u043d\u0430\u0440\u0435\u0434 \u0441 \u0434\u0440\u0443\u0433\u0438 \u043d\u0435\u0449\u0430<\/li>\n<li>\u0433\u0430\u0440\u0430\u043d\u0442\u0438\u0440\u0430 \u043f\u0440\u0438\u0437\u043d\u0430\u0442\u043e \u0441\u0435\u0440\u0442\u0438\u0444\u0438\u0446\u0438\u0440\u0430\u043d\u0435 \u043d\u0430 \u0441\u0432\u043e\u0438\u0442\u0435 \u043e\u0431\u0440\u0430\u0437\u043e\u0432\u0430\u0442\u0435\u043b\u043d\u0438 \u043f\u0440\u0435\u0434\u043b\u043e\u0436\u0435\u043d\u0438\u044f<\/li>\n<li>\u043c\u0440\u0435\u0436\u0438 \u0441 \u043a\u043e\u043c\u043f\u0430\u043d\u0438\u0438 \u0438 \u0443\u043d\u0438\u0432\u0435\u0440\u0441\u0438\u0442\u0435\u0442\u0438 \u0432 \u0446\u044f\u043b\u0430 \u0415\u0432\u0440\u043e\u043f\u0430<\/li>\n<li>\u043f\u043e\u0434\u043a\u0440\u0435\u043f\u044f \u043f\u0440\u0438\u0435\u043c\u0430\u043d\u0435\u0442\u043e \u043d\u0430 \u0433\u0440\u0438\u0436\u0430 \u0432 \u0434\u043e\u043c\u0430\u0448\u043d\u0430\u0442\u0430 \u043e\u0431\u0449\u043d\u043e\u0441\u0442 \u0447\u0440\u0435\u0437 \u0441\u044a\u0431\u0438\u0442\u0438\u044f \u0438 \u0438\u0437\u0441\u043b\u0435\u0434\u043e\u0432\u0430\u0442\u0435\u043b\u0441\u043a\u0438 \u043f\u0440\u043e\u0435\u043a\u0442\u0438<\/li>\n<li>\u0434\u0430\u0432\u0430 \u0432\u044a\u0437\u043c\u043e\u0436\u043d\u043e\u0441\u0442 \u043d\u0430 \u0443\u0447\u0430\u0441\u0442\u0432\u0430\u0449\u0438\u0442\u0435 \u0432 \u0433\u0440\u0438\u0436\u0438\u0442\u0435 \u0432 \u0434\u043e\u043c\u0430\u0448\u043d\u0430\u0442\u0430 \u043e\u0431\u0449\u043d\u043e\u0441\u0442 \u0434\u0430 \u0434\u0435\u0439\u0441\u0442\u0432\u0430\u0442 \u0441\u043f\u0440\u0430\u0432\u0435\u0434\u043b\u0438\u0432\u043e \u0438 \u0443\u0441\u0442\u043e\u0439\u0447\u0438\u0432\u043e<\/li>\n<li>\u0438\u043d\u0444\u043e\u0440\u043c\u0438\u0440\u0430 \u043e\u0431\u0449\u0435\u0441\u0442\u0432\u0435\u043d\u043e\u0441\u0442\u0442\u0430 \u0438 \u0437\u0434\u0440\u0430\u0432\u043d\u0430\u0442\u0430 \u0438\u043d\u0434\u0443\u0441\u0442\u0440\u0438\u044f \u0447\u0440\u0435\u0437 \u043f\u0443\u0431\u043b\u0438\u043a\u0430\u0446\u0438\u0438 \u0438 \u0441\u044a\u0431\u0438\u0442\u0438\u044f<\/li>\n<\/ul>\n<p>[\/et_pb_text][\/et_pb_column][\/et_pb_row][\/et_pb_section]<\/p>","protected":false},"excerpt":{"rendered":"<p><div class=\"et_pb_row et_pb_row_0 et_pb_row_empty\">\n\t\t\t\t\n\t\t\t\t\n\t\t\t\t\n\t\t\t\t\n\t\t\t\t\n\t\t\t<\/div> Ziele (1) Das Institut f\u00fcr Qualit\u00e4t und Innovation in der h\u00e4uslichen Versorgung gGmbH (IQH) verfolgt ausschlie\u00dflich und unmittelbar gemeinn\u00fctzige Zwecke im Sinne des Abschnitts \u201eSteuerbeg\u00fcnstigte Zwecke\u201c der Abgabenordnung. (2) Zweck der Gesellschaft ist die F\u00f6rderung von Wissenschaft und Forschung, Altenhilfe und Berufsbildung im Sinne von \u00a7 52 Abs. 2 Nr. 1, 4 und 7 [&hellip;]<\/p>","protected":false},"author":2,"featured_media":0,"parent":0,"menu_order":0,"comment_status":"closed","ping_status":"closed","template":"","meta":{"_et_pb_use_builder":"on","_et_pb_old_content":"","_et_gb_content_width":""},"acf":[],"yoast_head":"<!-- This site is optimized with the Yoast SEO plugin v20.5 - https:\/\/yoast.com\/wordpress\/plugins\/seo\/ -->\n<title>Ziele - IQH Institut<\/title>\n<meta name=\"robots\" content=\"index, follow, max-snippet:-1, max-image-preview:large, max-video-preview:-1\" \/>\n<link rel=\"canonical\" href=\"https:\/\/www.iqh-institut.de\/bg\/ziele\/\" \/>\n<meta property=\"og:locale\" content=\"bg_BG\" \/>\n<meta property=\"og:type\" content=\"article\" \/>\n<meta property=\"og:title\" content=\"Ziele - IQH Institut\" \/>\n<meta property=\"og:description\" content=\"Ziele (1) Das Institut f\u00fcr Qualit\u00e4t und Innovation in der h\u00e4uslichen Versorgung gGmbH (IQH) verfolgt ausschlie\u00dflich und unmittelbar gemeinn\u00fctzige Zwecke im Sinne des Abschnitts \u201eSteuerbeg\u00fcnstigte Zwecke\u201c der Abgabenordnung. (2) Zweck der Gesellschaft ist die F\u00f6rderung von Wissenschaft und Forschung, Altenhilfe und Berufsbildung im Sinne von \u00a7 52 Abs. 2 Nr. 1, 4 und 7 [&hellip;]\" \/>\n<meta property=\"og:url\" content=\"https:\/\/www.iqh-institut.de\/bg\/ziele\/\" \/>\n<meta property=\"og:site_name\" content=\"IQH Institut\" \/>\n<meta property=\"article:modified_time\" content=\"2018-11-05T11:22:45+00:00\" \/>\n<meta name=\"twitter:card\" content=\"summary_large_image\" \/>\n<meta name=\"twitter:label1\" content=\"Est. reading time\" \/>\n\t<meta name=\"twitter:data1\" content=\"1 \u043c\u0438\u043d\u0443\u0442\u0430\" \/>\n<script type=\"application\/ld+json\" class=\"yoast-schema-graph\">{\"@context\":\"https:\/\/schema.org\",\"@graph\":[{\"@type\":\"WebPage\",\"@id\":\"https:\/\/www.iqh-institut.de\/ziele\/\",\"url\":\"https:\/\/www.iqh-institut.de\/ziele\/\",\"name\":\"Ziele - IQH Institut\",\"isPartOf\":{\"@id\":\"https:\/\/www.iqh-institut.de\/#website\"},\"datePublished\":\"2018-11-05T11:13:07+00:00\",\"dateModified\":\"2018-11-05T11:22:45+00:00\",\"breadcrumb\":{\"@id\":\"https:\/\/www.iqh-institut.de\/ziele\/#breadcrumb\"},\"inLanguage\":\"bg-BG\",\"potentialAction\":[{\"@type\":\"ReadAction\",\"target\":[\"https:\/\/www.iqh-institut.de\/ziele\/\"]}]},{\"@type\":\"BreadcrumbList\",\"@id\":\"https:\/\/www.iqh-institut.de\/ziele\/#breadcrumb\",\"itemListElement\":[{\"@type\":\"ListItem\",\"position\":1,\"name\":\"Startseite\",\"item\":\"https:\/\/www.iqh-institut.de\/\"},{\"@type\":\"ListItem\",\"position\":2,\"name\":\"Ziele\"}]},{\"@type\":\"WebSite\",\"@id\":\"https:\/\/www.iqh-institut.de\/#website\",\"url\":\"https:\/\/www.iqh-institut.de\/\",\"name\":\"IQH Institut\",\"description\":\"Internationale Akademie f\u00fcr Betreuung und Pflege\",\"publisher\":{\"@id\":\"https:\/\/www.iqh-institut.de\/#organization\"},\"potentialAction\":[{\"@type\":\"SearchAction\",\"target\":{\"@type\":\"EntryPoint\",\"urlTemplate\":\"https:\/\/www.iqh-institut.de\/?s={search_term_string}\"},\"query-input\":\"required name=search_term_string\"}],\"inLanguage\":\"bg-BG\"},{\"@type\":\"Organization\",\"@id\":\"https:\/\/www.iqh-institut.de\/#organization\",\"name\":\"IABP\",\"url\":\"https:\/\/www.iqh-institut.de\/\",\"logo\":{\"@type\":\"ImageObject\",\"inLanguage\":\"bg-BG\",\"@id\":\"https:\/\/www.iqh-institut.de\/#\/schema\/logo\/image\/\",\"url\":\"https:\/\/www.iqh-institut.de\/wp-content\/uploads\/2017\/03\/logo-1.jpg\",\"contentUrl\":\"https:\/\/www.iqh-institut.de\/wp-content\/uploads\/2017\/03\/logo-1.jpg\",\"width\":1500,\"height\":1500,\"caption\":\"IABP\"},\"image\":{\"@id\":\"https:\/\/www.iqh-institut.de\/#\/schema\/logo\/image\/\"}}]}<\/script>\n<!-- \/ Yoast SEO plugin. -->","yoast_head_json":{"title":"\u0426\u0435\u043b\u0438 - \u0418\u043d\u0441\u0442\u0438\u0442\u0443\u0442 IQH","robots":{"index":"index","follow":"follow","max-snippet":"max-snippet:-1","max-image-preview":"max-image-preview:large","max-video-preview":"max-video-preview:-1"},"canonical":"https:\/\/www.iqh-institut.de\/bg\/ziele\/","og_locale":"bg_BG","og_type":"article","og_title":"Ziele - IQH Institut","og_description":"Ziele (1) Das Institut f\u00fcr Qualit\u00e4t und Innovation in der h\u00e4uslichen Versorgung gGmbH (IQH) verfolgt ausschlie\u00dflich und unmittelbar gemeinn\u00fctzige Zwecke im Sinne des Abschnitts \u201eSteuerbeg\u00fcnstigte Zwecke\u201c der Abgabenordnung. (2) Zweck der Gesellschaft ist die F\u00f6rderung von Wissenschaft und Forschung, Altenhilfe und Berufsbildung im Sinne von \u00a7 52 Abs. 2 Nr. 1, 4 und 7 [&hellip;]","og_url":"https:\/\/www.iqh-institut.de\/bg\/ziele\/","og_site_name":"IQH Institut","article_modified_time":"2018-11-05T11:22:45+00:00","twitter_card":"summary_large_image","twitter_misc":{"Est. reading time":"1 \u043c\u0438\u043d\u0443\u0442\u0430"},"schema":{"@context":"https:\/\/schema.org","@graph":[{"@type":"WebPage","@id":"https:\/\/www.iqh-institut.de\/ziele\/","url":"https:\/\/www.iqh-institut.de\/ziele\/","name":"\u0426\u0435\u043b\u0438 - \u0418\u043d\u0441\u0442\u0438\u0442\u0443\u0442 IQH","isPartOf":{"@id":"https:\/\/www.iqh-institut.de\/#website"},"datePublished":"2018-11-05T11:13:07+00:00","dateModified":"2018-11-05T11:22:45+00:00","breadcrumb":{"@id":"https:\/\/www.iqh-institut.de\/ziele\/#breadcrumb"},"inLanguage":"bg-BG","potentialAction":[{"@type":"ReadAction","target":["https:\/\/www.iqh-institut.de\/ziele\/"]}]},{"@type":"BreadcrumbList","@id":"https:\/\/www.iqh-institut.de\/ziele\/#breadcrumb","itemListElement":[{"@type":"ListItem","position":1,"name":"Startseite","item":"https:\/\/www.iqh-institut.de\/"},{"@type":"ListItem","position":2,"name":"Ziele"}]},{"@type":"WebSite","@id":"https:\/\/www.iqh-institut.de\/#website","url":"https:\/\/www.iqh-institut.de\/","name":"\u0418\u043d\u0441\u0442\u0438\u0442\u0443\u0442 IQH","description":"\u041c\u0435\u0436\u0434\u0443\u043d\u0430\u0440\u043e\u0434\u043d\u0430 \u0430\u043a\u0430\u0434\u0435\u043c\u0438\u044f \u0437\u0430 \u0433\u0440\u0438\u0436\u0438 \u0438 \u0441\u0435\u0441\u0442\u0440\u0438\u043d\u0441\u043a\u0438 \u0433\u0440\u0438\u0436\u0438","publisher":{"@id":"https:\/\/www.iqh-institut.de\/#organization"},"potentialAction":[{"@type":"SearchAction","target":{"@type":"EntryPoint","urlTemplate":"https:\/\/www.iqh-institut.de\/?s={search_term_string}"},"query-input":"required name=search_term_string"}],"inLanguage":"bg-BG"},{"@type":"Organization","@id":"https:\/\/www.iqh-institut.de\/#organization","name":"IABP","url":"https:\/\/www.iqh-institut.de\/","logo":{"@type":"ImageObject","inLanguage":"bg-BG","@id":"https:\/\/www.iqh-institut.de\/#\/schema\/logo\/image\/","url":"https:\/\/www.iqh-institut.de\/wp-content\/uploads\/2017\/03\/logo-1.jpg","contentUrl":"https:\/\/www.iqh-institut.de\/wp-content\/uploads\/2017\/03\/logo-1.jpg","width":1500,"height":1500,"caption":"IABP"},"image":{"@id":"https:\/\/www.iqh-institut.de\/#\/schema\/logo\/image\/"}}]}},"lang":"de","translations":{"de":3238},"_links":{"self":[{"href":"https:\/\/www.iqh-institut.de\/bg\/wp-json\/wp\/v2\/pages\/3238"}],"collection":[{"href":"https:\/\/www.iqh-institut.de\/bg\/wp-json\/wp\/v2\/pages"}],"about":[{"href":"https:\/\/www.iqh-institut.de\/bg\/wp-json\/wp\/v2\/types\/page"}],"author":[{"embeddable":true,"href":"https:\/\/www.iqh-institut.de\/bg\/wp-json\/wp\/v2\/users\/2"}],"replies":[{"embeddable":true,"href":"https:\/\/www.iqh-institut.de\/bg\/wp-json\/wp\/v2\/comments?post=3238"}],"version-history":[{"count":4,"href":"https:\/\/www.iqh-institut.de\/bg\/wp-json\/wp\/v2\/pages\/3238\/revisions"}],"predecessor-version":[{"id":3270,"href":"https:\/\/www.iqh-institut.de\/bg\/wp-json\/wp\/v2\/pages\/3238\/revisions\/3270"}],"wp:attachment":[{"href":"https:\/\/www.iqh-institut.de\/bg\/wp-json\/wp\/v2\/media?parent=3238"}],"curies":[{"name":"wp","href":"https:\/\/api.w.org\/{rel}","templated":true}]}}